{"id":5292167,"date":"2026-01-16T17:18:03","date_gmt":"2026-01-16T15:18:03","guid":{"rendered":"https:\/\/gadgettravellers.eu\/shop\/100-mezze-lamette-da-barba-shark-saloon\/"},"modified":"2026-04-05T19:43:11","modified_gmt":"2026-04-05T17:43:11","slug":"100-mezze-lamette-da-barba-shark-saloon","status":"publish","type":"product","link":"https:\/\/gadgettravellers.eu\/it\/shop\/100-mezze-lamette-da-barba-shark-saloon\/","title":{"rendered":"100 mezze lamette da barba Shark Saloon"},"content":{"rendered":"<h2>100 mezze lamette da barba Shark Saloon<\/h2>\n<p>Le lamette da barba Shark Saloon rappresentano un&#8217;ottima scelta per chi cerca una rasatura tradizionale di alta qualit\u00e0. Queste lamette, spezzate a met\u00e0, sono particolarmente adatte per l&#8217;utilizzo in saloni e barbieri, cos\u00ec come per l&#8217;uso con rasoi a mano libera, come le shavette. <\/p>\n<p>Produttore:<br \/>\n<strong>LORD<\/strong><br \/>\nEgitto<\/p>\n<p>Quantit\u00e0 lamette in ogni pacchetto:<br \/>\n<strong>100 mezze lamette imbustate singolarmente in carta cerata.<\/strong><\/p>\n<p>La qualit\u00e0 delle lamette da barba \u00e8 un fattore determinante per una rasatura tradizionale efficace e confortevole. Le lamette Shark Saloon, prodotte da LORD, un&#8217;azienda con sede in Egitto, sono conosciute per la loro affilatura precisa e la loro durata. Ogni lametta \u00e8 imbustata singolarmente in carta cerata, garantendo cos\u00ec la massima igiene e una lunga conservazione.<\/p>\n<p>Le lamette da barba Shark Saloon offrono una soluzione affidabile per una rasatura tradizionale di alta qualit\u00e0. Prodotte in Egitto da LORD, queste lamette sono disponibili in un formato conveniente di 100 pezzi.<\/p>\n","protected":false},"excerpt":{"rendered":"<p>100 mezze lamette da barba Shark Saloon Le lamette da barba Shark Saloon rappresentano un&#8217;ottima scelta per chi cerca una rasatura tradizionale di alta qualit\u00e0. Queste lamette, spezzate a met\u00e0, sono particolarmente adatte per l&#8217;utilizzo in saloni e barbieri, cos\u00ec come per l&#8217;uso con rasoi a mano libera, come le shavette. Produttore: LORD Egitto Quantit\u00e0 [&hellip;]<\/p>\n","protected":false},"featured_media":65210,"comment_status":"closed","ping_status":"open","template":"","meta":[],"product_brand":[],"product_cat":[],"product_tag":[2068],"class_list":{"0":"post-5292167","1":"product","2":"type-product","3":"status-publish","4":"has-post-thumbnail","6":"product_tag-shark","8":"first","9":"onbackorder","10":"purchasable","11":"product-type-simple"},"jetpack_sharing_enabled":true,"_links":{"self":[{"href":"https:\/\/gadgettravellers.eu\/it\/wp-json\/wp\/v2\/product\/5292167","targetHints":{"allow":["GET"]}}],"collection":[{"href":"https:\/\/gadgettravellers.eu\/it\/wp-json\/wp\/v2\/product"}],"about":[{"href":"https:\/\/gadgettravellers.eu\/it\/wp-json\/wp\/v2\/types\/product"}],"replies":[{"embeddable":true,"href":"https:\/\/gadgettravellers.eu\/it\/wp-json\/wp\/v2\/comments?post=5292167"}],"wp:featuredmedia":[{"embeddable":true,"href":"https:\/\/gadgettravellers.eu\/it\/wp-json\/wp\/v2\/media\/65210"}],"wp:attachment":[{"href":"https:\/\/gadgettravellers.eu\/it\/wp-json\/wp\/v2\/media?parent=5292167"}],"wp:term":[{"taxonomy":"product_brand","embeddable":true,"href":"https:\/\/gadgettravellers.eu\/it\/wp-json\/wp\/v2\/product_brand?post=5292167"},{"taxonomy":"product_cat","embeddable":true,"href":"https:\/\/gadgettravellers.eu\/it\/wp-json\/wp\/v2\/product_cat?post=5292167"},{"taxonomy":"product_tag","embeddable":true,"href":"https:\/\/gadgettravellers.eu\/it\/wp-json\/wp\/v2\/product_tag?post=5292167"}],"curies":[{"name":"wp","href":"https:\/\/api.w.org\/{rel}","templated":true}]}}