{"id":5292168,"date":"2026-01-16T17:18:03","date_gmt":"2026-01-16T15:18:03","guid":{"rendered":"https:\/\/gadgettravellers.eu\/shop\/osma-shampoo-barba-naturale-200ml\/"},"modified":"2026-04-05T19:43:11","modified_gmt":"2026-04-05T17:43:11","slug":"osma-shampoo-barba-naturale-200ml","status":"publish","type":"product","link":"https:\/\/gadgettravellers.eu\/it\/shop\/osma-shampoo-barba-naturale-200ml\/","title":{"rendered":"Osma shampoo barba naturale 200ml"},"content":{"rendered":"<h2>Osma shampoo barba naturale 200ml<\/h2>\n<p><strong>SHAMPOO PER BARBA<\/strong><br \/>\n<strong>Lo shampoo da barba OSMA TRADITION, con il 98% di ingredienti di origine naturale, \u00e8 il tuo alleato per una barba sempre curata e lucente.<\/strong> La sua formula unica \u00e8 arricchita con <strong>acqua floreale di quercia<\/strong>, nota per le sue propriet\u00e0 astringenti, tonificanti e antisettiche, che proteggono la barba dagli agenti esterni. Gli <strong>estratti di legno di Panama<\/strong> contribuiscono a mantenere la barba morbida e in salute. <strong>La sua fragranza rinfrescante e rinvigorente ti avvolge in una sensazione di freschezza e pulizia.<\/strong><\/p>\n<p><strong>Modalit\u00e0 d&#8217;uso:<\/strong><br \/>\n<strong>Per una rasatura tradizionale perfetta, applica una piccola quantit\u00e0 di shampoo barba sulle mani<\/strong> e massaggia la barba con movimenti circolari, quindi risciacqua.<\/p>\n<p><strong>Precauzioni:<\/strong><br \/>\nQuesto prodotto \u00e8 destinato solo per uso esterno. Non ingerire. Evitare il contatto con gli occhi. Tenere fuori dalla portata dei bambini. Conservare lontano dalla luce diretta. La temperatura ideale di stoccaggio \u00e8 tra i 10\u00b0 e i 30\u00b0. Controllare la data di scadenza sul fondo del flacone.<\/p>\n<p><strong>Paese di produzione:<\/strong> Francia<br \/>\n<strong>Formato:<\/strong> 200ml<\/p>\n","protected":false},"excerpt":{"rendered":"<p>Osma shampoo barba naturale 200ml SHAMPOO PER BARBA Lo shampoo da barba OSMA TRADITION, con il 98% di ingredienti di origine naturale, \u00e8 il tuo alleato per una barba sempre curata e lucente. La sua formula unica \u00e8 arricchita con acqua floreale di quercia, nota per le sue propriet\u00e0 astringenti, tonificanti e antisettiche, che proteggono [&hellip;]<\/p>\n","protected":false},"featured_media":5284933,"comment_status":"closed","ping_status":"open","template":"","meta":[],"product_brand":[],"product_cat":[142233],"product_tag":[142301],"class_list":{"0":"post-5292168","1":"product","2":"type-product","3":"status-publish","4":"has-post-thumbnail","6":"product_cat-osma-tradition-3","7":"product_tag-osma-tradition","9":"first","10":"onbackorder","11":"purchasable","12":"product-type-simple"},"jetpack_sharing_enabled":true,"_links":{"self":[{"href":"https:\/\/gadgettravellers.eu\/it\/wp-json\/wp\/v2\/product\/5292168","targetHints":{"allow":["GET"]}}],"collection":[{"href":"https:\/\/gadgettravellers.eu\/it\/wp-json\/wp\/v2\/product"}],"about":[{"href":"https:\/\/gadgettravellers.eu\/it\/wp-json\/wp\/v2\/types\/product"}],"replies":[{"embeddable":true,"href":"https:\/\/gadgettravellers.eu\/it\/wp-json\/wp\/v2\/comments?post=5292168"}],"wp:featuredmedia":[{"embeddable":true,"href":"https:\/\/gadgettravellers.eu\/it\/wp-json\/wp\/v2\/media\/5284933"}],"wp:attachment":[{"href":"https:\/\/gadgettravellers.eu\/it\/wp-json\/wp\/v2\/media?parent=5292168"}],"wp:term":[{"taxonomy":"product_brand","embeddable":true,"href":"https:\/\/gadgettravellers.eu\/it\/wp-json\/wp\/v2\/product_brand?post=5292168"},{"taxonomy":"product_cat","embeddable":true,"href":"https:\/\/gadgettravellers.eu\/it\/wp-json\/wp\/v2\/product_cat?post=5292168"},{"taxonomy":"product_tag","embeddable":true,"href":"https:\/\/gadgettravellers.eu\/it\/wp-json\/wp\/v2\/product_tag?post=5292168"}],"curies":[{"name":"wp","href":"https:\/\/api.w.org\/{rel}","templated":true}]}}