{"id":5292172,"date":"2026-01-16T17:18:05","date_gmt":"2026-01-16T15:18:05","guid":{"rendered":"https:\/\/gadgettravellers.eu\/shop\/100-lamette-da-barba-shark-platinum\/"},"modified":"2026-04-05T19:43:13","modified_gmt":"2026-04-05T17:43:13","slug":"100-lamette-da-barba-shark-platinum","status":"publish","type":"product","link":"https:\/\/gadgettravellers.eu\/it\/shop\/100-lamette-da-barba-shark-platinum\/","title":{"rendered":"100 lamette da barba Shark Platinum"},"content":{"rendered":"<h2>100 lamette da barba Shark Platinum<\/h2>\n<p>Le lamette da barba Shark Platinum sono prodotte in Egitto da Lord Precision Industries, un&#8217;azienda conosciuta per la sua eccellenza nel campo della rasatura tradizionale. Queste lamette sono ideali per l&#8217;uso con rasoi di sicurezza e rasoi a mano libera, come le shavette. <\/p>\n<p>Il packaging delle Shark Platinum \u00e8 uno dei pi\u00f9 distintivi e retr\u00f2 disponibili sul mercato, rendendo queste lamette un&#8217;aggiunta unica alla tua routine di rasatura. Oltre al loro aspetto accattivante, le Shark Platinum sono anche lamette di alta qualit\u00e0, superando in termini di prestazioni le loro sorelle minori, le Shark Super Stainless.<\/p>\n<p>Uno dei punti di forza di queste lamette \u00e8 il loro ottimo rapporto qualit\u00e0-prezzo. Con 100 lamette per confezione, avrai a disposizione tutto ci\u00f2 di cui hai bisogno per una rasatura tradizionale di alta qualit\u00e0 per un lungo periodo di tempo.<\/p>\n<p><strong>Produttore:<\/strong> Lord Precision Industries, Egitto. Ogni pacchetto contiene <strong>5 lamette<\/strong> imbustate singolarmente in carta cerata, garantendo la loro integrit\u00e0 e la loro durata nel tempo.<\/p>\n<p><strong>Paese di produzione:<\/strong> Egitto<br \/>\n<strong>Formato:<\/strong> 100 lamette.<\/p>\n","protected":false},"excerpt":{"rendered":"<p>100 lamette da barba Shark Platinum Le lamette da barba Shark Platinum sono prodotte in Egitto da Lord Precision Industries, un&#8217;azienda conosciuta per la sua eccellenza nel campo della rasatura tradizionale. Queste lamette sono ideali per l&#8217;uso con rasoi di sicurezza e rasoi a mano libera, come le shavette. Il packaging delle Shark Platinum \u00e8 [&hellip;]<\/p>\n","protected":false},"featured_media":5284941,"comment_status":"closed","ping_status":"open","template":"","meta":[],"product_brand":[],"product_cat":[],"product_tag":[2068],"class_list":{"0":"post-5292172","1":"product","2":"type-product","3":"status-publish","4":"has-post-thumbnail","6":"product_tag-shark","8":"first","9":"onbackorder","10":"purchasable","11":"product-type-simple"},"jetpack_sharing_enabled":true,"_links":{"self":[{"href":"https:\/\/gadgettravellers.eu\/it\/wp-json\/wp\/v2\/product\/5292172","targetHints":{"allow":["GET"]}}],"collection":[{"href":"https:\/\/gadgettravellers.eu\/it\/wp-json\/wp\/v2\/product"}],"about":[{"href":"https:\/\/gadgettravellers.eu\/it\/wp-json\/wp\/v2\/types\/product"}],"replies":[{"embeddable":true,"href":"https:\/\/gadgettravellers.eu\/it\/wp-json\/wp\/v2\/comments?post=5292172"}],"wp:featuredmedia":[{"embeddable":true,"href":"https:\/\/gadgettravellers.eu\/it\/wp-json\/wp\/v2\/media\/5284941"}],"wp:attachment":[{"href":"https:\/\/gadgettravellers.eu\/it\/wp-json\/wp\/v2\/media?parent=5292172"}],"wp:term":[{"taxonomy":"product_brand","embeddable":true,"href":"https:\/\/gadgettravellers.eu\/it\/wp-json\/wp\/v2\/product_brand?post=5292172"},{"taxonomy":"product_cat","embeddable":true,"href":"https:\/\/gadgettravellers.eu\/it\/wp-json\/wp\/v2\/product_cat?post=5292172"},{"taxonomy":"product_tag","embeddable":true,"href":"https:\/\/gadgettravellers.eu\/it\/wp-json\/wp\/v2\/product_tag?post=5292172"}],"curies":[{"name":"wp","href":"https:\/\/api.w.org\/{rel}","templated":true}]}}