{"id":5292178,"date":"2026-01-16T17:18:07","date_gmt":"2026-01-16T15:18:07","guid":{"rendered":"https:\/\/gadgettravellers.eu\/shop\/the-goodfellas-smile-dopobarba-solo-100ml\/"},"modified":"2026-04-05T19:43:15","modified_gmt":"2026-04-05T17:43:15","slug":"the-goodfellas-smile-dopobarba-solo-100ml","status":"publish","type":"product","link":"https:\/\/gadgettravellers.eu\/it\/shop\/the-goodfellas-smile-dopobarba-solo-100ml\/","title":{"rendered":"The Goodfellas&#8217; smile dopobarba Solo 100ml"},"content":{"rendered":"<h2>The Goodfellas&#8217; smile dopobarba Solo 100ml<\/h2>\n<p>Solo, \u00e8 una delle pi\u00f9 apprezzate fragranze della linea <strong>The Goodfellas&#8217; smile<\/strong>. Una composizione audace e ricca di personalit\u00e0 che si apre con sfuggenti note di mandarino che si fondono con l&#8217;intensit\u00e0 del sandalo indiano. Solo, \u00e8 seducente e affascinante come gli uomini che la indossano<\/p>\n<p><strong>Piramide olfattiva:<\/strong><br \/>\nNote di testa: Agrumata, Mandarino, Limone, Eucaliptus<br \/>\nNote di cuore: Gelsomino, Mughetto, Gardenia, Salvia Sclarea<br \/>\nNote di fondo: Legnosa, Ambrata, Sandalo, Musk, Fava Tonka, Vetiver<\/p>\n<p>Questo Dopobarba unisce le propriet\u00e0 pi\u00f9 classiche dei dopobarba con la persistenza tipica dell\u2019 EAU de Parfum. Questo, grazie alla sua alta concentrazione di fragranza e alla tipica gradazione alcolica. Questi prodotti artigianali sono diversi dal solito. Libera la mente, versa sulle mani, applicalo su viso e collo e lascia iniziare il tuo nuovo viaggio sensoriale carico di sfumature.<\/p>\n<p><strong>Ingredients<\/strong>:  Alcohol Denat., Aqua (Water), Parfum (Fragrance), Polysorbate 20, PEG-40 Hydrogenated Castor Oil, Menthol, Dimethicone Copolyol, Tetrasodium EDTA, Linalool, Limonene.<\/p>\n<p>Formato: 100ml<\/p>\n<p>Made in Italy<\/p>\n","protected":false},"excerpt":{"rendered":"<p>The Goodfellas&#8217; smile dopobarba Solo 100ml Solo, \u00e8 una delle pi\u00f9 apprezzate fragranze della linea The Goodfellas&#8217; smile. Una composizione audace e ricca di personalit\u00e0 che si apre con sfuggenti note di mandarino che si fondono con l&#8217;intensit\u00e0 del sandalo indiano. Solo, \u00e8 seducente e affascinante come gli uomini che la indossano Piramide olfattiva: Note [&hellip;]<\/p>\n","protected":false},"featured_media":65255,"comment_status":"closed","ping_status":"open","template":"","meta":[],"product_brand":[],"product_cat":[142199],"product_tag":[142270],"class_list":{"0":"post-5292178","1":"product","2":"type-product","3":"status-publish","4":"has-post-thumbnail","6":"product_cat-the-goodfellas-smile-3","7":"product_tag-the-goodfellas-smile","9":"first","10":"onbackorder","11":"purchasable","12":"product-type-simple"},"jetpack_sharing_enabled":true,"_links":{"self":[{"href":"https:\/\/gadgettravellers.eu\/it\/wp-json\/wp\/v2\/product\/5292178","targetHints":{"allow":["GET"]}}],"collection":[{"href":"https:\/\/gadgettravellers.eu\/it\/wp-json\/wp\/v2\/product"}],"about":[{"href":"https:\/\/gadgettravellers.eu\/it\/wp-json\/wp\/v2\/types\/product"}],"replies":[{"embeddable":true,"href":"https:\/\/gadgettravellers.eu\/it\/wp-json\/wp\/v2\/comments?post=5292178"}],"wp:featuredmedia":[{"embeddable":true,"href":"https:\/\/gadgettravellers.eu\/it\/wp-json\/wp\/v2\/media\/65255"}],"wp:attachment":[{"href":"https:\/\/gadgettravellers.eu\/it\/wp-json\/wp\/v2\/media?parent=5292178"}],"wp:term":[{"taxonomy":"product_brand","embeddable":true,"href":"https:\/\/gadgettravellers.eu\/it\/wp-json\/wp\/v2\/product_brand?post=5292178"},{"taxonomy":"product_cat","embeddable":true,"href":"https:\/\/gadgettravellers.eu\/it\/wp-json\/wp\/v2\/product_cat?post=5292178"},{"taxonomy":"product_tag","embeddable":true,"href":"https:\/\/gadgettravellers.eu\/it\/wp-json\/wp\/v2\/product_tag?post=5292178"}],"curies":[{"name":"wp","href":"https:\/\/api.w.org\/{rel}","templated":true}]}}