{"id":5292201,"date":"2026-01-16T17:18:15","date_gmt":"2026-01-16T15:18:15","guid":{"rendered":"https:\/\/gadgettravellers.eu\/shop\/100-lamette-da-barba-dorco-platinum\/"},"modified":"2026-04-05T19:43:25","modified_gmt":"2026-04-05T17:43:25","slug":"100-lamette-da-barba-dorco-platinum","status":"publish","type":"product","link":"https:\/\/gadgettravellers.eu\/it\/shop\/100-lamette-da-barba-dorco-platinum\/","title":{"rendered":"100 lamette da barba Dorco Platinum"},"content":{"rendered":"<h2>100 lamette da barba Dorco Platinum<\/h2>\n<p>Le <strong>lamette da barba Dorco Primo Platinum Double Edge<\/strong> rappresentano l&#8217;eccellenza nel settore della rasatura tradizionale. Sono la scelta ideale per ogni uomo che ricerca un prodotto di alta qualit\u00e0 per la cura della propria barba. <\/p>\n<p>Realizzate con l&#8217;acciaio inox di migliore qualit\u00e0 e con la tecnologia pi\u00f9 avanzata attualmente disponibile sul mercato, le lamette Dorco ST-301 rappresentano un perfetto connubio tra tradizione e innovazione. Queste lamette sono un tributo alla storia della rasatura, ma allo stesso tempo rappresentano un passo avanti nel processo di produzione, segnando nuovi traguardi tecnologici.<\/p>\n<p>La micro precisione di queste lamette \u00e8 in grado di offrire la rasatura pi\u00f9 morbida possibile, rendendole ideali per ogni tipo di pelle e di barba. <\/p>\n<p>Quantit\u00e0 lamette in ogni pacchetto:<br \/>\n<strong>10\u00a0lamette imbustate singolarmente in carta cerata.<\/strong><\/p>\n<p>Queste lamette sono prodotte con la massima cura e attenzione per i dettagli, garantendo sempre un&#8217;esperienza di rasatura tradizionale di alta qualit\u00e0. <\/p>\n<p>Paese di produzione: Corea del Sud.<br \/>\nFormato: 100 lamette.<\/p>\n","protected":false},"excerpt":{"rendered":"<p>100 lamette da barba Dorco Platinum Le lamette da barba Dorco Primo Platinum Double Edge rappresentano l&#8217;eccellenza nel settore della rasatura tradizionale. Sono la scelta ideale per ogni uomo che ricerca un prodotto di alta qualit\u00e0 per la cura della propria barba. Realizzate con l&#8217;acciaio inox di migliore qualit\u00e0 e con la tecnologia pi\u00f9 avanzata [&hellip;]<\/p>\n","protected":false},"featured_media":65341,"comment_status":"closed","ping_status":"open","template":"","meta":[],"product_brand":[],"product_cat":[],"product_tag":[2017],"class_list":{"0":"post-5292201","1":"product","2":"type-product","3":"status-publish","4":"has-post-thumbnail","6":"product_tag-dorco","8":"first","9":"onbackorder","10":"purchasable","11":"product-type-simple"},"jetpack_sharing_enabled":true,"_links":{"self":[{"href":"https:\/\/gadgettravellers.eu\/it\/wp-json\/wp\/v2\/product\/5292201","targetHints":{"allow":["GET"]}}],"collection":[{"href":"https:\/\/gadgettravellers.eu\/it\/wp-json\/wp\/v2\/product"}],"about":[{"href":"https:\/\/gadgettravellers.eu\/it\/wp-json\/wp\/v2\/types\/product"}],"replies":[{"embeddable":true,"href":"https:\/\/gadgettravellers.eu\/it\/wp-json\/wp\/v2\/comments?post=5292201"}],"wp:featuredmedia":[{"embeddable":true,"href":"https:\/\/gadgettravellers.eu\/it\/wp-json\/wp\/v2\/media\/65341"}],"wp:attachment":[{"href":"https:\/\/gadgettravellers.eu\/it\/wp-json\/wp\/v2\/media?parent=5292201"}],"wp:term":[{"taxonomy":"product_brand","embeddable":true,"href":"https:\/\/gadgettravellers.eu\/it\/wp-json\/wp\/v2\/product_brand?post=5292201"},{"taxonomy":"product_cat","embeddable":true,"href":"https:\/\/gadgettravellers.eu\/it\/wp-json\/wp\/v2\/product_cat?post=5292201"},{"taxonomy":"product_tag","embeddable":true,"href":"https:\/\/gadgettravellers.eu\/it\/wp-json\/wp\/v2\/product_tag?post=5292201"}],"curies":[{"name":"wp","href":"https:\/\/api.w.org\/{rel}","templated":true}]}}