{"id":5292216,"date":"2026-01-16T17:18:21","date_gmt":"2026-01-16T15:18:21","guid":{"rendered":"https:\/\/gadgettravellers.eu\/shop\/the-goodfellas-smile-testina-slant-per-rasoio-di-sicurezza\/"},"modified":"2026-04-05T19:43:31","modified_gmt":"2026-04-05T17:43:31","slug":"the-goodfellas-smile-testina-slant-per-rasoio-di-sicurezza","status":"publish","type":"product","link":"https:\/\/gadgettravellers.eu\/it\/shop\/the-goodfellas-smile-testina-slant-per-rasoio-di-sicurezza\/","title":{"rendered":"The Goodfellas&#8217; smile testina Slant per rasoio di sicurezza"},"content":{"rendered":"<h2>The Goodfellas&#8217; smile testina Slant per rasoio di sicurezza<\/h2>\n<p>L&#8217;idea era quella di creare una testina per\u00a0 rasoi di sicurezza <strong>slant<\/strong> (obliquo)\u00a0 bella, precisa e funzionale, in grado di rispecchiare il nostro modo di fare le cose.<br \/>\nIl progetto e lo sviluppo della testina\u00a0 <strong>Slant<\/strong> \u00e8 durato quasi un anno ma il risultato \u00e8 eccellente. Una testina slant che pu\u00f2 essere utilizzata ogni 1-2 giorni, estremamente delicata, tanto da non sentirla sulla pelle ma al contempo efficace e scorrevole.<\/p>\n<p>La testina \u00e8 costituita in Zamak pressofusa satinata di alta qualit\u00e0.<\/p>\n<p>Questa testina \u00e8 compatibile con tutti i rasoi di sicurezza a marchio The Goodfellas&#8217; smile e per la maggioranza dei rasoi a 3 pezzi in commercio (Muhle, Edwin Jagger etc.)<br \/>\n<strong>filettatura standard M5 x 8<\/strong><\/p>\n","protected":false},"excerpt":{"rendered":"<p>The Goodfellas&#8217; smile testina Slant per rasoio di sicurezza L&#8217;idea era quella di creare una testina per\u00a0 rasoi di sicurezza slant (obliquo)\u00a0 bella, precisa e funzionale, in grado di rispecchiare il nostro modo di fare le cose. Il progetto e lo sviluppo della testina\u00a0 Slant \u00e8 durato quasi un anno ma il risultato \u00e8 eccellente. [&hellip;]<\/p>\n","protected":false},"featured_media":65401,"comment_status":"closed","ping_status":"open","template":"","meta":[],"product_brand":[],"product_cat":[142199],"product_tag":[142270],"class_list":{"0":"post-5292216","1":"product","2":"type-product","3":"status-publish","4":"has-post-thumbnail","6":"product_cat-the-goodfellas-smile-3","7":"product_tag-the-goodfellas-smile","9":"first","10":"onbackorder","11":"purchasable","12":"product-type-simple"},"jetpack_sharing_enabled":true,"_links":{"self":[{"href":"https:\/\/gadgettravellers.eu\/it\/wp-json\/wp\/v2\/product\/5292216","targetHints":{"allow":["GET"]}}],"collection":[{"href":"https:\/\/gadgettravellers.eu\/it\/wp-json\/wp\/v2\/product"}],"about":[{"href":"https:\/\/gadgettravellers.eu\/it\/wp-json\/wp\/v2\/types\/product"}],"replies":[{"embeddable":true,"href":"https:\/\/gadgettravellers.eu\/it\/wp-json\/wp\/v2\/comments?post=5292216"}],"wp:featuredmedia":[{"embeddable":true,"href":"https:\/\/gadgettravellers.eu\/it\/wp-json\/wp\/v2\/media\/65401"}],"wp:attachment":[{"href":"https:\/\/gadgettravellers.eu\/it\/wp-json\/wp\/v2\/media?parent=5292216"}],"wp:term":[{"taxonomy":"product_brand","embeddable":true,"href":"https:\/\/gadgettravellers.eu\/it\/wp-json\/wp\/v2\/product_brand?post=5292216"},{"taxonomy":"product_cat","embeddable":true,"href":"https:\/\/gadgettravellers.eu\/it\/wp-json\/wp\/v2\/product_cat?post=5292216"},{"taxonomy":"product_tag","embeddable":true,"href":"https:\/\/gadgettravellers.eu\/it\/wp-json\/wp\/v2\/product_tag?post=5292216"}],"curies":[{"name":"wp","href":"https:\/\/api.w.org\/{rel}","templated":true}]}}