{"id":5292219,"date":"2026-01-16T17:18:21","date_gmt":"2026-01-16T15:18:21","guid":{"rendered":"https:\/\/gadgettravellers.eu\/shop\/the-goodfellas-smile-pennello-da-barba-da-viaggio-the-hog-pura-setola\/"},"modified":"2026-04-05T19:43:32","modified_gmt":"2026-04-05T17:43:32","slug":"the-goodfellas-smile-pennello-da-barba-da-viaggio-the-hog-pura-setola","status":"publish","type":"product","link":"https:\/\/gadgettravellers.eu\/it\/shop\/the-goodfellas-smile-pennello-da-barba-da-viaggio-the-hog-pura-setola\/","title":{"rendered":"The Goodfellas&#8217; smile pennello da barba da viaggio The Hog pura setola"},"content":{"rendered":"<h2>The Goodfellas&#8217; smile pennello da barba da viaggio The Hog pura setola<\/h2>\n<p>The Goodfellas&#8217; smile e Omega Brush, rivisitano e danno nuova vita a una serie di <strong>grandi classici Made in Italy<\/strong>.<br \/>\nIl pennello <strong>THE HOG<\/strong> nasce per affiancare i fratelli maggiore <strong>KING HOG<\/strong> e <strong>WILD HOG<\/strong> andando per\u00f2 incontro a esigenze differenti.<br \/>\nPiccolo, pratico, da viaggio e con setola di alta qualit\u00e0, fanno di questo piccolo pennello un campione di praticit\u00e0. Sopratutto in viaggio quando un vero pennello da battaglia pu\u00f2 fare la differenza. The Hog non \u00e8 un pennello grande, ma un grande pennello.<br \/>\n<strong>The Hog \u00e8 il partner insostituibile per la rasatura quotidiana.<\/strong><\/p>\n<p><strong>Dimensioni:<\/strong><br \/>\n<strong>Totale: <\/strong>105 mm<br \/>\n<strong>Nodo:<\/strong> 22 mm<br \/>\n<strong>Manico:<\/strong> 57mm<br \/>\n<strong>Setola:<\/strong> 50mm<br \/>\n<strong>Peso:<\/strong> 45 grammi<\/p>\n<p>Made in Italy<\/p>\n","protected":false},"excerpt":{"rendered":"<p>The Goodfellas&#8217; smile pennello da barba da viaggio The Hog pura setola The Goodfellas&#8217; smile e Omega Brush, rivisitano e danno nuova vita a una serie di grandi classici Made in Italy. Il pennello THE HOG nasce per affiancare i fratelli maggiore KING HOG e WILD HOG andando per\u00f2 incontro a esigenze differenti. Piccolo, pratico, [&hellip;]<\/p>\n","protected":false},"featured_media":65413,"comment_status":"closed","ping_status":"open","template":"","meta":[],"product_brand":[],"product_cat":[142199],"product_tag":[142270],"class_list":{"0":"post-5292219","1":"product","2":"type-product","3":"status-publish","4":"has-post-thumbnail","6":"product_cat-the-goodfellas-smile-3","7":"product_tag-the-goodfellas-smile","9":"first","10":"onbackorder","11":"purchasable","12":"product-type-simple"},"jetpack_sharing_enabled":true,"_links":{"self":[{"href":"https:\/\/gadgettravellers.eu\/it\/wp-json\/wp\/v2\/product\/5292219","targetHints":{"allow":["GET"]}}],"collection":[{"href":"https:\/\/gadgettravellers.eu\/it\/wp-json\/wp\/v2\/product"}],"about":[{"href":"https:\/\/gadgettravellers.eu\/it\/wp-json\/wp\/v2\/types\/product"}],"replies":[{"embeddable":true,"href":"https:\/\/gadgettravellers.eu\/it\/wp-json\/wp\/v2\/comments?post=5292219"}],"wp:featuredmedia":[{"embeddable":true,"href":"https:\/\/gadgettravellers.eu\/it\/wp-json\/wp\/v2\/media\/65413"}],"wp:attachment":[{"href":"https:\/\/gadgettravellers.eu\/it\/wp-json\/wp\/v2\/media?parent=5292219"}],"wp:term":[{"taxonomy":"product_brand","embeddable":true,"href":"https:\/\/gadgettravellers.eu\/it\/wp-json\/wp\/v2\/product_brand?post=5292219"},{"taxonomy":"product_cat","embeddable":true,"href":"https:\/\/gadgettravellers.eu\/it\/wp-json\/wp\/v2\/product_cat?post=5292219"},{"taxonomy":"product_tag","embeddable":true,"href":"https:\/\/gadgettravellers.eu\/it\/wp-json\/wp\/v2\/product_tag?post=5292219"}],"curies":[{"name":"wp","href":"https:\/\/api.w.org\/{rel}","templated":true}]}}