{"id":5292222,"date":"2026-01-16T17:18:22","date_gmt":"2026-01-16T15:18:22","guid":{"rendered":"https:\/\/gadgettravellers.eu\/shop\/simpsons-pennello-da-barba-sintetico-trafalgar-t1\/"},"modified":"2026-04-05T19:43:34","modified_gmt":"2026-04-05T17:43:34","slug":"simpsons-pennello-da-barba-sintetico-trafalgar-t1","status":"publish","type":"product","link":"https:\/\/gadgettravellers.eu\/it\/shop\/simpsons-pennello-da-barba-sintetico-trafalgar-t1\/","title":{"rendered":"Simpsons pennello da barba sintetico Trafalgar t1"},"content":{"rendered":"<h2>Simpson Pennello da barba Trafalgar T1. Fibra Sintetica<\/h2>\n<p>Il pennello da barba Simpson <strong>Trafalgar T1 <\/strong>\u00e8 l&#8217;ultima accattivante proposta realizzata dal Pennellificio Simpson. <strong>Manico superbamente tornito e ciuffo in fibra sintetica di eccelsa qualit\u00e0. <\/strong><br \/>\nUn rapporto qualit\u00e0 prezzo assoluto per uno dei marchi pi\u00f9 importanti del settore mondiale della rasatura.<\/p>\n<p>Questo pennello da barba Simpson si distingue per le seguenti caratteristiche:<\/p>\n<p><strong>Altezza complessiva<\/strong>: 82 mm<br \/>\n<strong>Altezza del manico:<\/strong> 40 mm<br \/>\n<strong>Altezza del pelo:<\/strong> 42 mm<br \/>\n<strong>Diametro del nodo:<\/strong> 23 mm<\/p>\n","protected":false},"excerpt":{"rendered":"<p>Simpson Pennello da barba Trafalgar T1. Fibra Sintetica Il pennello da barba Simpson Trafalgar T1 \u00e8 l&#8217;ultima accattivante proposta realizzata dal Pennellificio Simpson. Manico superbamente tornito e ciuffo in fibra sintetica di eccelsa qualit\u00e0. Un rapporto qualit\u00e0 prezzo assoluto per uno dei marchi pi\u00f9 importanti del settore mondiale della rasatura. Questo pennello da barba Simpson [&hellip;]<\/p>\n","protected":false},"featured_media":65430,"comment_status":"closed","ping_status":"open","template":"","meta":[],"product_brand":[],"product_cat":[142220],"product_tag":[142289],"class_list":{"0":"post-5292222","1":"product","2":"type-product","3":"status-publish","4":"has-post-thumbnail","6":"product_cat-simpsons-3","7":"product_tag-simpsons","9":"first","10":"onbackorder","11":"purchasable","12":"product-type-simple"},"jetpack_sharing_enabled":true,"_links":{"self":[{"href":"https:\/\/gadgettravellers.eu\/it\/wp-json\/wp\/v2\/product\/5292222","targetHints":{"allow":["GET"]}}],"collection":[{"href":"https:\/\/gadgettravellers.eu\/it\/wp-json\/wp\/v2\/product"}],"about":[{"href":"https:\/\/gadgettravellers.eu\/it\/wp-json\/wp\/v2\/types\/product"}],"replies":[{"embeddable":true,"href":"https:\/\/gadgettravellers.eu\/it\/wp-json\/wp\/v2\/comments?post=5292222"}],"wp:featuredmedia":[{"embeddable":true,"href":"https:\/\/gadgettravellers.eu\/it\/wp-json\/wp\/v2\/media\/65430"}],"wp:attachment":[{"href":"https:\/\/gadgettravellers.eu\/it\/wp-json\/wp\/v2\/media?parent=5292222"}],"wp:term":[{"taxonomy":"product_brand","embeddable":true,"href":"https:\/\/gadgettravellers.eu\/it\/wp-json\/wp\/v2\/product_brand?post=5292222"},{"taxonomy":"product_cat","embeddable":true,"href":"https:\/\/gadgettravellers.eu\/it\/wp-json\/wp\/v2\/product_cat?post=5292222"},{"taxonomy":"product_tag","embeddable":true,"href":"https:\/\/gadgettravellers.eu\/it\/wp-json\/wp\/v2\/product_tag?post=5292222"}],"curies":[{"name":"wp","href":"https:\/\/api.w.org\/{rel}","templated":true}]}}