{"id":5292225,"date":"2026-01-16T17:18:23","date_gmt":"2026-01-16T15:18:23","guid":{"rendered":"https:\/\/gadgettravellers.eu\/shop\/100-lamette-da-barba-treet-7-days\/"},"modified":"2026-04-05T19:43:35","modified_gmt":"2026-04-05T17:43:35","slug":"100-lamette-da-barba-treet-7-days","status":"publish","type":"product","link":"https:\/\/gadgettravellers.eu\/it\/shop\/100-lamette-da-barba-treet-7-days\/","title":{"rendered":"100 lamette da barba Treet 7 Days"},"content":{"rendered":"<h2>100 lamette da barba Treet 7 Days<\/h2>\n<p>Le <strong>lamette da barba Treet 7 Days<\/strong> si distinguono per la loro qualit\u00e0 e resistenza. Nonostante non siano tra le pi\u00f9 note sul mercato, queste lamette da barba riescono a competere con quelle di marchi pi\u00f9 famosi, garantendo una <strong>rasatura tradizionale<\/strong> efficace e precisa.<\/p>\n<p>Ogni pacchetto contiene:<\/p>\n<p><strong>5 lamette<\/strong>, ciascuna accuratamente imbustata in carta cerata per garantire la massima igiene e protezione.<\/p>\n<p>Il prodotto \u00e8 disponibile in confezioni da 20 pacchetti, per un totale di <strong>100 lamette da barba Treet 7 Days<\/strong>.<\/p>\n<p>Prodotto in: [Inserire paese di produzione]<br \/>\nFormato: 100 lamette (20 pacchetti da 5 lamette ciascuno)<\/p>\n","protected":false},"excerpt":{"rendered":"<p>100 lamette da barba Treet 7 Days Le lamette da barba Treet 7 Days si distinguono per la loro qualit\u00e0 e resistenza. Nonostante non siano tra le pi\u00f9 note sul mercato, queste lamette da barba riescono a competere con quelle di marchi pi\u00f9 famosi, garantendo una rasatura tradizionale efficace e precisa. Ogni pacchetto contiene: 5 [&hellip;]<\/p>\n","protected":false},"featured_media":65442,"comment_status":"closed","ping_status":"open","template":"","meta":[],"product_brand":[],"product_cat":[],"product_tag":[2119],"class_list":{"0":"post-5292225","1":"product","2":"type-product","3":"status-publish","4":"has-post-thumbnail","6":"product_tag-treet","8":"first","9":"onbackorder","10":"purchasable","11":"product-type-simple"},"jetpack_sharing_enabled":true,"_links":{"self":[{"href":"https:\/\/gadgettravellers.eu\/it\/wp-json\/wp\/v2\/product\/5292225","targetHints":{"allow":["GET"]}}],"collection":[{"href":"https:\/\/gadgettravellers.eu\/it\/wp-json\/wp\/v2\/product"}],"about":[{"href":"https:\/\/gadgettravellers.eu\/it\/wp-json\/wp\/v2\/types\/product"}],"replies":[{"embeddable":true,"href":"https:\/\/gadgettravellers.eu\/it\/wp-json\/wp\/v2\/comments?post=5292225"}],"wp:featuredmedia":[{"embeddable":true,"href":"https:\/\/gadgettravellers.eu\/it\/wp-json\/wp\/v2\/media\/65442"}],"wp:attachment":[{"href":"https:\/\/gadgettravellers.eu\/it\/wp-json\/wp\/v2\/media?parent=5292225"}],"wp:term":[{"taxonomy":"product_brand","embeddable":true,"href":"https:\/\/gadgettravellers.eu\/it\/wp-json\/wp\/v2\/product_brand?post=5292225"},{"taxonomy":"product_cat","embeddable":true,"href":"https:\/\/gadgettravellers.eu\/it\/wp-json\/wp\/v2\/product_cat?post=5292225"},{"taxonomy":"product_tag","embeddable":true,"href":"https:\/\/gadgettravellers.eu\/it\/wp-json\/wp\/v2\/product_tag?post=5292225"}],"curies":[{"name":"wp","href":"https:\/\/api.w.org\/{rel}","templated":true}]}}