{"id":5292228,"date":"2026-01-16T17:18:24","date_gmt":"2026-01-16T15:18:24","guid":{"rendered":"https:\/\/gadgettravellers.eu\/shop\/200-lamette-da-barba-treet-falcon\/"},"modified":"2026-04-05T19:43:36","modified_gmt":"2026-04-05T17:43:36","slug":"200-lamette-da-barba-treet-falcon","status":"publish","type":"product","link":"https:\/\/gadgettravellers.eu\/it\/shop\/200-lamette-da-barba-treet-falcon\/","title":{"rendered":"200 lamette da barba Treet Falcon"},"content":{"rendered":"<h2>200 lamette da barba Treet Falcon<\/h2>\n<p>Le <strong>lamette da barba Treet Falcon<\/strong> sono un&#8217;ottima scelta per chi cerca un prodotto di qualit\u00e0. Queste lamette si distinguono per la loro capacit\u00e0 di offrire una rasatura tradizionale di alta qualit\u00e0, anche in confronto a marche pi\u00f9 note.<\/p>\n<p>Quantit\u00e0 lamette in ogni pacchetto:<br \/>\n10 <strong>lamette imbustate singolarmente in carta cerata.<\/strong><\/p>\n<p>Quantit\u00e0 di pacchetti: 20<\/p>\n<p>Il prodotto \u00e8 prodotto in <strong>paese di produzione<\/strong> e viene fornito in un formato di <strong>150gr<\/strong>.<\/p>\n","protected":false},"excerpt":{"rendered":"<p>200 lamette da barba Treet Falcon Le lamette da barba Treet Falcon sono un&#8217;ottima scelta per chi cerca un prodotto di qualit\u00e0. Queste lamette si distinguono per la loro capacit\u00e0 di offrire una rasatura tradizionale di alta qualit\u00e0, anche in confronto a marche pi\u00f9 note. Quantit\u00e0 lamette in ogni pacchetto: 10 lamette imbustate singolarmente in [&hellip;]<\/p>\n","protected":false},"featured_media":65454,"comment_status":"closed","ping_status":"open","template":"","meta":[],"product_brand":[],"product_cat":[],"product_tag":[2119],"class_list":{"0":"post-5292228","1":"product","2":"type-product","3":"status-publish","4":"has-post-thumbnail","6":"product_tag-treet","8":"first","9":"onbackorder","10":"purchasable","11":"product-type-simple"},"jetpack_sharing_enabled":true,"_links":{"self":[{"href":"https:\/\/gadgettravellers.eu\/it\/wp-json\/wp\/v2\/product\/5292228","targetHints":{"allow":["GET"]}}],"collection":[{"href":"https:\/\/gadgettravellers.eu\/it\/wp-json\/wp\/v2\/product"}],"about":[{"href":"https:\/\/gadgettravellers.eu\/it\/wp-json\/wp\/v2\/types\/product"}],"replies":[{"embeddable":true,"href":"https:\/\/gadgettravellers.eu\/it\/wp-json\/wp\/v2\/comments?post=5292228"}],"wp:featuredmedia":[{"embeddable":true,"href":"https:\/\/gadgettravellers.eu\/it\/wp-json\/wp\/v2\/media\/65454"}],"wp:attachment":[{"href":"https:\/\/gadgettravellers.eu\/it\/wp-json\/wp\/v2\/media?parent=5292228"}],"wp:term":[{"taxonomy":"product_brand","embeddable":true,"href":"https:\/\/gadgettravellers.eu\/it\/wp-json\/wp\/v2\/product_brand?post=5292228"},{"taxonomy":"product_cat","embeddable":true,"href":"https:\/\/gadgettravellers.eu\/it\/wp-json\/wp\/v2\/product_cat?post=5292228"},{"taxonomy":"product_tag","embeddable":true,"href":"https:\/\/gadgettravellers.eu\/it\/wp-json\/wp\/v2\/product_tag?post=5292228"}],"curies":[{"name":"wp","href":"https:\/\/api.w.org\/{rel}","templated":true}]}}