{"id":5292229,"date":"2026-01-16T17:18:25","date_gmt":"2026-01-16T15:18:25","guid":{"rendered":"https:\/\/gadgettravellers.eu\/shop\/200-lamette-da-barba-new-treet\/"},"modified":"2026-04-05T19:43:36","modified_gmt":"2026-04-05T17:43:36","slug":"200-lamette-da-barba-new-treet","status":"publish","type":"product","link":"https:\/\/gadgettravellers.eu\/it\/shop\/200-lamette-da-barba-new-treet\/","title":{"rendered":"200 lamette da barba New Treet"},"content":{"rendered":"<h2>200 lamette da barba New Treet<\/h2>\n<p>Le New Treet sono <strong>lamette da barba di alta qualit\u00e0<\/strong>, in grado di competere con altre marche pi\u00f9 note. Queste lamette offrono una <strong>rasatura tradizionale<\/strong> di precisione, garantendo un risultato impeccabile.<\/p>\n<p>Quantit\u00e0 lamette in ogni pacchetto:<br \/>\n10 <strong>lamette imbustate singolarmente in carta cerata<\/strong>. Questa confezione garantisce una <strong>conservazione ottimale<\/strong> e una <strong>facile gestione<\/strong> di ogni singola lama.<\/p>\n<p>Quantit\u00e0 di pacchetti: 20<\/p>\n<p>Prodotto in <strong>Paese di produzione<\/strong>. Formato: 200 lamette (20 pacchetti da 10 lamette ciascuno).<\/p>\n","protected":false},"excerpt":{"rendered":"<p>200 lamette da barba New Treet Le New Treet sono lamette da barba di alta qualit\u00e0, in grado di competere con altre marche pi\u00f9 note. Queste lamette offrono una rasatura tradizionale di precisione, garantendo un risultato impeccabile. Quantit\u00e0 lamette in ogni pacchetto: 10 lamette imbustate singolarmente in carta cerata. Questa confezione garantisce una conservazione ottimale [&hellip;]<\/p>\n","protected":false},"featured_media":5285068,"comment_status":"closed","ping_status":"open","template":"","meta":[],"product_brand":[],"product_cat":[],"product_tag":[2119],"class_list":{"0":"post-5292229","1":"product","2":"type-product","3":"status-publish","4":"has-post-thumbnail","6":"product_tag-treet","8":"first","9":"onbackorder","10":"purchasable","11":"product-type-simple"},"jetpack_sharing_enabled":true,"_links":{"self":[{"href":"https:\/\/gadgettravellers.eu\/it\/wp-json\/wp\/v2\/product\/5292229","targetHints":{"allow":["GET"]}}],"collection":[{"href":"https:\/\/gadgettravellers.eu\/it\/wp-json\/wp\/v2\/product"}],"about":[{"href":"https:\/\/gadgettravellers.eu\/it\/wp-json\/wp\/v2\/types\/product"}],"replies":[{"embeddable":true,"href":"https:\/\/gadgettravellers.eu\/it\/wp-json\/wp\/v2\/comments?post=5292229"}],"wp:featuredmedia":[{"embeddable":true,"href":"https:\/\/gadgettravellers.eu\/it\/wp-json\/wp\/v2\/media\/5285068"}],"wp:attachment":[{"href":"https:\/\/gadgettravellers.eu\/it\/wp-json\/wp\/v2\/media?parent=5292229"}],"wp:term":[{"taxonomy":"product_brand","embeddable":true,"href":"https:\/\/gadgettravellers.eu\/it\/wp-json\/wp\/v2\/product_brand?post=5292229"},{"taxonomy":"product_cat","embeddable":true,"href":"https:\/\/gadgettravellers.eu\/it\/wp-json\/wp\/v2\/product_cat?post=5292229"},{"taxonomy":"product_tag","embeddable":true,"href":"https:\/\/gadgettravellers.eu\/it\/wp-json\/wp\/v2\/product_tag?post=5292229"}],"curies":[{"name":"wp","href":"https:\/\/api.w.org\/{rel}","templated":true}]}}