{"id":5292230,"date":"2026-01-16T17:18:25","date_gmt":"2026-01-16T15:18:25","guid":{"rendered":"https:\/\/gadgettravellers.eu\/shop\/200-lamette-da-barba-treet-new-steel\/"},"modified":"2026-04-05T19:43:37","modified_gmt":"2026-04-05T17:43:37","slug":"200-lamette-da-barba-treet-new-steel","status":"publish","type":"product","link":"https:\/\/gadgettravellers.eu\/it\/shop\/200-lamette-da-barba-treet-new-steel\/","title":{"rendered":"200 lamette da barba Treet New Steel"},"content":{"rendered":"<h2>200 lamette da barba Treet New Steel<\/h2>\n<p>Le <strong>lamette da barba Treet New Steel<\/strong> sono un&#8217;ottima scelta per chi cerca un prodotto di qualit\u00e0 per la rasatura tradizionale. Queste lamette si distinguono per la loro capacit\u00e0 di competere con altre marche pi\u00f9 note, garantendo sempre un&#8217;ottima performance.<\/p>\n<p>Quantit\u00e0 lamette in ogni pacchetto:<br \/>\n10 <strong>lamette imbustate singolarmente in carta cerata.<\/strong><\/p>\n<p>Quantit\u00e0 di pacchetti: 20<\/p>\n<p>Queste lamette da barba Treet New Steel sono prodotte in <strong>Paese di produzione<\/strong> e sono disponibili nel formato di 200 lamette, suddivise in 20 pacchetti da 10 lamette ciascuno.<\/p>\n","protected":false},"excerpt":{"rendered":"<p>200 lamette da barba Treet New Steel Le lamette da barba Treet New Steel sono un&#8217;ottima scelta per chi cerca un prodotto di qualit\u00e0 per la rasatura tradizionale. Queste lamette si distinguono per la loro capacit\u00e0 di competere con altre marche pi\u00f9 note, garantendo sempre un&#8217;ottima performance. Quantit\u00e0 lamette in ogni pacchetto: 10 lamette imbustate [&hellip;]<\/p>\n","protected":false},"featured_media":4996437,"comment_status":"closed","ping_status":"open","template":"","meta":[],"product_brand":[],"product_cat":[],"product_tag":[2119],"class_list":{"0":"post-5292230","1":"product","2":"type-product","3":"status-publish","4":"has-post-thumbnail","6":"product_tag-treet","8":"first","9":"onbackorder","10":"purchasable","11":"product-type-simple"},"jetpack_sharing_enabled":true,"_links":{"self":[{"href":"https:\/\/gadgettravellers.eu\/it\/wp-json\/wp\/v2\/product\/5292230","targetHints":{"allow":["GET"]}}],"collection":[{"href":"https:\/\/gadgettravellers.eu\/it\/wp-json\/wp\/v2\/product"}],"about":[{"href":"https:\/\/gadgettravellers.eu\/it\/wp-json\/wp\/v2\/types\/product"}],"replies":[{"embeddable":true,"href":"https:\/\/gadgettravellers.eu\/it\/wp-json\/wp\/v2\/comments?post=5292230"}],"wp:featuredmedia":[{"embeddable":true,"href":"https:\/\/gadgettravellers.eu\/it\/wp-json\/wp\/v2\/media\/4996437"}],"wp:attachment":[{"href":"https:\/\/gadgettravellers.eu\/it\/wp-json\/wp\/v2\/media?parent=5292230"}],"wp:term":[{"taxonomy":"product_brand","embeddable":true,"href":"https:\/\/gadgettravellers.eu\/it\/wp-json\/wp\/v2\/product_brand?post=5292230"},{"taxonomy":"product_cat","embeddable":true,"href":"https:\/\/gadgettravellers.eu\/it\/wp-json\/wp\/v2\/product_cat?post=5292230"},{"taxonomy":"product_tag","embeddable":true,"href":"https:\/\/gadgettravellers.eu\/it\/wp-json\/wp\/v2\/product_tag?post=5292230"}],"curies":[{"name":"wp","href":"https:\/\/api.w.org\/{rel}","templated":true}]}}