{"id":5292231,"date":"2026-01-16T17:18:26","date_gmt":"2026-01-16T15:18:26","guid":{"rendered":"https:\/\/gadgettravellers.eu\/shop\/100-lamette-da-barba-treet-platinum\/"},"modified":"2026-04-19T18:40:43","modified_gmt":"2026-04-19T16:40:43","slug":"100-lamette-da-barba-treet-platinum","status":"publish","type":"product","link":"https:\/\/gadgettravellers.eu\/it\/shop\/100-lamette-da-barba-treet-platinum\/","title":{"rendered":"100 lamette da barba Treet Platinum"},"content":{"rendered":"<h2>100 lamette da barba Treet Platinum<\/h2>\n<p>Le <strong>lamette da barba Treet Platinum<\/strong> sono un prodotto di alta qualit\u00e0, considerate tra le migliori prodotte da questa rinomata casa produttrice. Queste lamette si distinguono per la loro performance superiore, in grado di competere efficacemente con altre lamette da barba di marche pi\u00f9 note.<\/p>\n<p>Il pacchetto contiene <strong>100 lamette da barba<\/strong>, suddivise in <strong>20 pacchetti<\/strong>. Questa quantit\u00e0 garantisce un&#8217;ampia disponibilit\u00e0 di lamette per una lunga durata, offrendo un ottimo rapporto qualit\u00e0-prezzo.<\/p>\n<p>Le lamette da barba Treet Platinum sono prodotte in Pakistan, garantendo un prodotto di alta qualit\u00e0 e durata. <\/p>\n<p>Formato: 100 lamette da barba.<\/p>\n","protected":false},"excerpt":{"rendered":"<p>100 lamette da barba Treet Platinum Le lamette da barba Treet Platinum sono un prodotto di alta qualit\u00e0, considerate tra le migliori prodotte da questa rinomata casa produttrice. Queste lamette si distinguono per la loro performance superiore, in grado di competere efficacemente con altre lamette da barba di marche pi\u00f9 note. Il pacchetto contiene 100 [&hellip;]<\/p>\n","protected":false},"featured_media":65466,"comment_status":"closed","ping_status":"open","template":"","meta":[],"product_brand":[],"product_cat":[],"product_tag":[2119],"class_list":{"0":"post-5292231","1":"product","2":"type-product","3":"status-publish","4":"has-post-thumbnail","6":"product_tag-treet","8":"first","9":"onbackorder","10":"purchasable","11":"product-type-simple"},"jetpack_sharing_enabled":true,"_links":{"self":[{"href":"https:\/\/gadgettravellers.eu\/it\/wp-json\/wp\/v2\/product\/5292231","targetHints":{"allow":["GET"]}}],"collection":[{"href":"https:\/\/gadgettravellers.eu\/it\/wp-json\/wp\/v2\/product"}],"about":[{"href":"https:\/\/gadgettravellers.eu\/it\/wp-json\/wp\/v2\/types\/product"}],"replies":[{"embeddable":true,"href":"https:\/\/gadgettravellers.eu\/it\/wp-json\/wp\/v2\/comments?post=5292231"}],"wp:featuredmedia":[{"embeddable":true,"href":"https:\/\/gadgettravellers.eu\/it\/wp-json\/wp\/v2\/media\/65466"}],"wp:attachment":[{"href":"https:\/\/gadgettravellers.eu\/it\/wp-json\/wp\/v2\/media?parent=5292231"}],"wp:term":[{"taxonomy":"product_brand","embeddable":true,"href":"https:\/\/gadgettravellers.eu\/it\/wp-json\/wp\/v2\/product_brand?post=5292231"},{"taxonomy":"product_cat","embeddable":true,"href":"https:\/\/gadgettravellers.eu\/it\/wp-json\/wp\/v2\/product_cat?post=5292231"},{"taxonomy":"product_tag","embeddable":true,"href":"https:\/\/gadgettravellers.eu\/it\/wp-json\/wp\/v2\/product_tag?post=5292231"}],"curies":[{"name":"wp","href":"https:\/\/api.w.org\/{rel}","templated":true}]}}