{"id":5292359,"date":"2026-01-19T10:25:09","date_gmt":"2026-01-19T08:25:09","guid":{"rendered":"https:\/\/gadgettravellers.eu\/shop\/spray-temperatura-bianco-quantum-alta-temperatura-400ml\/"},"modified":"2026-04-14T00:06:24","modified_gmt":"2026-04-13T22:06:24","slug":"spray-temperatura-bianco-quantum-alta-temperatura-400ml","status":"publish","type":"product","link":"https:\/\/gadgettravellers.eu\/it\/shop\/spray-temperatura-bianco-quantum-alta-temperatura-400ml\/","title":{"rendered":"Spray temperatura bianco Quantum alta temperatura &#8211; 400ml"},"content":{"rendered":"<p><strong>Titolo del prodotto:<\/strong> SPRAY PER ALTE TEMPERATURE BIANCO QUANTUM HIGH TEMPERATURE &#8211; 400ml<\/p>\n<p><strong>Caratteristiche tecniche:<\/strong><\/p>\n<ol>\n<li>Capacit\u00e0: 400ml<\/li>\n<li>Colore: Bianco<\/li>\n<li>Adatto per alte temperature<\/li>\n<li>Adatto per varie superfici<\/li>\n<\/ol>\n<p><strong>Descrizione:<\/strong><br \/>\nLo spray per alte temperature BIANCO QUANTUM HIGH TEMPERATURE \u00e8 progettato per l&#8217;uso ad alte temperature. Con la capacit\u00e0 di proteggere da temperature estreme, questo spray \u00e8 adatto per varie superfici e applicazioni.<\/p>\n<p><strong>Caratteristiche importanti:<\/strong><\/p>\n<ol>\n<li>Adatto per alte temperature.<\/li>\n<li>Colore: Bianco.<\/li>\n<li>Adatto per varie superfici.<\/li>\n<\/ol>\n<p><strong>Descrizione alternativa:<\/strong>Lo spray per alte temperature BIANCO QUANTUM HIGH TEMPERATURE \u00e8 la scelta migliore per applicazioni ad alte temperature. \u00c8 progettato per resistere a temperature estreme e protegge le vostre superfici con affidabilit\u00e0.<\/p>\n","protected":false},"excerpt":{"rendered":"<p>Spray bianco ad alta temperatura 400ml, resistente a temperature estreme e adatto a molte superfici. Ideale per la protezione e la verniciatura di elementi riscaldanti, tubazioni e componenti meccanici.<\/p>\n","protected":false},"featured_media":67,"comment_status":"closed","ping_status":"open","template":"","meta":[],"product_brand":[],"product_cat":[],"product_tag":[15],"class_list":{"0":"post-5292359","1":"product","2":"type-product","3":"status-publish","4":"has-post-thumbnail","6":"product_tag-uncategorized","8":"first","9":"onbackorder","10":"purchasable","11":"product-type-simple"},"jetpack_sharing_enabled":true,"_links":{"self":[{"href":"https:\/\/gadgettravellers.eu\/it\/wp-json\/wp\/v2\/product\/5292359","targetHints":{"allow":["GET"]}}],"collection":[{"href":"https:\/\/gadgettravellers.eu\/it\/wp-json\/wp\/v2\/product"}],"about":[{"href":"https:\/\/gadgettravellers.eu\/it\/wp-json\/wp\/v2\/types\/product"}],"replies":[{"embeddable":true,"href":"https:\/\/gadgettravellers.eu\/it\/wp-json\/wp\/v2\/comments?post=5292359"}],"wp:featuredmedia":[{"embeddable":true,"href":"https:\/\/gadgettravellers.eu\/it\/wp-json\/wp\/v2\/media\/67"}],"wp:attachment":[{"href":"https:\/\/gadgettravellers.eu\/it\/wp-json\/wp\/v2\/media?parent=5292359"}],"wp:term":[{"taxonomy":"product_brand","embeddable":true,"href":"https:\/\/gadgettravellers.eu\/it\/wp-json\/wp\/v2\/product_brand?post=5292359"},{"taxonomy":"product_cat","embeddable":true,"href":"https:\/\/gadgettravellers.eu\/it\/wp-json\/wp\/v2\/product_cat?post=5292359"},{"taxonomy":"product_tag","embeddable":true,"href":"https:\/\/gadgettravellers.eu\/it\/wp-json\/wp\/v2\/product_tag?post=5292359"}],"curies":[{"name":"wp","href":"https:\/\/api.w.org\/{rel}","templated":true}]}}