{"id":5292422,"date":"2026-01-19T10:25:42","date_gmt":"2026-01-19T08:25:42","guid":{"rendered":"https:\/\/gadgettravellers.eu\/shop\/poliestere-tc-21-900gr\/"},"modified":"2026-04-14T00:06:47","modified_gmt":"2026-04-13T22:06:47","slug":"poliestere-tc-21-900gr","status":"publish","type":"product","link":"https:\/\/gadgettravellers.eu\/it\/shop\/poliestere-tc-21-900gr\/","title":{"rendered":"Poliestere TC-21 900gr"},"content":{"rendered":"<p><strong>TITOLO:<\/strong> POLIESTERE TC-21 900gr<\/p>\n<p><strong>Caratteristiche Tecniche:<\/strong><\/p>\n<ol>\n<li><strong>Tipo:<\/strong> Poliestere TC-21<\/li>\n<li><strong>Peso:<\/strong> 900 grammi (900gr)<\/li>\n<\/ol>\n<p><strong>Descrizione:<\/strong><br \/>\nIl <strong>POLIESTERE TC-21 900gr<\/strong> \u00e8 un tipo di poliestere, con un peso totale di 900 grammi (900gr). I poliestere sono materiali chimici utilizzati in molte applicazioni industriali, cos\u00ec come nell&#8217;artigianato e nella produzione.<\/p>\n<p><strong>Caratteristiche Importanti:<\/strong><\/p>\n<ol>\n<li>Adatto per varie applicazioni industriali e artigianali.<\/li>\n<li>Spesso utilizzato nel settore chimico e manifatturiero.<\/li>\n<li>Adatto per vari processi di lavorazione e produzione.<\/li>\n<\/ol>\n<p>Il POLIESTERE TC-21 900gr rappresenta un tipo di poliestere di alta qualit\u00e0, con un peso di 900 grammi (900gr). Questo materiale chimico \u00e8 molto prezioso nell&#8217;industria e nell&#8217;artigianato grazie alle molteplici possibilit\u00e0 che offre.<\/p>\n","protected":false},"excerpt":{"rendered":"<p>Poliestere TC-21 in confezione da 900gr, adatto per applicazioni industriali, artigianato e costruzioni. Facile da lavorare e compatibile con diversi processi produttivi.<\/p>\n","protected":false},"featured_media":177,"comment_status":"closed","ping_status":"open","template":"","meta":[],"product_brand":[],"product_cat":[],"product_tag":[15],"class_list":{"0":"post-5292422","1":"product","2":"type-product","3":"status-publish","4":"has-post-thumbnail","6":"product_tag-uncategorized","8":"first","9":"onbackorder","10":"purchasable","11":"product-type-simple"},"jetpack_sharing_enabled":true,"_links":{"self":[{"href":"https:\/\/gadgettravellers.eu\/it\/wp-json\/wp\/v2\/product\/5292422","targetHints":{"allow":["GET"]}}],"collection":[{"href":"https:\/\/gadgettravellers.eu\/it\/wp-json\/wp\/v2\/product"}],"about":[{"href":"https:\/\/gadgettravellers.eu\/it\/wp-json\/wp\/v2\/types\/product"}],"replies":[{"embeddable":true,"href":"https:\/\/gadgettravellers.eu\/it\/wp-json\/wp\/v2\/comments?post=5292422"}],"wp:featuredmedia":[{"embeddable":true,"href":"https:\/\/gadgettravellers.eu\/it\/wp-json\/wp\/v2\/media\/177"}],"wp:attachment":[{"href":"https:\/\/gadgettravellers.eu\/it\/wp-json\/wp\/v2\/media?parent=5292422"}],"wp:term":[{"taxonomy":"product_brand","embeddable":true,"href":"https:\/\/gadgettravellers.eu\/it\/wp-json\/wp\/v2\/product_brand?post=5292422"},{"taxonomy":"product_cat","embeddable":true,"href":"https:\/\/gadgettravellers.eu\/it\/wp-json\/wp\/v2\/product_cat?post=5292422"},{"taxonomy":"product_tag","embeddable":true,"href":"https:\/\/gadgettravellers.eu\/it\/wp-json\/wp\/v2\/product_tag?post=5292422"}],"curies":[{"name":"wp","href":"https:\/\/api.w.org\/{rel}","templated":true}]}}