{"id":5292966,"date":"2026-01-19T10:33:16","date_gmt":"2026-01-19T08:33:16","guid":{"rendered":"https:\/\/gadgettravellers.eu\/shop\/bermuda-da-lavoro-gijon-grigio-65-poli-35-cot-195-g-m%c2%b2-n-48-m\/"},"modified":"2026-04-22T19:56:09","modified_gmt":"2026-04-22T17:56:09","slug":"bermuda-da-lavoro-gijon-grigio-65-poli-35-cot-195-g-m%c2%b2-n-48-m","status":"publish","type":"product","link":"https:\/\/gadgettravellers.eu\/it\/shop\/bermuda-da-lavoro-gijon-grigio-65-poli-35-cot-195-g-m%c2%b2-n-48-m\/","title":{"rendered":"Bermuda da lavoro Gijon grigio 65% poli-35% cot, 195 g\/m\u00b2 N. 48\/M"},"content":{"rendered":"<p><strong>Caratteristiche Tecniche:<\/strong><\/p>\n<p>Taglia: M<br \/>\nMateriale: 65% Poliestere \/ 35% Cotone<br \/>\nPeso del Tessuto: 195 g\/m\u00b2<br \/>\nTipo di Tessuto: Non specificato<br \/>\nTasche Multifunzione: 6<br \/>\nNorme: EN ISO 13688  <\/p>\n<p><strong>Descrizione:<\/strong><\/p>\n<p>I pantaloncini da lavoro da uomo Gijon in colore grigio offrono comfort e funzionalit\u00e0 durante le tue attivit\u00e0. Presentano una fascia elastica in vita per una vestibilit\u00e0 comoda e sei tasche multifunzione per organizzare facilmente i tuoi attrezzi.<\/p>\n<p><strong>Caratteristiche Importanti:<\/strong><\/p>\n<p>Vestibilit\u00e0 Comoda con Fascia Elastica in Vita<br \/>\nSei Tasche Multifunzione per l\u2019Organizzazione<br \/>\nMateriale di Qualit\u00e0: 65% Poliestere, 35% Cotone, 195 g\/m\u00b2<br \/>\nConforme alle Norme di Sicurezza EN ISO 13688<br \/>\nAdatto per il Lavaggio a 40 \u00b0C, Processo di Lavaggio Normale<br \/>\nNon Usare Candeggina<br \/>\nStirare a Massima Temperatura di 110 \u00b0C<br \/>\nNon Lavare a Secco<\/p>\n","protected":false},"excerpt":{"rendered":"<p>Bermuda da lavoro da uomo Gijon in grigio, 65% poliestere\/35% cotone, 195 g\/m\u00b2. Vita elasticizzata e sei tasche multifunzionali per comfort e organizzazione.<\/p>\n","protected":false},"featured_media":1202,"comment_status":"closed","ping_status":"open","template":"","meta":[],"product_brand":[],"product_cat":[],"product_tag":[15],"class_list":{"0":"post-5292966","1":"product","2":"type-product","3":"status-publish","4":"has-post-thumbnail","6":"product_tag-uncategorized","8":"first","9":"onbackorder","10":"purchasable","11":"product-type-simple"},"jetpack_sharing_enabled":true,"_links":{"self":[{"href":"https:\/\/gadgettravellers.eu\/it\/wp-json\/wp\/v2\/product\/5292966","targetHints":{"allow":["GET"]}}],"collection":[{"href":"https:\/\/gadgettravellers.eu\/it\/wp-json\/wp\/v2\/product"}],"about":[{"href":"https:\/\/gadgettravellers.eu\/it\/wp-json\/wp\/v2\/types\/product"}],"replies":[{"embeddable":true,"href":"https:\/\/gadgettravellers.eu\/it\/wp-json\/wp\/v2\/comments?post=5292966"}],"wp:featuredmedia":[{"embeddable":true,"href":"https:\/\/gadgettravellers.eu\/it\/wp-json\/wp\/v2\/media\/1202"}],"wp:attachment":[{"href":"https:\/\/gadgettravellers.eu\/it\/wp-json\/wp\/v2\/media?parent=5292966"}],"wp:term":[{"taxonomy":"product_brand","embeddable":true,"href":"https:\/\/gadgettravellers.eu\/it\/wp-json\/wp\/v2\/product_brand?post=5292966"},{"taxonomy":"product_cat","embeddable":true,"href":"https:\/\/gadgettravellers.eu\/it\/wp-json\/wp\/v2\/product_cat?post=5292966"},{"taxonomy":"product_tag","embeddable":true,"href":"https:\/\/gadgettravellers.eu\/it\/wp-json\/wp\/v2\/product_tag?post=5292966"}],"curies":[{"name":"wp","href":"https:\/\/api.w.org\/{rel}","templated":true}]}}