{"id":5293143,"date":"2026-01-19T10:34:49","date_gmt":"2026-01-19T08:34:49","guid":{"rendered":"https:\/\/gadgettravellers.eu\/shop\/geyer-adattatore-spina-2-posti-odl-ebx-8a\/"},"modified":"2026-04-13T00:10:40","modified_gmt":"2026-04-12T22:10:40","slug":"geyer-adattatore-spina-2-posti-odl-ebx-8a","status":"publish","type":"product","link":"https:\/\/gadgettravellers.eu\/it\/shop\/geyer-adattatore-spina-2-posti-odl-ebx-8a\/","title":{"rendered":"GEYER Adattatore spina 2 posti ODL-EBX-8A"},"content":{"rendered":"<p><strong>Caratteristiche Tecniche:<\/strong><\/p>\n<p>Tipo: Adattatore Schuko<br \/>\nPorte: 2<br \/>\nModello: ODL-EBX-8A<br \/>\nCategoria: Apparecchi Elettrici, Accessori<br \/>\nColore: Bianco<br \/>\nCompatibilit\u00e0: Standard Europeo<br \/>\nPotenza: 16A 250V AC<br \/>\nProtezione: IP 20<\/p>\n<p><strong>Descrizione:<\/strong><\/p>\n<p>L&#8217;adattatore Schuko a 2 porte ODL-EBX-8A di GEYER \u00e8 la scelta migliore per collegare pi\u00f9 dispositivi a una presa, offrendo una soluzione comoda per l&#8217;uso simultaneo di pi\u00f9 apparecchi elettrici.<\/p>\n<p><strong>Caratteristiche Importanti:<\/strong><\/p>\n<p>Porte Multiple: Dispone di 2 porte per collegare due dispositivi contemporaneamente.<br \/>\nStandard Europeo: Compatibile con lo standard europeo di prese.<br \/>\nAlta Qualit\u00e0: Realizzato con materiali di alta qualit\u00e0 per un uso sicuro e affidabile.<br \/>\nPotenza e Protezione: Supporta una potenza di 16A 250V AC e offre protezione IP 20.<\/p>\n<div class='aiseo-faq-section' style='margin-top:30px; border-top:1px solid #eee; padding-top:20px;'>\n<h3>Domande Frequenti<\/h3>\n<details style='margin-bottom:10px; padding:10px; background:#f9f9f9; border-radius:5px;'>\n<summary style='font-weight:bold; cursor:pointer;'>Con quale standard \u00e8 compatibile l&#8217;adattatore?<\/summary>\n<div style='margin-top:10px; color:#555;'>\u00c8 compatibile con lo standard europeo Schuko.<\/div>\n<\/details>\n<details style='margin-bottom:10px; padding:10px; background:#f9f9f9; border-radius:5px;'>\n<summary style='font-weight:bold; cursor:pointer;'>Quanti dispositivi posso collegare contemporaneamente?<\/summary>\n<div style='margin-top:10px; color:#555;'>Dispone di 2 posizioni per collegare due dispositivi contemporaneamente.<\/div>\n<\/details>\n<details style='margin-bottom:10px; padding:10px; background:#f9f9f9; border-radius:5px;'>\n<summary style='font-weight:bold; cursor:pointer;'>Qual \u00e8 la potenza massima di esercizio?<\/summary>\n<div style='margin-top:10px; color:#555;'>Supporta 16A a 250V AC.<\/div>\n<\/details>\n<details style='margin-bottom:10px; padding:10px; background:#f9f9f9; border-radius:5px;'>\n<summary style='font-weight:bold; cursor:pointer;'>Pu\u00f2 essere utilizzato all&#8217;aperto?<\/summary>\n<div style='margin-top:10px; color:#555;'>Ha protezione IP20 ed \u00e8 progettato per uso interno, non per uso esterno.<\/div>\n<\/details>\n<details style='margin-bottom:10px; padding:10px; background:#f9f9f9; border-radius:5px;'>\n<summary style='font-weight:bold; cursor:pointer;'>Qual \u00e8 la qualit\u00e0 costruttiva del prodotto?<\/summary>\n<div style='margin-top:10px; color:#555;'>\u00c8 realizzato con materiali di alta qualit\u00e0 per un uso sicuro e affidabile.<\/div>\n<\/details>\n<\/div>\n","protected":false},"excerpt":{"rendered":"<p>Adattatore schuko a 2 posti compatibile con lo standard europeo, 16A 250V AC e protezione IP20. Ideale per la connessione sicura di due apparecchi elettrici per interni.<\/p>\n","protected":false},"featured_media":1501,"comment_status":"closed","ping_status":"open","template":"","meta":[],"product_brand":[],"product_cat":[],"product_tag":[15],"class_list":{"0":"post-5293143","1":"product","2":"type-product","3":"status-publish","4":"has-post-thumbnail","6":"product_tag-uncategorized","8":"first","9":"onbackorder","10":"purchasable","11":"product-type-simple"},"jetpack_sharing_enabled":true,"_links":{"self":[{"href":"https:\/\/gadgettravellers.eu\/it\/wp-json\/wp\/v2\/product\/5293143","targetHints":{"allow":["GET"]}}],"collection":[{"href":"https:\/\/gadgettravellers.eu\/it\/wp-json\/wp\/v2\/product"}],"about":[{"href":"https:\/\/gadgettravellers.eu\/it\/wp-json\/wp\/v2\/types\/product"}],"replies":[{"embeddable":true,"href":"https:\/\/gadgettravellers.eu\/it\/wp-json\/wp\/v2\/comments?post=5293143"}],"wp:featuredmedia":[{"embeddable":true,"href":"https:\/\/gadgettravellers.eu\/it\/wp-json\/wp\/v2\/media\/1501"}],"wp:attachment":[{"href":"https:\/\/gadgettravellers.eu\/it\/wp-json\/wp\/v2\/media?parent=5293143"}],"wp:term":[{"taxonomy":"product_brand","embeddable":true,"href":"https:\/\/gadgettravellers.eu\/it\/wp-json\/wp\/v2\/product_brand?post=5293143"},{"taxonomy":"product_cat","embeddable":true,"href":"https:\/\/gadgettravellers.eu\/it\/wp-json\/wp\/v2\/product_cat?post=5293143"},{"taxonomy":"product_tag","embeddable":true,"href":"https:\/\/gadgettravellers.eu\/it\/wp-json\/wp\/v2\/product_tag?post=5293143"}],"curies":[{"name":"wp","href":"https:\/\/api.w.org\/{rel}","templated":true}]}}