{"id":5293583,"date":"2026-01-19T10:39:46","date_gmt":"2026-01-19T08:39:46","guid":{"rendered":"https:\/\/gadgettravellers.eu\/shop\/giacca-da-lavoro-max-vivo-2in1-gialla-ad-alta-visibilita-65poly-35cott-250-g-m%c2%b2-n-48-m\/"},"modified":"2026-04-19T18:55:21","modified_gmt":"2026-04-19T16:55:21","slug":"giacca-da-lavoro-max-vivo-2in1-gialla-ad-alta-visibilita-65poly-35cott-250-g-m%c2%b2-n-48-m","status":"publish","type":"product","link":"https:\/\/gadgettravellers.eu\/it\/shop\/giacca-da-lavoro-max-vivo-2in1-gialla-ad-alta-visibilita-65poly-35cott-250-g-m%c2%b2-n-48-m\/","title":{"rendered":"GIACCA DA LAVORO MAX VIVO 2in1 GIALLA AD ALTA VISIBILIT\u00c0 65%poly-35%cott, 250 g\/m\u00b2 N. 48\/M"},"content":{"rendered":"<p><strong>Caratteristiche Tecniche:<\/strong><\/p>\n<p>Materiale: 65% poliestere, 35% cotone, 250 g\/m\u00b2<br \/>\nRinforzo: Oxford 600D<br \/>\nNorme: EN ISO 13688, EN ISO 20471 (Classe 2), EN ISO 20471 (2 in 1)  <\/p>\n<p><strong>Descrizione:<\/strong><\/p>\n<p>La giacca da lavoro Max Vivo 2 in 1, taglia M, \u00e8 realizzata con materiale di alta qualit\u00e0 per durabilit\u00e0 e comfort. La cerniera e le maniche staccabili la rendono pratica per diverse condizioni climatiche. Le strisce riflettenti, il rinforzo nella zona delle spalle e gli ornamenti riflettenti offrono alta visibilit\u00e0 per uso professionale.<\/p>\n<p><strong>Caratteristiche Importanti:<\/strong><\/p>\n<p>Giacca da lavoro HI-VIS con cerniera e maniche staccabili.<br \/>\nStrisce riflettenti per alta visibilit\u00e0.<br \/>\nRinforzo Oxford 600D nella zona delle spalle.<br \/>\nPolsini elasticizzati a maglia e orlo inferiore elastico in vita.<br \/>\nConforme alle norme EN ISO 13688, EN ISO 20471 (Classe 2) e EN ISO 20471 (2 in 1).<\/p>\n","protected":false},"excerpt":{"rendered":"<p>Giacca da lavoro HI-VIS 2in1 con cerniera e maniche staccabili, rinforzo Oxford 600D e strisce riflettenti. Conforme alla norma EN ISO 20471 (Classe 2) per una migliore visibilit\u00e0. Taglia M.<\/p>\n","protected":false},"featured_media":2279,"comment_status":"closed","ping_status":"open","template":"","meta":[],"product_brand":[],"product_cat":[],"product_tag":[15],"class_list":{"0":"post-5293583","1":"product","2":"type-product","3":"status-publish","4":"has-post-thumbnail","6":"product_tag-uncategorized","8":"first","9":"onbackorder","10":"purchasable","11":"product-type-simple"},"jetpack_sharing_enabled":true,"_links":{"self":[{"href":"https:\/\/gadgettravellers.eu\/it\/wp-json\/wp\/v2\/product\/5293583","targetHints":{"allow":["GET"]}}],"collection":[{"href":"https:\/\/gadgettravellers.eu\/it\/wp-json\/wp\/v2\/product"}],"about":[{"href":"https:\/\/gadgettravellers.eu\/it\/wp-json\/wp\/v2\/types\/product"}],"replies":[{"embeddable":true,"href":"https:\/\/gadgettravellers.eu\/it\/wp-json\/wp\/v2\/comments?post=5293583"}],"wp:featuredmedia":[{"embeddable":true,"href":"https:\/\/gadgettravellers.eu\/it\/wp-json\/wp\/v2\/media\/2279"}],"wp:attachment":[{"href":"https:\/\/gadgettravellers.eu\/it\/wp-json\/wp\/v2\/media?parent=5293583"}],"wp:term":[{"taxonomy":"product_brand","embeddable":true,"href":"https:\/\/gadgettravellers.eu\/it\/wp-json\/wp\/v2\/product_brand?post=5293583"},{"taxonomy":"product_cat","embeddable":true,"href":"https:\/\/gadgettravellers.eu\/it\/wp-json\/wp\/v2\/product_cat?post=5293583"},{"taxonomy":"product_tag","embeddable":true,"href":"https:\/\/gadgettravellers.eu\/it\/wp-json\/wp\/v2\/product_tag?post=5293583"}],"curies":[{"name":"wp","href":"https:\/\/api.w.org\/{rel}","templated":true}]}}