{"id":5293586,"date":"2026-01-19T10:39:48","date_gmt":"2026-01-19T08:39:48","guid":{"rendered":"https:\/\/gadgettravellers.eu\/shop\/giacca-da-lavoro-max-vivo-2in1-gialla-ad-alta-visibilita-65poly-35cott-250-g-m%c2%b2-n-56-xl\/"},"modified":"2026-04-05T19:51:56","modified_gmt":"2026-04-05T17:51:56","slug":"giacca-da-lavoro-max-vivo-2in1-gialla-ad-alta-visibilita-65poly-35cott-250-g-m%c2%b2-n-56-xl","status":"publish","type":"product","link":"https:\/\/gadgettravellers.eu\/it\/shop\/giacca-da-lavoro-max-vivo-2in1-gialla-ad-alta-visibilita-65poly-35cott-250-g-m%c2%b2-n-56-xl\/","title":{"rendered":"GIACCA DA LAVORO MAX VIVO 2in1 GIALLA AD ALTA VISIBILIT\u00c0 65%poly-35%cott, 250 g\/m\u00b2 N. 56\/XL"},"content":{"rendered":"<p><strong>Caratteristiche Tecniche:<\/strong><\/p>\n<p>Materiale: 65% poliestere, 35% cotone, 250 g\/m\u00b2<br \/>\nRinforzo: Oxford 600D<br \/>\nNorme: EN ISO 13688, EN ISO 20471 (Classe 2), EN ISO 20471 (2 in 1)  <\/p>\n<p><strong>Descrizione:<\/strong><\/p>\n<p>La giacca da lavoro Max Vivo 2 in 1 in colore giallo ad alta visibilit\u00e0 nella taglia XL, offre eccellente visibilit\u00e0 e facilit\u00e0 d\u2019uso con la cerniera e le maniche staccabili. Dispone di numerose tasche, strisce riflettenti, area spalle rinforzata e decorazioni riflettenti per la sicurezza sul luogo di lavoro.<\/p>\n<p><strong>Caratteristiche Importanti:<\/strong><\/p>\n<p>Giacca da lavoro HI-VIS con cerniera e maniche staccabili.<br \/>\nRinforzo Oxford 600D nell\u2019area delle spalle.<br \/>\nStrisce riflettenti per alta visibilit\u00e0.<br \/>\nPolsini elasticizzati a maglia delle maniche e orlo inferiore elasticizzato in vita.<br \/>\nConforme alle norme EN ISO 13688, EN ISO 20471 (Classe 2) e EN ISO 20471 (2 in 1).<\/p>\n","protected":false},"excerpt":{"rendered":"<p>Giacca da lavoro 2in1 Hi-Vis con maniche staccabili, cerniera, molte tasche e strisce riflettenti. EN ISO 20471 classe 2, rinforzo Oxford 600D per resistenza e sicurezza.<\/p>\n","protected":false},"featured_media":2279,"comment_status":"closed","ping_status":"open","template":"","meta":[],"product_brand":[],"product_cat":[],"product_tag":[15],"class_list":{"0":"post-5293586","1":"product","2":"type-product","3":"status-publish","4":"has-post-thumbnail","6":"product_tag-uncategorized","8":"first","9":"onbackorder","10":"purchasable","11":"product-type-simple"},"jetpack_sharing_enabled":true,"_links":{"self":[{"href":"https:\/\/gadgettravellers.eu\/it\/wp-json\/wp\/v2\/product\/5293586","targetHints":{"allow":["GET"]}}],"collection":[{"href":"https:\/\/gadgettravellers.eu\/it\/wp-json\/wp\/v2\/product"}],"about":[{"href":"https:\/\/gadgettravellers.eu\/it\/wp-json\/wp\/v2\/types\/product"}],"replies":[{"embeddable":true,"href":"https:\/\/gadgettravellers.eu\/it\/wp-json\/wp\/v2\/comments?post=5293586"}],"wp:featuredmedia":[{"embeddable":true,"href":"https:\/\/gadgettravellers.eu\/it\/wp-json\/wp\/v2\/media\/2279"}],"wp:attachment":[{"href":"https:\/\/gadgettravellers.eu\/it\/wp-json\/wp\/v2\/media?parent=5293586"}],"wp:term":[{"taxonomy":"product_brand","embeddable":true,"href":"https:\/\/gadgettravellers.eu\/it\/wp-json\/wp\/v2\/product_brand?post=5293586"},{"taxonomy":"product_cat","embeddable":true,"href":"https:\/\/gadgettravellers.eu\/it\/wp-json\/wp\/v2\/product_cat?post=5293586"},{"taxonomy":"product_tag","embeddable":true,"href":"https:\/\/gadgettravellers.eu\/it\/wp-json\/wp\/v2\/product_tag?post=5293586"}],"curies":[{"name":"wp","href":"https:\/\/api.w.org\/{rel}","templated":true}]}}