{"id":5293639,"date":"2026-01-19T10:40:29","date_gmt":"2026-01-19T08:40:29","guid":{"rendered":"https:\/\/gadgettravellers.eu\/shop\/cat-set-trapano-a-percussione-li-ion-18v-1x2ah-dx155\/"},"modified":"2026-04-05T19:52:15","modified_gmt":"2026-04-05T17:52:15","slug":"cat-set-trapano-a-percussione-li-ion-18v-1x2ah-dx155","status":"publish","type":"product","link":"https:\/\/gadgettravellers.eu\/it\/shop\/cat-set-trapano-a-percussione-li-ion-18v-1x2ah-dx155\/","title":{"rendered":"CAT Set Trapano a percussione Li-Ion 18V 1x2Ah DX155"},"content":{"rendered":"<p>Caratteristiche:<\/p>\n<p>Tensione: 18V<br \/>\nPosizioni di coppia: 20+3<br \/>\nDimensione mandrino: 13mm<br \/>\nCapacit\u00e0 massima di foratura: legno 35mm, metallo 13mm, muratura 13mm<br \/>\nVelocit\u00e0 a vuoto: 0-400\/0-1600\/min<br \/>\nCoppia massima: 50N.m<br \/>\nFrequenza di percussione: 0-6800\/0-27200bpm<br \/>\nPeso macchina: 1,37Kg<\/p>\n<p>Descrizione: Il set trapano a percussione CAT offre prestazioni affidabili e potenti per lavori di foratura e avvitamento. Con il bloccaggio automatico dell\u2019albero, \u00e8 possibile cambiare rapidamente e facilmente gli accessori. La scatola ha due velocit\u00e0 per un uso flessibile, mentre la velocit\u00e0 variabile consente un controllo completo durante le operazioni di avvitamento. Il mandrino automatico in metallo garantisce una presa affidabile degli accessori. La luce LED offre una migliore visibilit\u00e0 nell\u2019area di lavoro, mentre la clip da cintura consente di avere le mani libere per altri lavori.<\/p>\n<p>ACCESSORI:<\/p>\n<p>1 pz. batteria Li-ion 2,0Ah<br \/>\n1 pz. caricabatterie 4A<br \/>\nClip da cintura 1 pz.<br \/>\nCustodia per trasporto: Valigetta in plastica<\/p>\n","protected":false},"excerpt":{"rendered":"<p>Set trapano a percussione 18V con batteria Li\u2011Ion 2,0Ah, mandrino metallico da 13mm, 20+3 posizioni di coppia, due velocit\u00e0 e LED. Ideale per avvitare e forare su legno, metallo e muratura.<\/p>\n","protected":false},"featured_media":2422,"comment_status":"closed","ping_status":"open","template":"","meta":[],"product_brand":[],"product_cat":[],"product_tag":[15],"class_list":{"0":"post-5293639","1":"product","2":"type-product","3":"status-publish","4":"has-post-thumbnail","6":"product_tag-uncategorized","8":"first","9":"onbackorder","10":"purchasable","11":"product-type-simple"},"jetpack_sharing_enabled":true,"_links":{"self":[{"href":"https:\/\/gadgettravellers.eu\/it\/wp-json\/wp\/v2\/product\/5293639","targetHints":{"allow":["GET"]}}],"collection":[{"href":"https:\/\/gadgettravellers.eu\/it\/wp-json\/wp\/v2\/product"}],"about":[{"href":"https:\/\/gadgettravellers.eu\/it\/wp-json\/wp\/v2\/types\/product"}],"replies":[{"embeddable":true,"href":"https:\/\/gadgettravellers.eu\/it\/wp-json\/wp\/v2\/comments?post=5293639"}],"wp:featuredmedia":[{"embeddable":true,"href":"https:\/\/gadgettravellers.eu\/it\/wp-json\/wp\/v2\/media\/2422"}],"wp:attachment":[{"href":"https:\/\/gadgettravellers.eu\/it\/wp-json\/wp\/v2\/media?parent=5293639"}],"wp:term":[{"taxonomy":"product_brand","embeddable":true,"href":"https:\/\/gadgettravellers.eu\/it\/wp-json\/wp\/v2\/product_brand?post=5293639"},{"taxonomy":"product_cat","embeddable":true,"href":"https:\/\/gadgettravellers.eu\/it\/wp-json\/wp\/v2\/product_cat?post=5293639"},{"taxonomy":"product_tag","embeddable":true,"href":"https:\/\/gadgettravellers.eu\/it\/wp-json\/wp\/v2\/product_tag?post=5293639"}],"curies":[{"name":"wp","href":"https:\/\/api.w.org\/{rel}","templated":true}]}}