{"id":5293671,"date":"2026-01-19T10:40:48","date_gmt":"2026-01-19T08:40:48","guid":{"rendered":"https:\/\/gadgettravellers.eu\/shop\/cat-set-trapano-avvitatore-a-percussione-li-ion-12v-1x2ah-dx15\/"},"modified":"2026-04-19T18:56:03","modified_gmt":"2026-04-19T16:56:03","slug":"cat-set-trapano-avvitatore-a-percussione-li-ion-12v-1x2ah-dx15","status":"publish","type":"product","link":"https:\/\/gadgettravellers.eu\/it\/shop\/cat-set-trapano-avvitatore-a-percussione-li-ion-12v-1x2ah-dx15\/","title":{"rendered":"CAT Set Trapano avvitatore a percussione li-ion 12v 1x2ah dx15"},"content":{"rendered":"<p>Caratteristiche Tecniche:<\/p>\n<p>Tipo: Trapano avvitatore a percussione<br \/>\nTensione Batteria: 12V<br \/>\nCapacit\u00e0 Batteria: 1\u00d72Ah Posizioni di coppia: 21+1+1<br \/>\nDimensione mandrino: 10mm<br \/>\nCapacit\u00e0 massima di foratura: legno 20mm, metallo 8mm, calcestruzzo 8mm<br \/>\nVelocit\u00e0 a vuoto: 0-400\/0-1500\/min<br \/>\nCoppia massima: 30N.m<br \/>\nNumero massimo di colpi: 0-5800\/0-22500bpm<br \/>\nPeso macchina: 1,07kg<\/p>\n<p>Descrizione:<\/p>\n<p>Il CAT SET TRAPANO AVVITATORE A PERCUSSIONE Li-ion 12V 1\u00d72Ah DX15 \u00e8 uno strumento professionale che combina potenza e portabilit\u00e0 per ogni tipo di lavoro.<\/p>\n<p>Caratteristiche principali:<\/p>\n<p>Multifunzione: Adatto per forare e avvitare, con funzione a percussione per lavori su materiali duri.<br \/>\nDesign ergonomico: Il design ergonomico garantisce un uso confortevole e un lavoro controllato.<br \/>\nPortabilit\u00e0: Con la batteria Li-ion 12V 1\u00d72Ah, lo strumento \u00e8 leggero e portatile per facilit\u00e0 d\u2019uso.<br \/>\nScegli il CAT SET TRAPANO AVVITATORE A PERCUSSIONE Li-ion 12V 1\u00d72Ah DX15 per soddisfare le tue esigenze in ogni lavoro. Con la combinazione di potenza e portabilit\u00e0, questo strumento ti aiuter\u00e0 a completare i tuoi lavori con efficienza e comodit\u00e0.<\/p>\n<p>Accessori:<\/p>\n<p>1 pz. Pacco batteria Li-ion 2,0Ah<br \/>\n1 pz. Caricabatterie<\/p>\n","protected":false},"excerpt":{"rendered":"<p>Trapano avvitatore a percussione professionale 12V Li\u2011ion (1\u00d72Ah) con mandrino da 10mm, 21 regolazioni di coppia e coppia massima di 30N\u00b7m \u2014 ideale per forare e avvitare su legno, metallo e calcestruzzo.<\/p>\n","protected":false},"featured_media":2478,"comment_status":"closed","ping_status":"open","template":"","meta":[],"product_brand":[],"product_cat":[],"product_tag":[15],"class_list":{"0":"post-5293671","1":"product","2":"type-product","3":"status-publish","4":"has-post-thumbnail","6":"product_tag-uncategorized","8":"first","9":"onbackorder","10":"purchasable","11":"product-type-simple"},"jetpack_sharing_enabled":true,"_links":{"self":[{"href":"https:\/\/gadgettravellers.eu\/it\/wp-json\/wp\/v2\/product\/5293671","targetHints":{"allow":["GET"]}}],"collection":[{"href":"https:\/\/gadgettravellers.eu\/it\/wp-json\/wp\/v2\/product"}],"about":[{"href":"https:\/\/gadgettravellers.eu\/it\/wp-json\/wp\/v2\/types\/product"}],"replies":[{"embeddable":true,"href":"https:\/\/gadgettravellers.eu\/it\/wp-json\/wp\/v2\/comments?post=5293671"}],"wp:featuredmedia":[{"embeddable":true,"href":"https:\/\/gadgettravellers.eu\/it\/wp-json\/wp\/v2\/media\/2478"}],"wp:attachment":[{"href":"https:\/\/gadgettravellers.eu\/it\/wp-json\/wp\/v2\/media?parent=5293671"}],"wp:term":[{"taxonomy":"product_brand","embeddable":true,"href":"https:\/\/gadgettravellers.eu\/it\/wp-json\/wp\/v2\/product_brand?post=5293671"},{"taxonomy":"product_cat","embeddable":true,"href":"https:\/\/gadgettravellers.eu\/it\/wp-json\/wp\/v2\/product_cat?post=5293671"},{"taxonomy":"product_tag","embeddable":true,"href":"https:\/\/gadgettravellers.eu\/it\/wp-json\/wp\/v2\/product_tag?post=5293671"}],"curies":[{"name":"wp","href":"https:\/\/api.w.org\/{rel}","templated":true}]}}