{"id":5293952,"date":"2026-01-19T10:43:25","date_gmt":"2026-01-19T08:43:25","guid":{"rendered":"https:\/\/gadgettravellers.eu\/shop\/gtc-pomoli-maniglia-mod-285-s-c-lunghezza-totale-350mm-centri-vite-256mm\/"},"modified":"2026-04-04T19:46:46","modified_gmt":"2026-04-04T17:46:46","slug":"gtc-pomoli-maniglia-mod-285-s-c-lunghezza-totale-350mm-centri-vite-256mm","status":"publish","type":"product","link":"https:\/\/gadgettravellers.eu\/it\/shop\/gtc-pomoli-maniglia-mod-285-s-c-lunghezza-totale-350mm-centri-vite-256mm\/","title":{"rendered":"GTC POMOLI MANIGLIA mod.285 S\/C Lunghezza Totale 350mm Centri Vite 256mm"},"content":{"rendered":"<p>Caratteristiche tecniche:<\/p>\n<p>Prodotto pronto per l&#8217;installazione.<br \/>\nLe maniglie possono essere verniciate in tutte le tonalit\u00e0 RAL.<br \/>\nProdotto fabbricato in Grecia.<\/p>\n","protected":false},"excerpt":{"rendered":"<p>Maniglia metallica mod.285 pronta per l&#8217;installazione, lunghezza 350mm con interasse viti 256mm. Pu\u00f2 essere verniciata in tutte le tonalit\u00e0 RAL ed \u00e8 prodotta in Grecia.<\/p>\n","protected":false},"featured_media":3026,"comment_status":"closed","ping_status":"open","template":"","meta":[],"product_brand":[],"product_cat":[],"product_tag":[15],"class_list":{"0":"post-5293952","1":"product","2":"type-product","3":"status-publish","4":"has-post-thumbnail","6":"product_tag-uncategorized","8":"first","9":"onbackorder","10":"purchasable","11":"product-type-simple"},"jetpack_sharing_enabled":true,"_links":{"self":[{"href":"https:\/\/gadgettravellers.eu\/it\/wp-json\/wp\/v2\/product\/5293952","targetHints":{"allow":["GET"]}}],"collection":[{"href":"https:\/\/gadgettravellers.eu\/it\/wp-json\/wp\/v2\/product"}],"about":[{"href":"https:\/\/gadgettravellers.eu\/it\/wp-json\/wp\/v2\/types\/product"}],"replies":[{"embeddable":true,"href":"https:\/\/gadgettravellers.eu\/it\/wp-json\/wp\/v2\/comments?post=5293952"}],"wp:featuredmedia":[{"embeddable":true,"href":"https:\/\/gadgettravellers.eu\/it\/wp-json\/wp\/v2\/media\/3026"}],"wp:attachment":[{"href":"https:\/\/gadgettravellers.eu\/it\/wp-json\/wp\/v2\/media?parent=5293952"}],"wp:term":[{"taxonomy":"product_brand","embeddable":true,"href":"https:\/\/gadgettravellers.eu\/it\/wp-json\/wp\/v2\/product_brand?post=5293952"},{"taxonomy":"product_cat","embeddable":true,"href":"https:\/\/gadgettravellers.eu\/it\/wp-json\/wp\/v2\/product_cat?post=5293952"},{"taxonomy":"product_tag","embeddable":true,"href":"https:\/\/gadgettravellers.eu\/it\/wp-json\/wp\/v2\/product_tag?post=5293952"}],"curies":[{"name":"wp","href":"https:\/\/api.w.org\/{rel}","templated":true}]}}