{"id":5294185,"date":"2026-01-19T10:45:07","date_gmt":"2026-01-19T08:45:07","guid":{"rendered":"https:\/\/gadgettravellers.eu\/shop\/top-master-set-tedesco-6-pezzi-cr-v-nichel-6-17mm-235115\/"},"modified":"2026-04-04T19:48:12","modified_gmt":"2026-04-04T17:48:12","slug":"top-master-set-tedesco-6-pezzi-cr-v-nichel-6-17mm-235115","status":"publish","type":"product","link":"https:\/\/gadgettravellers.eu\/it\/shop\/top-master-set-tedesco-6-pezzi-cr-v-nichel-6-17mm-235115\/","title":{"rendered":"TOP MASTER Set tedesco 6 pezzi Cr-V nichel 6-17MM 235115"},"content":{"rendered":"<p><strong>CARATTERISTICHE TECNICHE:<\/strong><br \/>\nCategoria: Set di Chiavi Tedesco<br \/>\nMateriale: Acciaio al Cromo Vanadio (Cr-V)<br \/>\nFinitura: Superficie Liscia a Specchio<br \/>\nDimensione: 6\u00d77|8\u00d79|10\u00d711|12\u00d713|14\u00d715|16\u00d717 millimetri <\/p>\n<p><strong>DESCRIZIONE:<\/strong><br \/>\nIl set di chiavi tedesco della serie TOP MASTER \u00e8 un set di chiavi tedesche di qualit\u00e0 e resistente, realizzato in acciaio al cromo vanadio (Cr-V).<br \/>\nIl set include 6 pezzi con dimensioni variabili da 6\u00d77 millimetri a 16\u00d717 millimetri, coprendo cos\u00ec le esigenze di lavoro di base.<\/p>\n<p><strong>CARATTERISTICHE IMPORTANTI:<\/strong><br \/>\nMateriale: Acciaio al Cromo Vanadio (Cr-V)<br \/>\nFinitura: Superficie Liscia a Specchio<br \/>\nDimensione: 6\u00d77|8\u00d79|10\u00d711|12\u00d713|14\u00d715|16\u00d717 millimetri<\/p>\n","protected":false},"excerpt":{"rendered":"<p>Set di 6 chiavi inglesi Cr-V tedesche (da 6\u00d77 a 16\u00d717 mm) con finitura a specchio \u2014 resistenti e di precisione, ideali per uso professionale o domestico.<\/p>\n","protected":false},"featured_media":3499,"comment_status":"closed","ping_status":"open","template":"","meta":[],"product_brand":[],"product_cat":[],"product_tag":[15],"class_list":{"0":"post-5294185","1":"product","2":"type-product","3":"status-publish","4":"has-post-thumbnail","6":"product_tag-uncategorized","8":"first","9":"onbackorder","10":"purchasable","11":"product-type-simple"},"jetpack_sharing_enabled":true,"_links":{"self":[{"href":"https:\/\/gadgettravellers.eu\/it\/wp-json\/wp\/v2\/product\/5294185","targetHints":{"allow":["GET"]}}],"collection":[{"href":"https:\/\/gadgettravellers.eu\/it\/wp-json\/wp\/v2\/product"}],"about":[{"href":"https:\/\/gadgettravellers.eu\/it\/wp-json\/wp\/v2\/types\/product"}],"replies":[{"embeddable":true,"href":"https:\/\/gadgettravellers.eu\/it\/wp-json\/wp\/v2\/comments?post=5294185"}],"wp:featuredmedia":[{"embeddable":true,"href":"https:\/\/gadgettravellers.eu\/it\/wp-json\/wp\/v2\/media\/3499"}],"wp:attachment":[{"href":"https:\/\/gadgettravellers.eu\/it\/wp-json\/wp\/v2\/media?parent=5294185"}],"wp:term":[{"taxonomy":"product_brand","embeddable":true,"href":"https:\/\/gadgettravellers.eu\/it\/wp-json\/wp\/v2\/product_brand?post=5294185"},{"taxonomy":"product_cat","embeddable":true,"href":"https:\/\/gadgettravellers.eu\/it\/wp-json\/wp\/v2\/product_cat?post=5294185"},{"taxonomy":"product_tag","embeddable":true,"href":"https:\/\/gadgettravellers.eu\/it\/wp-json\/wp\/v2\/product_tag?post=5294185"}],"curies":[{"name":"wp","href":"https:\/\/api.w.org\/{rel}","templated":true}]}}