{"id":5294186,"date":"2026-01-19T10:45:07","date_gmt":"2026-01-19T08:45:07","guid":{"rendered":"https:\/\/gadgettravellers.eu\/shop\/top-master-set-tedesco-8-pezzi-cr-v-nichel-6-22mm-235116\/"},"modified":"2026-04-05T19:55:27","modified_gmt":"2026-04-05T17:55:27","slug":"top-master-set-tedesco-8-pezzi-cr-v-nichel-6-22mm-235116","status":"publish","type":"product","link":"https:\/\/gadgettravellers.eu\/it\/shop\/top-master-set-tedesco-8-pezzi-cr-v-nichel-6-22mm-235116\/","title":{"rendered":"TOP MASTER Set tedesco 8 pezzi Cr-V nichel 6-22MM 235116"},"content":{"rendered":"<p><strong>Caratteristiche Tecniche:<\/strong><br \/>\nCategoria: Set di Chiavi Tedesco<br \/>\nMateriale: Acciaio al Cromo Vanadio (Cr-V)<br \/>\nFinitura: Superficie Liscia a Specchio<br \/>\nDimensione: 6\u00d77|6\u00d78|10\u00d711|12\u00d713|14\u00d715|16\u00d717|18\u00d719|20&#215;22 millimetri  <\/p>\n<p><strong>Descrizione:<\/strong><br \/>\nIl set di chiavi tedesco in acciaio al cromo vanadio (Cr-V) \u00e8 composto da 8 chiavi di dimensioni che variano da 6\u00d77 millimetri a 20&#215;22 millimetri.<br \/>\nLa loro superficie liscia offre durabilit\u00e0 e prestazioni in vari lavori.<\/p>\n<p><strong>Caratteristiche Importanti:<\/strong><br \/>\nMateriale: Acciaio al Cromo Vanadio (Cr-V)<br \/>\nFinitura: Superficie Liscia a Specchio<br \/>\nDimensione: 6\u00d77|6\u00d78|10\u00d711|12\u00d713|14\u00d715|16\u00d717|18\u00d719|20&#215;22 millimetri<\/p>\n","protected":false},"excerpt":{"rendered":"<p>Set di 8 chiavi tedesche Cr-V (6\u201322 mm) con rivestimento in nichel e finitura a specchio. Resistenti e di precisione, ideali per uso professionale o domestico.<\/p>\n","protected":false},"featured_media":3501,"comment_status":"closed","ping_status":"open","template":"","meta":[],"product_brand":[],"product_cat":[],"product_tag":[15],"class_list":{"0":"post-5294186","1":"product","2":"type-product","3":"status-publish","4":"has-post-thumbnail","6":"product_tag-uncategorized","8":"first","9":"onbackorder","10":"purchasable","11":"product-type-simple"},"jetpack_sharing_enabled":true,"_links":{"self":[{"href":"https:\/\/gadgettravellers.eu\/it\/wp-json\/wp\/v2\/product\/5294186","targetHints":{"allow":["GET"]}}],"collection":[{"href":"https:\/\/gadgettravellers.eu\/it\/wp-json\/wp\/v2\/product"}],"about":[{"href":"https:\/\/gadgettravellers.eu\/it\/wp-json\/wp\/v2\/types\/product"}],"replies":[{"embeddable":true,"href":"https:\/\/gadgettravellers.eu\/it\/wp-json\/wp\/v2\/comments?post=5294186"}],"wp:featuredmedia":[{"embeddable":true,"href":"https:\/\/gadgettravellers.eu\/it\/wp-json\/wp\/v2\/media\/3501"}],"wp:attachment":[{"href":"https:\/\/gadgettravellers.eu\/it\/wp-json\/wp\/v2\/media?parent=5294186"}],"wp:term":[{"taxonomy":"product_brand","embeddable":true,"href":"https:\/\/gadgettravellers.eu\/it\/wp-json\/wp\/v2\/product_brand?post=5294186"},{"taxonomy":"product_cat","embeddable":true,"href":"https:\/\/gadgettravellers.eu\/it\/wp-json\/wp\/v2\/product_cat?post=5294186"},{"taxonomy":"product_tag","embeddable":true,"href":"https:\/\/gadgettravellers.eu\/it\/wp-json\/wp\/v2\/product_tag?post=5294186"}],"curies":[{"name":"wp","href":"https:\/\/api.w.org\/{rel}","templated":true}]}}