{"id":5294674,"date":"2026-01-19T10:49:06","date_gmt":"2026-01-19T08:49:06","guid":{"rendered":"https:\/\/gadgettravellers.eu\/shop\/raider-adattatore-per-trapano-da-sds-max-a-sds-plus-159916\/"},"modified":"2026-04-19T19:06:26","modified_gmt":"2026-04-19T17:06:26","slug":"raider-adattatore-per-trapano-da-sds-max-a-sds-plus-159916","status":"publish","type":"product","link":"https:\/\/gadgettravellers.eu\/it\/shop\/raider-adattatore-per-trapano-da-sds-max-a-sds-plus-159916\/","title":{"rendered":"RAIDER Adattatore per trapano da sds-max a sds-plus 159916"},"content":{"rendered":"<p><strong>Caratteristiche Tecniche:<\/strong><\/p>\n<p>Materiale: Metallo<br \/>\nDimensione Filettatura: SDS-Plus<br \/>\nImpugnatura: SDS-Max<br \/>\nDimensione: SDS-Max  <\/p>\n<p><strong>Descrizione:<\/strong><\/p>\n<p>L&#8217;adattatore per trapano SDS-MAX a SDS-PLUS della RAIDER \u00e8 realizzato in metallo resistente per una lunga durata e affidabilit\u00e0. Dispone di filettatura SDS-Plus per un&#8217;installazione facile, mentre l&#8217;impugnatura \u00e8 compatibile con il sistema SDS-Max.<\/p>\n<p><strong>Caratteristiche Importanti:<\/strong><\/p>\n<p>Costruzione Resistente: Realizzato in metallo resistente per una lunga durata.<br \/>\nFacile da Usare: Con filettatura SDS-Plus per un&#8217;installazione rapida e semplice.<br \/>\nCompatibilit\u00e0: L&#8217;impugnatura SDS-Max consente l&#8217;uso con vari utensili SDS-Max.<\/p>\n","protected":false},"excerpt":{"rendered":"<p>Adattatore SDS-Max a SDS-Plus in metallo resistente per un uso rapido, sicuro e affidabile con trapani a percussione. Consente l&#8217;uso di accessori SDS-Plus con impugnature SDS-Max.<\/p>\n","protected":false},"featured_media":4982,"comment_status":"closed","ping_status":"open","template":"","meta":[],"product_brand":[],"product_cat":[],"product_tag":[15],"class_list":{"0":"post-5294674","1":"product","2":"type-product","3":"status-publish","4":"has-post-thumbnail","6":"product_tag-uncategorized","8":"first","9":"onbackorder","10":"purchasable","11":"product-type-simple"},"jetpack_sharing_enabled":true,"_links":{"self":[{"href":"https:\/\/gadgettravellers.eu\/it\/wp-json\/wp\/v2\/product\/5294674","targetHints":{"allow":["GET"]}}],"collection":[{"href":"https:\/\/gadgettravellers.eu\/it\/wp-json\/wp\/v2\/product"}],"about":[{"href":"https:\/\/gadgettravellers.eu\/it\/wp-json\/wp\/v2\/types\/product"}],"replies":[{"embeddable":true,"href":"https:\/\/gadgettravellers.eu\/it\/wp-json\/wp\/v2\/comments?post=5294674"}],"wp:featuredmedia":[{"embeddable":true,"href":"https:\/\/gadgettravellers.eu\/it\/wp-json\/wp\/v2\/media\/4982"}],"wp:attachment":[{"href":"https:\/\/gadgettravellers.eu\/it\/wp-json\/wp\/v2\/media?parent=5294674"}],"wp:term":[{"taxonomy":"product_brand","embeddable":true,"href":"https:\/\/gadgettravellers.eu\/it\/wp-json\/wp\/v2\/product_brand?post=5294674"},{"taxonomy":"product_cat","embeddable":true,"href":"https:\/\/gadgettravellers.eu\/it\/wp-json\/wp\/v2\/product_cat?post=5294674"},{"taxonomy":"product_tag","embeddable":true,"href":"https:\/\/gadgettravellers.eu\/it\/wp-json\/wp\/v2\/product_tag?post=5294674"}],"curies":[{"name":"wp","href":"https:\/\/api.w.org\/{rel}","templated":true}]}}