{"id":5294704,"date":"2026-01-19T10:49:23","date_gmt":"2026-01-19T08:49:23","guid":{"rendered":"https:\/\/gadgettravellers.eu\/shop\/raider-spazzola-metallica-per-smerigliatrice-angolare-campana-100mm-m14-171106\/"},"modified":"2026-04-19T19:06:46","modified_gmt":"2026-04-19T17:06:46","slug":"raider-spazzola-metallica-per-smerigliatrice-angolare-campana-100mm-m14-171106","status":"publish","type":"product","link":"https:\/\/gadgettravellers.eu\/it\/shop\/raider-spazzola-metallica-per-smerigliatrice-angolare-campana-100mm-m14-171106\/","title":{"rendered":"RAIDER Spazzola metallica per smerigliatrice angolare campana 100MM M14 171106"},"content":{"rendered":"<p><strong>Caratteristiche Tecniche:<\/strong><\/p>\n<p>Marca\/Produttore: RAIDER<br \/>\nTipo: Spazzola a filo per smerigliatrice angolare<br \/>\nCodice Prodotto: 171106<br \/>\nDiametro: 100mm<br \/>\nTipo: Campana<br \/>\nDiametro Interno del Disco: M14  <\/p>\n<p><strong>Descrizione:<\/strong><\/p>\n<p>La spazzola a filo a campana per smerigliatrice angolare RAIDER offre una rimozione efficace dello sporco. Ha un diametro di 100mm, un diametro interno del disco M14 ed \u00e8 progettata per adattarsi alle smerigliatrici angolari. Realizzata per uso professionale, offre resistenza e affidabilit\u00e0 nelle operazioni di pulizia pi\u00f9 impegnative.<\/p>\n<p><strong>Caratteristiche Importanti:<\/strong><\/p>\n<p>Durabilit\u00e0: Realizzata con materiali di alta qualit\u00e0 per una maggiore resistenza e prestazioni.<br \/>\nVariet\u00e0 di Usi: Adatta per la rimozione dello sporco.<br \/>\nFacile Installazione: Si applica facilmente alle smerigliatrici angolari con diametro interno del disco M14.<\/p>\n","protected":false},"excerpt":{"rendered":"<p>Spazzola a campana in filo metallico 100mm con filettatura M14 per smerigliatrici angolari. Ideale per la rimozione di ruggine, vernice e preparazione delle superfici, con facile installazione e resistenza all&#8217;uso.<\/p>\n","protected":false},"featured_media":5143,"comment_status":"closed","ping_status":"open","template":"","meta":[],"product_brand":[],"product_cat":[],"product_tag":[15],"class_list":{"0":"post-5294704","1":"product","2":"type-product","3":"status-publish","4":"has-post-thumbnail","6":"product_tag-uncategorized","8":"first","9":"onbackorder","10":"purchasable","11":"product-type-simple"},"jetpack_sharing_enabled":true,"_links":{"self":[{"href":"https:\/\/gadgettravellers.eu\/it\/wp-json\/wp\/v2\/product\/5294704","targetHints":{"allow":["GET"]}}],"collection":[{"href":"https:\/\/gadgettravellers.eu\/it\/wp-json\/wp\/v2\/product"}],"about":[{"href":"https:\/\/gadgettravellers.eu\/it\/wp-json\/wp\/v2\/types\/product"}],"replies":[{"embeddable":true,"href":"https:\/\/gadgettravellers.eu\/it\/wp-json\/wp\/v2\/comments?post=5294704"}],"wp:featuredmedia":[{"embeddable":true,"href":"https:\/\/gadgettravellers.eu\/it\/wp-json\/wp\/v2\/media\/5143"}],"wp:attachment":[{"href":"https:\/\/gadgettravellers.eu\/it\/wp-json\/wp\/v2\/media?parent=5294704"}],"wp:term":[{"taxonomy":"product_brand","embeddable":true,"href":"https:\/\/gadgettravellers.eu\/it\/wp-json\/wp\/v2\/product_brand?post=5294704"},{"taxonomy":"product_cat","embeddable":true,"href":"https:\/\/gadgettravellers.eu\/it\/wp-json\/wp\/v2\/product_cat?post=5294704"},{"taxonomy":"product_tag","embeddable":true,"href":"https:\/\/gadgettravellers.eu\/it\/wp-json\/wp\/v2\/product_tag?post=5294704"}],"curies":[{"name":"wp","href":"https:\/\/api.w.org\/{rel}","templated":true}]}}