{"id":5294747,"date":"2026-01-19T10:49:40","date_gmt":"2026-01-19T08:49:40","guid":{"rendered":"https:\/\/gadgettravellers.eu\/shop\/top-garden-regolatore-dacqua-in-plastica-380927\/"},"modified":"2026-04-03T20:27:43","modified_gmt":"2026-04-03T18:27:43","slug":"top-garden-regolatore-dacqua-in-plastica-380927","status":"publish","type":"product","link":"https:\/\/gadgettravellers.eu\/it\/shop\/top-garden-regolatore-dacqua-in-plastica-380927\/","title":{"rendered":"TOP GARDEN Regolatore d&#8217;acqua in plastica 380927"},"content":{"rendered":"<p><strong>Caratteristiche Tecniche:<\/strong><\/p>\n<p>Codice Prodotto: 380927<br \/>\nRegolatore di flusso in plastica<br \/>\nAdatto per l&#8217;uso in giardino e in ambito agricolo<\/p>\n<p><strong>Descrizione:<\/strong><\/p>\n<p>Il regolatore di flusso TOP GARDEN \u00e8 realizzato in materiale plastico ed \u00e8 utilizzato per il controllo della pressione dell&#8217;acqua in ambito agricolo e in giardino. \u00c8 resistente e offre un funzionamento affidabile.<\/p>\n<p><strong>Caratteristiche Importanti:<\/strong><\/p>\n<p>Regolatore di flusso in plastica<br \/>\nAdatto per l&#8217;uso in giardino e in ambito agricolo<\/p>\n<p>Il regolatore di flusso TOP GARDEN \u00e8 uno strumento in plastica utilizzato per il controllo della pressione dell&#8217;acqua in ambito agricolo e in giardino. \u00c8 affidabile e estremamente resistente.<\/p>\n","protected":false},"excerpt":{"rendered":"<p>Regolatore di pressione dell&#8217;acqua in plastica per il controllo della pressione dell&#8217;acqua in giardino e uso agricolo. Resistente e facile da installare, compatibile con tubazioni e tubi flessibili.<\/p>\n","protected":false},"featured_media":5380,"comment_status":"closed","ping_status":"open","template":"","meta":[],"product_brand":[],"product_cat":[],"product_tag":[15],"class_list":{"0":"post-5294747","1":"product","2":"type-product","3":"status-publish","4":"has-post-thumbnail","6":"product_tag-uncategorized","8":"first","9":"onbackorder","10":"purchasable","11":"product-type-simple"},"jetpack_sharing_enabled":true,"_links":{"self":[{"href":"https:\/\/gadgettravellers.eu\/it\/wp-json\/wp\/v2\/product\/5294747","targetHints":{"allow":["GET"]}}],"collection":[{"href":"https:\/\/gadgettravellers.eu\/it\/wp-json\/wp\/v2\/product"}],"about":[{"href":"https:\/\/gadgettravellers.eu\/it\/wp-json\/wp\/v2\/types\/product"}],"replies":[{"embeddable":true,"href":"https:\/\/gadgettravellers.eu\/it\/wp-json\/wp\/v2\/comments?post=5294747"}],"wp:featuredmedia":[{"embeddable":true,"href":"https:\/\/gadgettravellers.eu\/it\/wp-json\/wp\/v2\/media\/5380"}],"wp:attachment":[{"href":"https:\/\/gadgettravellers.eu\/it\/wp-json\/wp\/v2\/media?parent=5294747"}],"wp:term":[{"taxonomy":"product_brand","embeddable":true,"href":"https:\/\/gadgettravellers.eu\/it\/wp-json\/wp\/v2\/product_brand?post=5294747"},{"taxonomy":"product_cat","embeddable":true,"href":"https:\/\/gadgettravellers.eu\/it\/wp-json\/wp\/v2\/product_cat?post=5294747"},{"taxonomy":"product_tag","embeddable":true,"href":"https:\/\/gadgettravellers.eu\/it\/wp-json\/wp\/v2\/product_tag?post=5294747"}],"curies":[{"name":"wp","href":"https:\/\/api.w.org\/{rel}","templated":true}]}}