{"id":5294789,"date":"2026-01-19T10:50:06","date_gmt":"2026-01-19T08:50:06","guid":{"rendered":"https:\/\/gadgettravellers.eu\/shop\/raider-cric-idraulico-rd-hb03-3t-300102\/"},"modified":"2026-04-03T20:28:00","modified_gmt":"2026-04-03T18:28:00","slug":"raider-cric-idraulico-rd-hb03-3t-300102","status":"publish","type":"product","link":"https:\/\/gadgettravellers.eu\/it\/shop\/raider-cric-idraulico-rd-hb03-3t-300102\/","title":{"rendered":"RAIDER Cric idraulico RD-HB03 3T 300102"},"content":{"rendered":"<p><strong>Caratteristiche Tecniche:<\/strong><\/p>\n<p>Capacit\u00e0: 3 ton<br \/>\nAltezza massima: 340mm<br \/>\nAltezza minima: 180mm<br \/>\nSollevamento: 110mm<br \/>\nRegolazione altezza: 50mm<br \/>\nPeso: 2,811kg<\/p>\n<p><strong>Descrizione:<\/strong><\/p>\n<p>Il cric idraulico RD-HB03 3T (300102) tipo &#8220;bombola&#8221; della RAIDER \u00e8 progettato per sollevare carichi pesanti fino a 3 tonnellate. Con tecnologia idraulica che garantisce un sollevamento fluido e facile con un&#8217;altezza massima di 340 mm e un&#8217;altezza minima di 180 mm. La vite di regolazione dell&#8217;altezza offre ulteriore flessibilit\u00e0 con un sollevamento fino a 50 mm, mentre il peso totale del cric \u00e8 di 2,811 kg, rendendolo ancora pi\u00f9 maneggevole.<\/p>\n<p><strong>Caratteristiche Importanti:<\/strong><\/p>\n<p>Meccanismo idraulico per un sollevamento facile<br \/>\nCapacit\u00e0 di sollevamento 3 tonnellate<br \/>\nDesign compatto per facile stoccaggio e trasporto<br \/>\nVite di regolazione dell&#8217;altezza per un sollevamento aggiuntivo di 50 MM<\/p>\n","protected":false},"excerpt":{"rendered":"<p>Martinetto idraulico a bottiglia da 3 tonnellate con altezza massima di 340 mm e minima di 180 mm. Compatto, con regolazione a vite +50 mm, ideale per lavori su automobili e garage.<\/p>\n","protected":false},"featured_media":5533,"comment_status":"closed","ping_status":"open","template":"","meta":[],"product_brand":[],"product_cat":[],"product_tag":[15],"class_list":{"0":"post-5294789","1":"product","2":"type-product","3":"status-publish","4":"has-post-thumbnail","6":"product_tag-uncategorized","8":"first","9":"onbackorder","10":"purchasable","11":"product-type-simple"},"jetpack_sharing_enabled":true,"_links":{"self":[{"href":"https:\/\/gadgettravellers.eu\/it\/wp-json\/wp\/v2\/product\/5294789","targetHints":{"allow":["GET"]}}],"collection":[{"href":"https:\/\/gadgettravellers.eu\/it\/wp-json\/wp\/v2\/product"}],"about":[{"href":"https:\/\/gadgettravellers.eu\/it\/wp-json\/wp\/v2\/types\/product"}],"replies":[{"embeddable":true,"href":"https:\/\/gadgettravellers.eu\/it\/wp-json\/wp\/v2\/comments?post=5294789"}],"wp:featuredmedia":[{"embeddable":true,"href":"https:\/\/gadgettravellers.eu\/it\/wp-json\/wp\/v2\/media\/5533"}],"wp:attachment":[{"href":"https:\/\/gadgettravellers.eu\/it\/wp-json\/wp\/v2\/media?parent=5294789"}],"wp:term":[{"taxonomy":"product_brand","embeddable":true,"href":"https:\/\/gadgettravellers.eu\/it\/wp-json\/wp\/v2\/product_brand?post=5294789"},{"taxonomy":"product_cat","embeddable":true,"href":"https:\/\/gadgettravellers.eu\/it\/wp-json\/wp\/v2\/product_cat?post=5294789"},{"taxonomy":"product_tag","embeddable":true,"href":"https:\/\/gadgettravellers.eu\/it\/wp-json\/wp\/v2\/product_tag?post=5294789"}],"curies":[{"name":"wp","href":"https:\/\/api.w.org\/{rel}","templated":true}]}}