{"id":5294871,"date":"2026-01-19T10:50:49","date_gmt":"2026-01-19T08:50:49","guid":{"rendered":"https:\/\/gadgettravellers.eu\/shop\/raider-set-di-10-pezzi-di-carta-abrasiva-di-ricambio-per-utensile-multifunzione-delta-93mm-155609\/"},"modified":"2026-04-19T19:08:30","modified_gmt":"2026-04-19T17:08:30","slug":"raider-set-di-10-pezzi-di-carta-abrasiva-di-ricambio-per-utensile-multifunzione-delta-93mm-155609","status":"publish","type":"product","link":"https:\/\/gadgettravellers.eu\/it\/shop\/raider-set-di-10-pezzi-di-carta-abrasiva-di-ricambio-per-utensile-multifunzione-delta-93mm-155609\/","title":{"rendered":"RAIDER Set di 10 pezzi di carta abrasiva di ricambio per utensile multifunzione Delta 93mm 155609"},"content":{"rendered":"<p><strong>Caratteristiche Tecniche:<\/strong><\/p>\n<p>Impugnatura: B&#038;D<br \/>\nConfezione: 10 pezzi<br \/>\nApplicazione: Multitool<br \/>\nDimensione: 93mm  <\/p>\n<p><strong>Descrizione:<\/strong><\/p>\n<p>Il set di ricambi di carta abrasiva per multitool RAIDER comprende 10 pezzi per la sostituzione. Realizzati per una levigatura ed elaborazione efficace delle superfici, hanno una dimensione di 93mm e sono compatibili con diversi utensili.<\/p>\n<p><strong>Caratteristiche Importanti:<\/strong><\/p>\n<p>Alta Qualit\u00e0: Realizzati con materiali di qualit\u00e0 per durabilit\u00e0 e uso a lungo termine.<br \/>\nUso Multiplo: Adatti per levigare ed elaborare varie superfici.<br \/>\nSostituzione Facile: Applicazione e sostituzione semplici.<\/p>\n","protected":false},"excerpt":{"rendered":"<p>Set da 10 ricambi di carta abrasiva a forma di delta da 93mm per utensili multifunzione, con velcro per una rapida sostituzione e struttura resistente per una levigatura efficace su molteplici superfici.<\/p>\n","protected":false},"featured_media":5958,"comment_status":"closed","ping_status":"open","template":"","meta":[],"product_brand":[],"product_cat":[],"product_tag":[15],"class_list":{"0":"post-5294871","1":"product","2":"type-product","3":"status-publish","4":"has-post-thumbnail","6":"product_tag-uncategorized","8":"first","9":"onbackorder","10":"purchasable","11":"product-type-simple"},"jetpack_sharing_enabled":true,"_links":{"self":[{"href":"https:\/\/gadgettravellers.eu\/it\/wp-json\/wp\/v2\/product\/5294871","targetHints":{"allow":["GET"]}}],"collection":[{"href":"https:\/\/gadgettravellers.eu\/it\/wp-json\/wp\/v2\/product"}],"about":[{"href":"https:\/\/gadgettravellers.eu\/it\/wp-json\/wp\/v2\/types\/product"}],"replies":[{"embeddable":true,"href":"https:\/\/gadgettravellers.eu\/it\/wp-json\/wp\/v2\/comments?post=5294871"}],"wp:featuredmedia":[{"embeddable":true,"href":"https:\/\/gadgettravellers.eu\/it\/wp-json\/wp\/v2\/media\/5958"}],"wp:attachment":[{"href":"https:\/\/gadgettravellers.eu\/it\/wp-json\/wp\/v2\/media?parent=5294871"}],"wp:term":[{"taxonomy":"product_brand","embeddable":true,"href":"https:\/\/gadgettravellers.eu\/it\/wp-json\/wp\/v2\/product_brand?post=5294871"},{"taxonomy":"product_cat","embeddable":true,"href":"https:\/\/gadgettravellers.eu\/it\/wp-json\/wp\/v2\/product_cat?post=5294871"},{"taxonomy":"product_tag","embeddable":true,"href":"https:\/\/gadgettravellers.eu\/it\/wp-json\/wp\/v2\/product_tag?post=5294871"}],"curies":[{"name":"wp","href":"https:\/\/api.w.org\/{rel}","templated":true}]}}