{"id":5294887,"date":"2026-01-19T10:50:55","date_gmt":"2026-01-19T08:50:55","guid":{"rendered":"https:\/\/gadgettravellers.eu\/shop\/raider-forbice-per-bordura-a-benzina-rd-ght02-075702\/"},"modified":"2026-04-15T20:24:05","modified_gmt":"2026-04-15T18:24:05","slug":"raider-forbice-per-bordura-a-benzina-rd-ght02-075702","status":"publish","type":"product","link":"https:\/\/gadgettravellers.eu\/it\/shop\/raider-forbice-per-bordura-a-benzina-rd-ght02-075702\/","title":{"rendered":"RAIDER Forbice per bordura a benzina RD-GHT02 075702"},"content":{"rendered":"<p><strong>Caratteristiche Tecniche:<\/strong><\/p>\n<p>Potenza: 0,8hp\/0,65kw<br \/>\nLunghezza Lama: 560 mm<br \/>\nCapacit\u00e0 di Taglio: 23 mm<br \/>\nVelocit\u00e0 Massima a Vuoto: 6500 min-1<br \/>\nCapacit\u00e0 Serbatoio Carburante: 500 ml<br \/>\nCilindrata Motore: 22,5 cm\u00b3<br \/>\nAvviamento Manuale<br \/>\nImpugnatura Girevole<br \/>\nPeso: 5,97kg<\/p>\n<p><strong>Descrizione:<\/strong><\/p>\n<p>Il tagliasiepi a benzina Raider RD-GHT02 075702 \u00e8 uno strumento di alta qualit\u00e0, durevole, sicuro ed efficiente. \u00c8 dotato di un motore a benzina a due tempi raffreddato ad aria e, grazie alla sua mobilit\u00e0 estremamente elevata, soddisfa tutte le esigenze per la manutenzione del vostro cortile o giardino.<\/p>\n<p><strong>Caratteristiche Importanti:<\/strong><\/p>\n<p>Costruzione: Costruzione di alta qualit\u00e0, progettata per resistenza e sicurezza.<br \/>\nAutonomia: Dotato di serbatoio da 500ml per autonomia durante il lavoro.<\/p>\n","protected":false},"excerpt":{"rendered":"<p>Tagliasiepi a benzina con lama da 560mm e motore da 22,5cm\u00b3 (0,8hp). Taglia fino a 23mm, serbatoio da 500ml, manico rotante e avviamento manuale \u2014 ideale per la manutenzione del giardino.<\/p>\n","protected":false},"featured_media":6101,"comment_status":"closed","ping_status":"open","template":"","meta":[],"product_brand":[],"product_cat":[],"product_tag":[15],"class_list":{"0":"post-5294887","1":"product","2":"type-product","3":"status-publish","4":"has-post-thumbnail","6":"product_tag-uncategorized","8":"first","9":"onbackorder","10":"purchasable","11":"product-type-simple"},"jetpack_sharing_enabled":true,"_links":{"self":[{"href":"https:\/\/gadgettravellers.eu\/it\/wp-json\/wp\/v2\/product\/5294887","targetHints":{"allow":["GET"]}}],"collection":[{"href":"https:\/\/gadgettravellers.eu\/it\/wp-json\/wp\/v2\/product"}],"about":[{"href":"https:\/\/gadgettravellers.eu\/it\/wp-json\/wp\/v2\/types\/product"}],"replies":[{"embeddable":true,"href":"https:\/\/gadgettravellers.eu\/it\/wp-json\/wp\/v2\/comments?post=5294887"}],"wp:featuredmedia":[{"embeddable":true,"href":"https:\/\/gadgettravellers.eu\/it\/wp-json\/wp\/v2\/media\/6101"}],"wp:attachment":[{"href":"https:\/\/gadgettravellers.eu\/it\/wp-json\/wp\/v2\/media?parent=5294887"}],"wp:term":[{"taxonomy":"product_brand","embeddable":true,"href":"https:\/\/gadgettravellers.eu\/it\/wp-json\/wp\/v2\/product_brand?post=5294887"},{"taxonomy":"product_cat","embeddable":true,"href":"https:\/\/gadgettravellers.eu\/it\/wp-json\/wp\/v2\/product_cat?post=5294887"},{"taxonomy":"product_tag","embeddable":true,"href":"https:\/\/gadgettravellers.eu\/it\/wp-json\/wp\/v2\/product_tag?post=5294887"}],"curies":[{"name":"wp","href":"https:\/\/api.w.org\/{rel}","templated":true}]}}