{"id":5294919,"date":"2026-01-19T10:51:10","date_gmt":"2026-01-19T08:51:10","guid":{"rendered":"https:\/\/gadgettravellers.eu\/shop\/raider-saldatore-pompa-saldatura-set-40w-076406\/"},"modified":"2026-04-04T19:53:13","modified_gmt":"2026-04-04T17:53:13","slug":"raider-saldatore-pompa-saldatura-set-40w-076406","status":"publish","type":"product","link":"https:\/\/gadgettravellers.eu\/it\/shop\/raider-saldatore-pompa-saldatura-set-40w-076406\/","title":{"rendered":"RAIDER Saldatore\/pompa\/saldatura set 40W 076406"},"content":{"rendered":"<p><strong>Caratteristiche Tecniche:<\/strong><\/p>\n<p>Peso: 210gr<\/p>\n<p><strong>Descrizione:<\/strong><\/p>\n<p>Il saldatore\/pompa\/saldatura set 40W 076406 della Raider \u00e8 estremamente leggero e facile da usare. Con possibilit\u00e0 di collegamento a cavo e tensione nominale di 230V, \u00e8 una scelta ideale per la saldatura di componenti elettronici, blocchi diagrammi, collegamento di vari tipi di cavi, elementi LED e altri lavori di saldatura.<\/p>\n<p><strong>Caratteristiche Importanti:<\/strong><\/p>\n<p>Facile da usare: Il design garantisce un uso semplice e confortevole.<br \/>\nUso Multiplo: Adatto per la saldatura di componenti elettronici, blocchi diagrammi, collegamento cavi, LED ecc.<br \/>\nAlta Prestazione: Saldatura affidabile ed efficace con potenza nominale di 40W.<br \/>\nUso Sicuro: Con tensione nominale di 230 V e temperatura di lavoro di 250\u00b0C.<\/p>\n","protected":false},"excerpt":{"rendered":"<p>Saldatore leggero set 40W con pompa di aspirazione, funzionamento a 230V e temperatura di lavoro 250\u00b0C \u2014 adatto per la saldatura di componenti elettronici, LED e cavi.<\/p>\n","protected":false},"featured_media":6170,"comment_status":"closed","ping_status":"open","template":"","meta":[],"product_brand":[],"product_cat":[],"product_tag":[15],"class_list":{"0":"post-5294919","1":"product","2":"type-product","3":"status-publish","4":"has-post-thumbnail","6":"product_tag-uncategorized","8":"first","9":"onbackorder","10":"purchasable","11":"product-type-simple"},"jetpack_sharing_enabled":true,"_links":{"self":[{"href":"https:\/\/gadgettravellers.eu\/it\/wp-json\/wp\/v2\/product\/5294919","targetHints":{"allow":["GET"]}}],"collection":[{"href":"https:\/\/gadgettravellers.eu\/it\/wp-json\/wp\/v2\/product"}],"about":[{"href":"https:\/\/gadgettravellers.eu\/it\/wp-json\/wp\/v2\/types\/product"}],"replies":[{"embeddable":true,"href":"https:\/\/gadgettravellers.eu\/it\/wp-json\/wp\/v2\/comments?post=5294919"}],"wp:featuredmedia":[{"embeddable":true,"href":"https:\/\/gadgettravellers.eu\/it\/wp-json\/wp\/v2\/media\/6170"}],"wp:attachment":[{"href":"https:\/\/gadgettravellers.eu\/it\/wp-json\/wp\/v2\/media?parent=5294919"}],"wp:term":[{"taxonomy":"product_brand","embeddable":true,"href":"https:\/\/gadgettravellers.eu\/it\/wp-json\/wp\/v2\/product_brand?post=5294919"},{"taxonomy":"product_cat","embeddable":true,"href":"https:\/\/gadgettravellers.eu\/it\/wp-json\/wp\/v2\/product_cat?post=5294919"},{"taxonomy":"product_tag","embeddable":true,"href":"https:\/\/gadgettravellers.eu\/it\/wp-json\/wp\/v2\/product_tag?post=5294919"}],"curies":[{"name":"wp","href":"https:\/\/api.w.org\/{rel}","templated":true}]}}