{"id":5295047,"date":"2026-01-19T10:51:59","date_gmt":"2026-01-19T08:51:59","guid":{"rendered":"https:\/\/gadgettravellers.eu\/shop\/raider-scopa-per-cenere-1000w-con-contenitore-18lt-rd-wc02n-090304\/"},"modified":"2026-04-14T00:23:17","modified_gmt":"2026-04-13T22:23:17","slug":"raider-scopa-per-cenere-1000w-con-contenitore-18lt-rd-wc02n-090304","status":"publish","type":"product","link":"https:\/\/gadgettravellers.eu\/it\/shop\/raider-scopa-per-cenere-1000w-con-contenitore-18lt-rd-wc02n-090304\/","title":{"rendered":"RAIDER Scopa per cenere 1000W con contenitore 18lt RD-WC02N 090304"},"content":{"rendered":"<p><strong>Caratteristiche Tecniche<\/strong><\/p>\n<p>Potenza: 1000W<br \/>\nCapacit\u00e0: 18 Litri<br \/>\nPortata Massima: 1488 l\/min<br \/>\nLunghezza Cavo: 1.5m<br \/>\nDiametro Tubo: 40mm<br \/>\nLunghezza Tubo: 1.4m<br \/>\nCapacit\u00e0 Sacchetto Filtro: 18 Litri<br \/>\nPeso: 2,9kg<br \/>\nTensione: 230 V<br \/>\nFunzione Soffiatore: S\u00ec<\/p>\n<p><strong>Descrizione<\/strong><\/p>\n<p>L\u2019aspirapolvere per cenere RD-WC02N di RAIDER \u00e8 progettato appositamente per una pulizia efficace e facile della cenere e delle impurit\u00e0 dal camino o dalla caldaia.<\/p>\n<p><strong>Caratteristiche Importanti<\/strong><\/p>\n<p>Potente Prestazione 1000W: Aspira rapidamente ed efficacemente.<br \/>\nSerbatoio in Metallo: Costruzione resistente e affidabile.<br \/>\nFiltro HEPA: Offre una filtrazione efficace delle particelle.<br \/>\nPortata Massima 1488 l\/min: Pulizia rapida ed efficiente.<br \/>\nLunghezza Cavo 1.5m: Accesso facile alle aree da pulire.<br \/>\nDiametro Tubo 40mm: Garantisce una forte aspirazione.<br \/>\nLunghezza Tubo 1.4m: Uso comodo e adattabile.<br \/>\nCapacit\u00e0 Serbatoio 18 Litri: Pulisci di pi\u00f9 senza svuotamenti frequenti.<br \/>\nTensione 230V: Alta prestazione e facilit\u00e0 d\u2019uso.<br \/>\nCapacit\u00e0 Sacchetto Filtro 18 Litri: Grande capacit\u00e0 di raccolta delle impurit\u00e0.<\/p>\n","protected":false},"excerpt":{"rendered":"<p>Aspirapolvere per cenere potente 1000W con serbatoio metallico da 18L e filtro HEPA, ideale per la pulizia di camini e caldaie. Soffiatore, tubo da 40mm e lunghezza 1,4m per una facile maneggevolezza.<\/p>\n","protected":false},"featured_media":6874,"comment_status":"closed","ping_status":"open","template":"","meta":[],"product_brand":[],"product_cat":[],"product_tag":[15],"class_list":{"0":"post-5295047","1":"product","2":"type-product","3":"status-publish","4":"has-post-thumbnail","6":"product_tag-uncategorized","8":"first","9":"onbackorder","10":"purchasable","11":"product-type-simple"},"jetpack_sharing_enabled":true,"_links":{"self":[{"href":"https:\/\/gadgettravellers.eu\/it\/wp-json\/wp\/v2\/product\/5295047","targetHints":{"allow":["GET"]}}],"collection":[{"href":"https:\/\/gadgettravellers.eu\/it\/wp-json\/wp\/v2\/product"}],"about":[{"href":"https:\/\/gadgettravellers.eu\/it\/wp-json\/wp\/v2\/types\/product"}],"replies":[{"embeddable":true,"href":"https:\/\/gadgettravellers.eu\/it\/wp-json\/wp\/v2\/comments?post=5295047"}],"wp:featuredmedia":[{"embeddable":true,"href":"https:\/\/gadgettravellers.eu\/it\/wp-json\/wp\/v2\/media\/6874"}],"wp:attachment":[{"href":"https:\/\/gadgettravellers.eu\/it\/wp-json\/wp\/v2\/media?parent=5295047"}],"wp:term":[{"taxonomy":"product_brand","embeddable":true,"href":"https:\/\/gadgettravellers.eu\/it\/wp-json\/wp\/v2\/product_brand?post=5295047"},{"taxonomy":"product_cat","embeddable":true,"href":"https:\/\/gadgettravellers.eu\/it\/wp-json\/wp\/v2\/product_cat?post=5295047"},{"taxonomy":"product_tag","embeddable":true,"href":"https:\/\/gadgettravellers.eu\/it\/wp-json\/wp\/v2\/product_tag?post=5295047"}],"curies":[{"name":"wp","href":"https:\/\/api.w.org\/{rel}","templated":true}]}}