{"id":5295070,"date":"2026-01-19T10:52:12","date_gmt":"2026-01-19T08:52:12","guid":{"rendered":"https:\/\/gadgettravellers.eu\/shop\/top-garden-zappetta-pieghevole-380459\/"},"modified":"2026-04-07T20:08:31","modified_gmt":"2026-04-07T18:08:31","slug":"top-garden-zappetta-pieghevole-380459","status":"publish","type":"product","link":"https:\/\/gadgettravellers.eu\/it\/shop\/top-garden-zappetta-pieghevole-380459\/","title":{"rendered":"TOP GARDEN Zappetta pieghevole 380459"},"content":{"rendered":"<p><strong>Caratteristiche Tecniche:<\/strong><\/p>\n<p>Codice Prodotto: 380459<br \/>\nAdatto per uso agricolo e orticolo.<br \/>\nRealizzato con materiali resistenti per una lunga durata.<br \/>\nDotato di manico antiscivolo per un uso confortevole.<\/p>\n<p><strong>Descrizione:<\/strong><\/p>\n<p>Il TOP GARDEN PALA PIEGHEVOLE \u00e8 ideale per uso agricolo e orticolo. Realizzato con materiali resistenti, offre una lunga durata e la possibilit\u00e0 di un uso efficace su diversi terreni. \u00c8 dotato di un manico antiscivolo che garantisce un uso confortevole e una facile maneggevolezza.<\/p>\n<p><strong>Caratteristiche Importanti:<\/strong><\/p>\n<p>Adatto per uso agricolo e orticolo.<br \/>\nRealizzato con materiali resistenti per una lunga durata.<br \/>\nDotato di manico antiscivolo per un uso confortevole.<\/p>\n<p>Il TOP GARDEN PALA PIEGHEVOLE 380459 \u00e8 lo strumento ideale per lavori agricoli e orticoli. Realizzato con materiali resistenti, offre grande resistenza e la possibilit\u00e0 di un uso efficace su diversi terreni. Il suo manico antiscivolo garantisce un uso confortevole e una facile maneggevolezza.<\/p>\n","protected":false},"excerpt":{"rendered":"<p>Zappetta pieghevole ideale per lavori agricoli e orticoli, realizzata con materiali resistenti per una lunga durata. Dispone di manico antiscivolo e design pieghevole per una facile conservazione.<\/p>\n","protected":false},"featured_media":7038,"comment_status":"closed","ping_status":"open","template":"","meta":[],"product_brand":[],"product_cat":[],"product_tag":[15],"class_list":{"0":"post-5295070","1":"product","2":"type-product","3":"status-publish","4":"has-post-thumbnail","6":"product_tag-uncategorized","8":"first","9":"onbackorder","10":"purchasable","11":"product-type-simple"},"jetpack_sharing_enabled":true,"_links":{"self":[{"href":"https:\/\/gadgettravellers.eu\/it\/wp-json\/wp\/v2\/product\/5295070","targetHints":{"allow":["GET"]}}],"collection":[{"href":"https:\/\/gadgettravellers.eu\/it\/wp-json\/wp\/v2\/product"}],"about":[{"href":"https:\/\/gadgettravellers.eu\/it\/wp-json\/wp\/v2\/types\/product"}],"replies":[{"embeddable":true,"href":"https:\/\/gadgettravellers.eu\/it\/wp-json\/wp\/v2\/comments?post=5295070"}],"wp:featuredmedia":[{"embeddable":true,"href":"https:\/\/gadgettravellers.eu\/it\/wp-json\/wp\/v2\/media\/7038"}],"wp:attachment":[{"href":"https:\/\/gadgettravellers.eu\/it\/wp-json\/wp\/v2\/media?parent=5295070"}],"wp:term":[{"taxonomy":"product_brand","embeddable":true,"href":"https:\/\/gadgettravellers.eu\/it\/wp-json\/wp\/v2\/product_brand?post=5295070"},{"taxonomy":"product_cat","embeddable":true,"href":"https:\/\/gadgettravellers.eu\/it\/wp-json\/wp\/v2\/product_cat?post=5295070"},{"taxonomy":"product_tag","embeddable":true,"href":"https:\/\/gadgettravellers.eu\/it\/wp-json\/wp\/v2\/product_tag?post=5295070"}],"curies":[{"name":"wp","href":"https:\/\/api.w.org\/{rel}","templated":true}]}}