{"id":5295226,"date":"2026-01-19T10:53:21","date_gmt":"2026-01-19T08:53:21","guid":{"rendered":"https:\/\/gadgettravellers.eu\/shop\/raider-agitatore-elettrico-per-vernici-rd-hm08-1400w-078509\/"},"modified":"2026-04-11T20:05:47","modified_gmt":"2026-04-11T18:05:47","slug":"raider-agitatore-elettrico-per-vernici-rd-hm08-1400w-078509","status":"publish","type":"product","link":"https:\/\/gadgettravellers.eu\/it\/shop\/raider-agitatore-elettrico-per-vernici-rd-hm08-1400w-078509\/","title":{"rendered":"RAIDER Agitatore elettrico per vernici RD-HM08 1400W 078509"},"content":{"rendered":"<p><strong>Caratteristiche Tecniche:<\/strong><\/p>\n<p>Potenza: 1400 W<br \/>\nVelocit\u00e0 massima a vuoto: 200|700 min-1<br \/>\nTensione nominale: 230 V<br \/>\nDiametro miscelatore: 120 mm<br \/>\nLunghezza cavo: 2 m<br \/>\nLivello di vibrazione k: 3,19 m\/s\u00b2<br \/>\nVolume massimo serbatoio: 40 l<br \/>\nLivello di pressione sonora lpa k: 87,6 dB(A)<br \/>\nLivello di potenza sonora lwa k: 98,6 dB<br \/>\nVelocit\u00e0: 2<br \/>\nPeso: 4,96kg<\/p>\n<p><strong>Descrizione:<\/strong><\/p>\n<p>Il miscelatore di vernice RAIDER RD-HM08 \u00e8 ideale per mescolare adesivi per piastrelle, vernici, malte e altri composti da costruzione. \u00c8 dotato di un potente motore da 1400W, riduttore a doppia velocit\u00e0 e illuminazione a LED per un facile utilizzo.<\/p>\n<p><strong>Caratteristiche principali:<\/strong><\/p>\n<p>Motore potente: con potenza nominale di ingresso di 1400W per una miscelazione efficace.<br \/>\nIlluminazione a LED: offre una migliore visibilit\u00e0 durante l&#8217;uso.<br \/>\nVelocit\u00e0 regolabili: consentono di adattarsi alle esigenze di miscelazione.<\/p>\n","protected":false},"excerpt":{"rendered":"<p>Mescolatore 1400W con doppie velocit\u00e0 e LED, ideale per la miscelazione di colori, malte e adesivi. Mescolatore 120mm, capacit\u00e0 massima 40L, lunghezza cavo 2m.<\/p>\n","protected":false},"featured_media":7762,"comment_status":"closed","ping_status":"open","template":"","meta":[],"product_brand":[],"product_cat":[],"product_tag":[15],"class_list":{"0":"post-5295226","1":"product","2":"type-product","3":"status-publish","4":"has-post-thumbnail","6":"product_tag-uncategorized","8":"first","9":"onbackorder","10":"purchasable","11":"product-type-simple"},"jetpack_sharing_enabled":true,"_links":{"self":[{"href":"https:\/\/gadgettravellers.eu\/it\/wp-json\/wp\/v2\/product\/5295226","targetHints":{"allow":["GET"]}}],"collection":[{"href":"https:\/\/gadgettravellers.eu\/it\/wp-json\/wp\/v2\/product"}],"about":[{"href":"https:\/\/gadgettravellers.eu\/it\/wp-json\/wp\/v2\/types\/product"}],"replies":[{"embeddable":true,"href":"https:\/\/gadgettravellers.eu\/it\/wp-json\/wp\/v2\/comments?post=5295226"}],"wp:featuredmedia":[{"embeddable":true,"href":"https:\/\/gadgettravellers.eu\/it\/wp-json\/wp\/v2\/media\/7762"}],"wp:attachment":[{"href":"https:\/\/gadgettravellers.eu\/it\/wp-json\/wp\/v2\/media?parent=5295226"}],"wp:term":[{"taxonomy":"product_brand","embeddable":true,"href":"https:\/\/gadgettravellers.eu\/it\/wp-json\/wp\/v2\/product_brand?post=5295226"},{"taxonomy":"product_cat","embeddable":true,"href":"https:\/\/gadgettravellers.eu\/it\/wp-json\/wp\/v2\/product_cat?post=5295226"},{"taxonomy":"product_tag","embeddable":true,"href":"https:\/\/gadgettravellers.eu\/it\/wp-json\/wp\/v2\/product_tag?post=5295226"}],"curies":[{"name":"wp","href":"https:\/\/api.w.org\/{rel}","templated":true}]}}