{"id":5295230,"date":"2026-01-19T10:53:22","date_gmt":"2026-01-19T08:53:22","guid":{"rendered":"https:\/\/gadgettravellers.eu\/shop\/raider-trapano-a-percussione-rotativo-1010w-sds-plus-rd-hd52-013134\/"},"modified":"2026-04-11T20:05:49","modified_gmt":"2026-04-11T18:05:49","slug":"raider-trapano-a-percussione-rotativo-1010w-sds-plus-rd-hd52-013134","status":"publish","type":"product","link":"https:\/\/gadgettravellers.eu\/it\/shop\/raider-trapano-a-percussione-rotativo-1010w-sds-plus-rd-hd52-013134\/","title":{"rendered":"RAIDER Trapano a percussione rotativo 1010W SDS-plus RD-HD52 013134"},"content":{"rendered":"<p><strong>Caratteristiche Tecniche:<\/strong><\/p>\n<p>Potenza: 1010W<br \/>\nVelocit\u00e0 Massima a Vuoto: 0|800min-1<br \/>\nEnergia d&#8217;Impatto Massima: 3.5J<br \/>\nFunzioni: Foratura\/Perforazione a percussione\/<br \/>\nScalpello\/Scalpello rotante<br \/>\nAttacco utensile: SDS+<br \/>\nFrequenza d&#8217;Impatto Massima: 4000min-1<br \/>\nPeso: 4.58kg<br \/>\nForatura massima nel legno: 40mm<br \/>\nForatura massima nel calcestruzzo: 26mm<br \/>\nForatura massima nel metallo: 13mm<\/p>\n<p><strong>Descrizione:<\/strong><\/p>\n<p>Il trapano a percussione rotativo Raider 1010W SDS-plus RD-HD52 013134 \u00e8 uno strumento potente e affidabile. Ha una potenza di 1010W che lo rende ideale per lavori sia su cemento, sia su legno e metallo.<br \/>\nDispone di attacco SDS-plus, che permette una facile sostituzione e installazione dei vari accessori per foratura e percussione. Inoltre, grazie all&#8217;energia d&#8217;impatto di 2,5J, \u00e8 in grado di eseguire lavori con eccellente efficienza. La capacit\u00e0 massima di foratura dello strumento \u00e8 di 32mm per il cemento, 13mm per il metallo e 40mm per il legno. Il pacchetto include 3 diverse dimensioni di punte e 2 diversi tipi di scalpelli.<\/p>\n<p><strong>Caratteristiche Importanti:<\/strong><\/p>\n<p>Potenza: Alta potenza di 1010w per lavori efficaci<br \/>\nFunzioni di foratura: La capacit\u00e0 massima di foratura dello strumento \u00e8 di 32mm per il cemento, 13mm per il metallo e 40mm per il legno.<br \/>\nFlessibilit\u00e0: Attacco SDS-plus per facile installazione e cambio degli accessori.<br \/>\nAdatto per professionisti e hobbisti.<\/p>\n","protected":false},"excerpt":{"rendered":"<p>Martello perforatore potente da 1010W con attacco SDS-plus per un rapido cambio degli utensili. Ideale per cemento, legno e metallo, con punte e scalpelli inclusi per uso professionale.<\/p>\n","protected":false},"featured_media":7768,"comment_status":"closed","ping_status":"open","template":"","meta":[],"product_brand":[],"product_cat":[],"product_tag":[15],"class_list":{"0":"post-5295230","1":"product","2":"type-product","3":"status-publish","4":"has-post-thumbnail","6":"product_tag-uncategorized","8":"first","9":"onbackorder","10":"purchasable","11":"product-type-simple"},"jetpack_sharing_enabled":true,"_links":{"self":[{"href":"https:\/\/gadgettravellers.eu\/it\/wp-json\/wp\/v2\/product\/5295230","targetHints":{"allow":["GET"]}}],"collection":[{"href":"https:\/\/gadgettravellers.eu\/it\/wp-json\/wp\/v2\/product"}],"about":[{"href":"https:\/\/gadgettravellers.eu\/it\/wp-json\/wp\/v2\/types\/product"}],"replies":[{"embeddable":true,"href":"https:\/\/gadgettravellers.eu\/it\/wp-json\/wp\/v2\/comments?post=5295230"}],"wp:featuredmedia":[{"embeddable":true,"href":"https:\/\/gadgettravellers.eu\/it\/wp-json\/wp\/v2\/media\/7768"}],"wp:attachment":[{"href":"https:\/\/gadgettravellers.eu\/it\/wp-json\/wp\/v2\/media?parent=5295230"}],"wp:term":[{"taxonomy":"product_brand","embeddable":true,"href":"https:\/\/gadgettravellers.eu\/it\/wp-json\/wp\/v2\/product_brand?post=5295230"},{"taxonomy":"product_cat","embeddable":true,"href":"https:\/\/gadgettravellers.eu\/it\/wp-json\/wp\/v2\/product_cat?post=5295230"},{"taxonomy":"product_tag","embeddable":true,"href":"https:\/\/gadgettravellers.eu\/it\/wp-json\/wp\/v2\/product_tag?post=5295230"}],"curies":[{"name":"wp","href":"https:\/\/api.w.org\/{rel}","templated":true}]}}