{"id":5295255,"date":"2026-01-19T10:53:32","date_gmt":"2026-01-19T08:53:32","guid":{"rendered":"https:\/\/gadgettravellers.eu\/shop\/raider-sega-500w-rd-js31-050126\/"},"modified":"2026-04-19T19:12:27","modified_gmt":"2026-04-19T17:12:27","slug":"raider-sega-500w-rd-js31-050126","status":"publish","type":"product","link":"https:\/\/gadgettravellers.eu\/it\/shop\/raider-sega-500w-rd-js31-050126\/","title":{"rendered":"RAIDER Sega 500W RD-JS31 050126"},"content":{"rendered":"<p><strong>Caratteristiche Tecniche:<\/strong><\/p>\n<p>Potenza: 500W<br \/>\nMovimenti: 0|3000min-1<br \/>\nOscillazione della lama: 20mm<br \/>\nInclinazione massima di taglio: 0|45\u00b0<br \/>\nSpessore massimo di taglio nel legno: 65mm<br \/>\nPeso: 1,38kg<br \/>\nTensione nominale: 230V<\/p>\n<p><strong>Descrizione:<\/strong><\/p>\n<p>La sega a gattuccio 500W RD-JS31 050126 della Raider ha una potenza nominale di ingresso di 500W ed \u00e8 progettata per effettuare tagli precisi con comodit\u00e0. Con uno spessore massimo di taglio nel legno di 65mm e nell&#8217;acciaio di 6mm, affronta con facilit\u00e0 varie lavorazioni.<\/p>\n<p><strong>Caratteristiche importanti:<\/strong><\/p>\n<p>Precisione di taglio: Oscillazione della lama di 20mm per tagli precisi.<br \/>\nVersatilit\u00e0: Taglia legno fino a 65mm di spessore e acciaio fino a 6mm di spessore.<br \/>\nFacilit\u00e0 d&#8217;uso: Regolazione dell&#8217;oscillazione e dell&#8217;inclinazione per un lavoro flessibile.<br \/>\nPrestazioni affidabili: Potenza nominale di 500W per tagli stabili e affidabili.<\/p>\n","protected":false},"excerpt":{"rendered":"<p>Seghetto alternativo 500W con velocit\u00e0 regolabile 0-3000 giri\/min, corsa di 20mm e taglio massimo su legno 65mm e acciaio 6mm. Leggero (1380g) con inclinazione 0-45\u00b0 per tagli precisi e multifunzionali.<\/p>\n","protected":false},"featured_media":7968,"comment_status":"closed","ping_status":"open","template":"","meta":[],"product_brand":[],"product_cat":[],"product_tag":[15],"class_list":{"0":"post-5295255","1":"product","2":"type-product","3":"status-publish","4":"has-post-thumbnail","6":"product_tag-uncategorized","8":"first","9":"onbackorder","10":"purchasable","11":"product-type-simple"},"jetpack_sharing_enabled":true,"_links":{"self":[{"href":"https:\/\/gadgettravellers.eu\/it\/wp-json\/wp\/v2\/product\/5295255","targetHints":{"allow":["GET"]}}],"collection":[{"href":"https:\/\/gadgettravellers.eu\/it\/wp-json\/wp\/v2\/product"}],"about":[{"href":"https:\/\/gadgettravellers.eu\/it\/wp-json\/wp\/v2\/types\/product"}],"replies":[{"embeddable":true,"href":"https:\/\/gadgettravellers.eu\/it\/wp-json\/wp\/v2\/comments?post=5295255"}],"wp:featuredmedia":[{"embeddable":true,"href":"https:\/\/gadgettravellers.eu\/it\/wp-json\/wp\/v2\/media\/7968"}],"wp:attachment":[{"href":"https:\/\/gadgettravellers.eu\/it\/wp-json\/wp\/v2\/media?parent=5295255"}],"wp:term":[{"taxonomy":"product_brand","embeddable":true,"href":"https:\/\/gadgettravellers.eu\/it\/wp-json\/wp\/v2\/product_brand?post=5295255"},{"taxonomy":"product_cat","embeddable":true,"href":"https:\/\/gadgettravellers.eu\/it\/wp-json\/wp\/v2\/product_cat?post=5295255"},{"taxonomy":"product_tag","embeddable":true,"href":"https:\/\/gadgettravellers.eu\/it\/wp-json\/wp\/v2\/product_tag?post=5295255"}],"curies":[{"name":"wp","href":"https:\/\/api.w.org\/{rel}","templated":true}]}}