{"id":5295256,"date":"2026-01-19T10:53:33","date_gmt":"2026-01-19T08:53:33","guid":{"rendered":"https:\/\/gadgettravellers.eu\/shop\/top-master-allen-no-13-390168-2\/"},"modified":"2026-04-11T20:06:01","modified_gmt":"2026-04-11T18:06:01","slug":"top-master-allen-no-13-390168-2","status":"publish","type":"product","link":"https:\/\/gadgettravellers.eu\/it\/shop\/top-master-allen-no-13-390168-2\/","title":{"rendered":"TOP MASTER Allen No.13 390168"},"content":{"rendered":"<p><strong>Caratteristiche Tecniche:<\/strong><\/p>\n<p>Tipo: Allen N.13<br \/>\nDimensione: 13<br \/>\nLunghezza: 130mm<br \/>\nMateriale: Acciaio cromo vanadio (Cr-V)  <\/p>\n<p><strong>Descrizione:<\/strong><\/p>\n<p>L&#8217;Allen N.13 della serie TOP MASTER si distingue per affidabilit\u00e0 e resistenza.<br \/>\nRealizzato in acciaio cromo vanadio (Cr-V), \u00e8 uno strumento affidabile per ogni uso.<\/p>\n<p><strong>Caratteristiche Importanti:<\/strong><\/p>\n<p>Flessibilit\u00e0: La costruzione speciale dell&#8217;Allen N.13 offre flessibilit\u00e0 e facilit\u00e0 d&#8217;uso.<br \/>\nResistenza: Realizzato in acciaio cromo vanadio per durare nel tempo.<\/p>\n","protected":false},"excerpt":{"rendered":"<p>Allen No.13 (13mm, lunghezza 130mm) in acciaio cromo-vanadio Cr-V. Strumento manuale solido e resistente per lavori meccanici e manutenzione.<\/p>\n","protected":false},"featured_media":7974,"comment_status":"closed","ping_status":"open","template":"","meta":[],"product_brand":[],"product_cat":[],"product_tag":[15],"class_list":{"0":"post-5295256","1":"product","2":"type-product","3":"status-publish","4":"has-post-thumbnail","6":"product_tag-uncategorized","8":"first","9":"onbackorder","10":"purchasable","11":"product-type-simple"},"jetpack_sharing_enabled":true,"_links":{"self":[{"href":"https:\/\/gadgettravellers.eu\/it\/wp-json\/wp\/v2\/product\/5295256","targetHints":{"allow":["GET"]}}],"collection":[{"href":"https:\/\/gadgettravellers.eu\/it\/wp-json\/wp\/v2\/product"}],"about":[{"href":"https:\/\/gadgettravellers.eu\/it\/wp-json\/wp\/v2\/types\/product"}],"replies":[{"embeddable":true,"href":"https:\/\/gadgettravellers.eu\/it\/wp-json\/wp\/v2\/comments?post=5295256"}],"wp:featuredmedia":[{"embeddable":true,"href":"https:\/\/gadgettravellers.eu\/it\/wp-json\/wp\/v2\/media\/7974"}],"wp:attachment":[{"href":"https:\/\/gadgettravellers.eu\/it\/wp-json\/wp\/v2\/media?parent=5295256"}],"wp:term":[{"taxonomy":"product_brand","embeddable":true,"href":"https:\/\/gadgettravellers.eu\/it\/wp-json\/wp\/v2\/product_brand?post=5295256"},{"taxonomy":"product_cat","embeddable":true,"href":"https:\/\/gadgettravellers.eu\/it\/wp-json\/wp\/v2\/product_cat?post=5295256"},{"taxonomy":"product_tag","embeddable":true,"href":"https:\/\/gadgettravellers.eu\/it\/wp-json\/wp\/v2\/product_tag?post=5295256"}],"curies":[{"name":"wp","href":"https:\/\/api.w.org\/{rel}","templated":true}]}}