{"id":5295275,"date":"2026-01-19T10:53:44","date_gmt":"2026-01-19T08:53:44","guid":{"rendered":"https:\/\/gadgettravellers.eu\/shop\/raider-agitatore-elettrico-per-vernici-doppio-rd-hm09-1600w-078601\/"},"modified":"2026-04-11T20:06:08","modified_gmt":"2026-04-11T18:06:08","slug":"raider-agitatore-elettrico-per-vernici-doppio-rd-hm09-1600w-078601","status":"publish","type":"product","link":"https:\/\/gadgettravellers.eu\/it\/shop\/raider-agitatore-elettrico-per-vernici-doppio-rd-hm09-1600w-078601\/","title":{"rendered":"RAIDER Agitatore elettrico per vernici doppio RD-HM09 1600W 078601"},"content":{"rendered":"<p><strong>Caratteristiche Tecniche:<\/strong><\/p>\n<p>Potenza: 1600 W<br \/>\nVelocit\u00e0 massima a vuoto: 620 min-1<br \/>\nDiametro: 120 mm<br \/>\nVelocit\u00e0: 2<br \/>\nAgitatori: 2<br \/>\nImpugnatura: HEX13<br \/>\nPeso: 6,62kg<br \/>\nTensione nominale: 230 V<br \/>\nRiduttore a doppia velocit\u00e0<br \/>\nLunghezza cavo: 2 m<\/p>\n<p><strong>Descrizione:<\/strong><\/p>\n<p>L\u2019agitatore per vernici RAIDER RD-HM09 con potenza di 1600W \u00e8 ideale per la miscelazione di materiali da costruzione come vernici, colle per piastrelle e malte. \u00c8 dotato di velocit\u00e0 regolabile fino a 620 min-1 e dispone di due agitatori per l\u2019uso simultaneo di due accessori di miscelazione.<\/p>\n<p><strong>Caratteristiche Importanti:<\/strong><\/p>\n<p>Ergonomia: Dotato di attacco HEX13 per maggiore comfort durante l\u2019uso.<br \/>\nDue Agitatori: Offre la possibilit\u00e0 di utilizzare due accessori di miscelazione contemporaneamente per una miscelazione efficace dei materiali.<\/p>\n","protected":false},"excerpt":{"rendered":"<p>Mescolatore RAIDER RD-HM09 1600W con due mescolatori e 2 velocit\u00e0, velocit\u00e0 massima 620 min-1 e diametro 120 mm. Ideale per la miscelazione di vernici, malte e colle.<\/p>\n","protected":false},"featured_media":8019,"comment_status":"closed","ping_status":"open","template":"","meta":[],"product_brand":[],"product_cat":[],"product_tag":[15],"class_list":{"0":"post-5295275","1":"product","2":"type-product","3":"status-publish","4":"has-post-thumbnail","6":"product_tag-uncategorized","8":"first","9":"onbackorder","10":"purchasable","11":"product-type-simple"},"jetpack_sharing_enabled":true,"_links":{"self":[{"href":"https:\/\/gadgettravellers.eu\/it\/wp-json\/wp\/v2\/product\/5295275","targetHints":{"allow":["GET"]}}],"collection":[{"href":"https:\/\/gadgettravellers.eu\/it\/wp-json\/wp\/v2\/product"}],"about":[{"href":"https:\/\/gadgettravellers.eu\/it\/wp-json\/wp\/v2\/types\/product"}],"replies":[{"embeddable":true,"href":"https:\/\/gadgettravellers.eu\/it\/wp-json\/wp\/v2\/comments?post=5295275"}],"wp:featuredmedia":[{"embeddable":true,"href":"https:\/\/gadgettravellers.eu\/it\/wp-json\/wp\/v2\/media\/8019"}],"wp:attachment":[{"href":"https:\/\/gadgettravellers.eu\/it\/wp-json\/wp\/v2\/media?parent=5295275"}],"wp:term":[{"taxonomy":"product_brand","embeddable":true,"href":"https:\/\/gadgettravellers.eu\/it\/wp-json\/wp\/v2\/product_brand?post=5295275"},{"taxonomy":"product_cat","embeddable":true,"href":"https:\/\/gadgettravellers.eu\/it\/wp-json\/wp\/v2\/product_cat?post=5295275"},{"taxonomy":"product_tag","embeddable":true,"href":"https:\/\/gadgettravellers.eu\/it\/wp-json\/wp\/v2\/product_tag?post=5295275"}],"curies":[{"name":"wp","href":"https:\/\/api.w.org\/{rel}","templated":true}]}}