{"id":5295361,"date":"2026-01-19T10:54:34","date_gmt":"2026-01-19T08:54:34","guid":{"rendered":"https:\/\/gadgettravellers.eu\/shop\/top-master-canottiera-nera-xl-557803\/"},"modified":"2026-04-07T20:10:44","modified_gmt":"2026-04-07T18:10:44","slug":"top-master-canottiera-nera-xl-557803","status":"publish","type":"product","link":"https:\/\/gadgettravellers.eu\/it\/shop\/top-master-canottiera-nera-xl-557803\/","title":{"rendered":"TOP MASTER Canottiera nera XL 557803"},"content":{"rendered":"<p><strong>Caratteristiche Tecniche:<\/strong><\/p>\n<p>Taglia: XL<br \/>\nMateriale: 65% Poliestere \/ 35% Cotone  <\/p>\n<p><strong>Descrizione:<\/strong><\/p>\n<p>La salopette Top Master in taglia XL \u00e8 realizzata con materiale di alta qualit\u00e0, con il 65% di poliestere e il 35% di cotone per durabilit\u00e0 e comfort. La tonalit\u00e0 nera conferisce un aspetto professionale, mentre il design speciale con bretelle garantisce libert\u00e0 di movimento.<\/p>\n<p><strong>Caratteristiche Importanti:<\/strong><\/p>\n<p>Materiale Resistente per Lunga Durata<br \/>\nDesign Speciale con Bretelle per Libert\u00e0 di Movimento<br \/>\nAspetto Professionale con Tonalit\u00e0 Nera<br \/>\nAdatta per Varie Attivit\u00e0 e Usi<\/p>\n","protected":false},"excerpt":{"rendered":"<p>Tuta nera con spalline in taglia XL composta da 65% poliestere e 35% cotone. Resistente, con spalline regolabili per comfort e un aspetto professionale in vari lavori.<\/p>\n","protected":false},"featured_media":5234595,"comment_status":"closed","ping_status":"open","template":"","meta":[],"product_brand":[],"product_cat":[],"product_tag":[15],"class_list":{"0":"post-5295361","1":"product","2":"type-product","3":"status-publish","4":"has-post-thumbnail","6":"product_tag-uncategorized","8":"first","9":"onbackorder","10":"purchasable","11":"product-type-simple"},"jetpack_sharing_enabled":true,"_links":{"self":[{"href":"https:\/\/gadgettravellers.eu\/it\/wp-json\/wp\/v2\/product\/5295361","targetHints":{"allow":["GET"]}}],"collection":[{"href":"https:\/\/gadgettravellers.eu\/it\/wp-json\/wp\/v2\/product"}],"about":[{"href":"https:\/\/gadgettravellers.eu\/it\/wp-json\/wp\/v2\/types\/product"}],"replies":[{"embeddable":true,"href":"https:\/\/gadgettravellers.eu\/it\/wp-json\/wp\/v2\/comments?post=5295361"}],"wp:featuredmedia":[{"embeddable":true,"href":"https:\/\/gadgettravellers.eu\/it\/wp-json\/wp\/v2\/media\/5234595"}],"wp:attachment":[{"href":"https:\/\/gadgettravellers.eu\/it\/wp-json\/wp\/v2\/media?parent=5295361"}],"wp:term":[{"taxonomy":"product_brand","embeddable":true,"href":"https:\/\/gadgettravellers.eu\/it\/wp-json\/wp\/v2\/product_brand?post=5295361"},{"taxonomy":"product_cat","embeddable":true,"href":"https:\/\/gadgettravellers.eu\/it\/wp-json\/wp\/v2\/product_cat?post=5295361"},{"taxonomy":"product_tag","embeddable":true,"href":"https:\/\/gadgettravellers.eu\/it\/wp-json\/wp\/v2\/product_tag?post=5295361"}],"curies":[{"name":"wp","href":"https:\/\/api.w.org\/{rel}","templated":true}]}}