{"id":5295416,"date":"2026-01-19T10:55:12","date_gmt":"2026-01-19T08:55:12","guid":{"rendered":"https:\/\/gadgettravellers.eu\/shop\/cat-giacca-da-lavoro-nera-leggera-m-1040038\/"},"modified":"2026-04-07T20:11:10","modified_gmt":"2026-04-07T18:11:10","slug":"cat-giacca-da-lavoro-nera-leggera-m-1040038","status":"publish","type":"product","link":"https:\/\/gadgettravellers.eu\/it\/shop\/cat-giacca-da-lavoro-nera-leggera-m-1040038\/","title":{"rendered":"CAT Giacca da lavoro nera leggera M 1040038"},"content":{"rendered":"<p><strong>Caratteristiche Tecniche<\/strong><\/p>\n<p>Impermeabile: 5.000mm<br \/>\nAntivento: Traspirante 5.000gsm<br \/>\nCuciture nastrate<br \/>\nIsolamento riciclato<br \/>\nCerniera impermeabile frontale centrale<br \/>\nPatta antivento interna lungo la cerniera con protezione per il mento<br \/>\nTasca sinistra sul petto con cerniera impermeabile<br \/>\nCappuccio rimovibile e regolabile a 3 pezzi con cordino elastico<br \/>\nOrlo regolabile con cordino elastico<br \/>\nTasca interna sul petto con chiusura sicura in Velcro<br \/>\nDue tasche interne inferiori con apertura verso l\u2019interno<br \/>\nTaglie: S-3XL<\/p>\n<p><strong>Descrizione<\/strong><\/p>\n<p>La giacca CAT Lightweight \u00e8 il compagno ideale per le giornate fredde e umide. Realizzata con materiali di alta qualit\u00e0, offre eccellente durata e comfort. Con protezione impermeabile di 5.000mm e propriet\u00e0 antivento traspiranti di 5.000gsm, garantisce che rimaniate asciutti e comodi in qualsiasi condizione. L\u2019isolamento riciclato offre calore aggiuntivo senza gravare sull\u2019ambiente. <\/p>\n<p><strong>Caratteristiche Importanti<\/strong><\/p>\n<p>Protezione Impermeabile: Impermeabile 5.000mm che garantisce tenuta in condizioni di pioggia.<br \/>\nAntivento: Traspirante 5.000gsm per massimo comfort e protezione dal vento.<br \/>\nIsolamento Riciclato: Offre calore ed \u00e8 ecologico.<br \/>\nProtezione della Cerniera: Cerniera impermeabile frontale centrale con patta antivento interna e protezione per il mento per una protezione extra.<br \/>\nMolteplici Tasche: Tasca sinistra sul petto con cerniera impermeabile, tasca interna sul petto con chiusura sicura in Velcro e due tasche interne inferiori per lo stoccaggio.<br \/>\nCappuccio e Orlo Regolabili: Cappuccio rimovibile e regolabile a 3 pezzi e orlo regolabile con cordino elastico per una vestibilit\u00e0 personalizzata.<\/p>\n","protected":false},"excerpt":{"rendered":"<p>Giacca da lavoro leggera con protezione impermeabile 5.000mm, struttura traspirante 5.000gsm e isolamento riciclato. Cappuccio rimovibile, cerniera impermeabile e multiple tasche, taglie S\u20133XL.<\/p>\n","protected":false},"featured_media":10420,"comment_status":"closed","ping_status":"open","template":"","meta":[],"product_brand":[],"product_cat":[],"product_tag":[15],"class_list":{"0":"post-5295416","1":"product","2":"type-product","3":"status-publish","4":"has-post-thumbnail","6":"product_tag-uncategorized","8":"first","9":"onbackorder","10":"purchasable","11":"product-type-simple"},"jetpack_sharing_enabled":true,"_links":{"self":[{"href":"https:\/\/gadgettravellers.eu\/it\/wp-json\/wp\/v2\/product\/5295416","targetHints":{"allow":["GET"]}}],"collection":[{"href":"https:\/\/gadgettravellers.eu\/it\/wp-json\/wp\/v2\/product"}],"about":[{"href":"https:\/\/gadgettravellers.eu\/it\/wp-json\/wp\/v2\/types\/product"}],"replies":[{"embeddable":true,"href":"https:\/\/gadgettravellers.eu\/it\/wp-json\/wp\/v2\/comments?post=5295416"}],"wp:featuredmedia":[{"embeddable":true,"href":"https:\/\/gadgettravellers.eu\/it\/wp-json\/wp\/v2\/media\/10420"}],"wp:attachment":[{"href":"https:\/\/gadgettravellers.eu\/it\/wp-json\/wp\/v2\/media?parent=5295416"}],"wp:term":[{"taxonomy":"product_brand","embeddable":true,"href":"https:\/\/gadgettravellers.eu\/it\/wp-json\/wp\/v2\/product_brand?post=5295416"},{"taxonomy":"product_cat","embeddable":true,"href":"https:\/\/gadgettravellers.eu\/it\/wp-json\/wp\/v2\/product_cat?post=5295416"},{"taxonomy":"product_tag","embeddable":true,"href":"https:\/\/gadgettravellers.eu\/it\/wp-json\/wp\/v2\/product_tag?post=5295416"}],"curies":[{"name":"wp","href":"https:\/\/api.w.org\/{rel}","templated":true}]}}