{"id":5295430,"date":"2026-01-19T10:55:21","date_gmt":"2026-01-19T08:55:21","guid":{"rendered":"https:\/\/gadgettravellers.eu\/shop\/geyer-interruttore-dimmer-600w-nilson-24111052\/"},"modified":"2026-04-07T20:11:16","modified_gmt":"2026-04-07T18:11:16","slug":"geyer-interruttore-dimmer-600w-nilson-24111052","status":"publish","type":"product","link":"https:\/\/gadgettravellers.eu\/it\/shop\/geyer-interruttore-dimmer-600w-nilson-24111052\/","title":{"rendered":"GEYER INTERRUTTORE DIMMER 600W NILSON 24111052"},"content":{"rendered":"<p><strong>Caratteristiche Tecniche:<\/strong><\/p>\n<p>Tipo: Interruttore Dimmer<br \/>\nModello: 24111052<br \/>\nCategoria: Elettricit\u00e0, Interruttori<br \/>\nPotenza: 600W<br \/>\nTensione: 250V AC<\/p>\n<p><strong>Descrizione:<\/strong><\/p>\n<p>L&#8217;interruttore Dimmer 600W NILSON 24111052 di GEYER consente il controllo della luminosit\u00e0 nel tuo spazio con alta efficienza.<\/p>\n<p><strong>Caratteristiche Importanti:<\/strong><\/p>\n<p>Regolazione della Luminosit\u00e0: Possibilit\u00e0 di regolare la luminosit\u00e0 fino a 600W.<br \/>\nInstallazione Facile: Adatto per un&#8217;installazione e un uso semplici.<br \/>\nTensione: 250V AC<\/p>\n","protected":false},"excerpt":{"rendered":"<p>Interruttore dimmer 600W per la regolazione della luminosit\u00e0 in circuiti 250V AC. Facile installazione, ideale per ambienti domestici.<\/p>\n","protected":false},"featured_media":10615,"comment_status":"closed","ping_status":"open","template":"","meta":[],"product_brand":[],"product_cat":[],"product_tag":[15],"class_list":{"0":"post-5295430","1":"product","2":"type-product","3":"status-publish","4":"has-post-thumbnail","6":"product_tag-uncategorized","8":"first","9":"onbackorder","10":"purchasable","11":"product-type-simple"},"jetpack_sharing_enabled":true,"_links":{"self":[{"href":"https:\/\/gadgettravellers.eu\/it\/wp-json\/wp\/v2\/product\/5295430","targetHints":{"allow":["GET"]}}],"collection":[{"href":"https:\/\/gadgettravellers.eu\/it\/wp-json\/wp\/v2\/product"}],"about":[{"href":"https:\/\/gadgettravellers.eu\/it\/wp-json\/wp\/v2\/types\/product"}],"replies":[{"embeddable":true,"href":"https:\/\/gadgettravellers.eu\/it\/wp-json\/wp\/v2\/comments?post=5295430"}],"wp:featuredmedia":[{"embeddable":true,"href":"https:\/\/gadgettravellers.eu\/it\/wp-json\/wp\/v2\/media\/10615"}],"wp:attachment":[{"href":"https:\/\/gadgettravellers.eu\/it\/wp-json\/wp\/v2\/media?parent=5295430"}],"wp:term":[{"taxonomy":"product_brand","embeddable":true,"href":"https:\/\/gadgettravellers.eu\/it\/wp-json\/wp\/v2\/product_brand?post=5295430"},{"taxonomy":"product_cat","embeddable":true,"href":"https:\/\/gadgettravellers.eu\/it\/wp-json\/wp\/v2\/product_cat?post=5295430"},{"taxonomy":"product_tag","embeddable":true,"href":"https:\/\/gadgettravellers.eu\/it\/wp-json\/wp\/v2\/product_tag?post=5295430"}],"curies":[{"name":"wp","href":"https:\/\/api.w.org\/{rel}","templated":true}]}}