{"id":5295508,"date":"2026-01-19T10:56:00","date_gmt":"2026-01-19T08:56:00","guid":{"rendered":"https:\/\/gadgettravellers.eu\/shop\/tuta-da-lavoro-con-bretelle-greendale-antracite-lime-65poly-35cott-270-g-m%c2%b2-no-64-3xl\/"},"modified":"2026-04-11T20:07:37","modified_gmt":"2026-04-11T18:07:37","slug":"tuta-da-lavoro-con-bretelle-greendale-antracite-lime-65poly-35cott-270-g-m%c2%b2-no-64-3xl","status":"publish","type":"product","link":"https:\/\/gadgettravellers.eu\/it\/shop\/tuta-da-lavoro-con-bretelle-greendale-antracite-lime-65poly-35cott-270-g-m%c2%b2-no-64-3xl\/","title":{"rendered":"TUTA DA LAVORO CON BRETELLE GREENDALE ANTRACITE\/LIME 65%poly-35%cott, 270 g\/m\u00b2 No 64\/3XL"},"content":{"rendered":"<p><strong>Caratteristiche Tecniche:<\/strong><\/p>\n<p>Taglia: 64\/3XL<br \/>\nMateriale: 65% Poliestere \/ 35% Cotone<br \/>\nPeso del Tessuto: 270 g\/m\u00b2<br \/>\nRinforzo: Rinforzo in poliestere Oxford 600D nelle tasche per ginocchia<br \/>\nLunghezza Gamba Regolabile<\/p>\n<p><strong>Descrizione:<\/strong><\/p>\n<p>La tuta da lavoro Greendale in taglia 2XL combina funzionalit\u00e0 e comfort. Dotata di vernice, vita elastica e tasche multifunzionali, offre flessibilit\u00e0 durante le tue attivit\u00e0. Le tasche per ginocchia sono rinforzate con poliestere Oxford 600D per l&#8217;inserimento di ginocchiere protettive. La cucitura tripla resistente delle gambe e della seduta garantisce maggiore durata. Gli elementi riflettenti e la lunghezza gamba regolabile aggiungono sicurezza e comfort.<\/p>\n<p><strong>Caratteristiche Importanti:<\/strong><\/p>\n<p>Vernice Funzionale<br \/>\nVita Elastica per Comfort<br \/>\nTasche Multifunzionali<br \/>\nRinforzo nelle Tasche per Ginocchia con Oxford 600D<br \/>\nLunghezza Gamba Regolabile per Adattamento<\/p>\n","protected":false},"excerpt":{"rendered":"<p>Tuta da lavoro taglia 3XL, 65% poliestere\/35% cotone, 270 g\/m\u00b2, con rinforzo Oxford 600D nelle tasche delle ginocchia, vita elastica, lunghezza gamba regolabile e riflettenti per comfort e sicurezza.<\/p>\n","protected":false},"featured_media":2201,"comment_status":"closed","ping_status":"open","template":"","meta":[],"product_brand":[],"product_cat":[],"product_tag":[15],"class_list":{"0":"post-5295508","1":"product","2":"type-product","3":"status-publish","4":"has-post-thumbnail","6":"product_tag-uncategorized","8":"first","9":"onbackorder","10":"purchasable","11":"product-type-simple"},"jetpack_sharing_enabled":true,"_links":{"self":[{"href":"https:\/\/gadgettravellers.eu\/it\/wp-json\/wp\/v2\/product\/5295508","targetHints":{"allow":["GET"]}}],"collection":[{"href":"https:\/\/gadgettravellers.eu\/it\/wp-json\/wp\/v2\/product"}],"about":[{"href":"https:\/\/gadgettravellers.eu\/it\/wp-json\/wp\/v2\/types\/product"}],"replies":[{"embeddable":true,"href":"https:\/\/gadgettravellers.eu\/it\/wp-json\/wp\/v2\/comments?post=5295508"}],"wp:featuredmedia":[{"embeddable":true,"href":"https:\/\/gadgettravellers.eu\/it\/wp-json\/wp\/v2\/media\/2201"}],"wp:attachment":[{"href":"https:\/\/gadgettravellers.eu\/it\/wp-json\/wp\/v2\/media?parent=5295508"}],"wp:term":[{"taxonomy":"product_brand","embeddable":true,"href":"https:\/\/gadgettravellers.eu\/it\/wp-json\/wp\/v2\/product_brand?post=5295508"},{"taxonomy":"product_cat","embeddable":true,"href":"https:\/\/gadgettravellers.eu\/it\/wp-json\/wp\/v2\/product_cat?post=5295508"},{"taxonomy":"product_tag","embeddable":true,"href":"https:\/\/gadgettravellers.eu\/it\/wp-json\/wp\/v2\/product_tag?post=5295508"}],"curies":[{"name":"wp","href":"https:\/\/api.w.org\/{rel}","templated":true}]}}