{"id":5295546,"date":"2026-01-19T10:56:22","date_gmt":"2026-01-19T08:56:22","guid":{"rendered":"https:\/\/gadgettravellers.eu\/shop\/tracer-kit-di-marcatura-con-matita-per-fori-profondi-set-di-punte-di-ricambio-amk1-pro\/"},"modified":"2026-04-19T19:15:28","modified_gmt":"2026-04-19T17:15:28","slug":"tracer-kit-di-marcatura-con-matita-per-fori-profondi-set-di-punte-di-ricambio-amk1-pro","status":"publish","type":"product","link":"https:\/\/gadgettravellers.eu\/it\/shop\/tracer-kit-di-marcatura-con-matita-per-fori-profondi-set-di-punte-di-ricambio-amk1-pro\/","title":{"rendered":"TRACER Kit di marcatura con matita per fori profondi &#038; set di punte di ricambio AMK1-PRO"},"content":{"rendered":"<p><strong>Caratteristiche Tecniche<\/strong><\/p>\n<p>Matita: PRO per fori profondi<br \/>\nMarcatura: Fino a 145mm<br \/>\nMateriale: Alluminio<br \/>\nTemperamatite: Integrato<br \/>\nSistema Anti-Roll: S\u00ec<br \/>\nManiglia della custodia: S\u00ec<br \/>\nPunte: 6 punte di grafite 2B<br \/>\nSistema Anti-Snap: S\u00cc<\/p>\n<p><strong>Descrizione<\/strong><\/p>\n<p>Il Kit TRACER per Marcatura con matita per fori profondi PRO offre massima precisione e facilit\u00e0 nella marcatura di punti fino a 145mm di profondit\u00e0. La matita \u00e8 realizzata in resistente alluminio ed \u00e8 accompagnata da una custodia da cantiere che include un temperamatite integrato e una maniglia per un facile trasporto. Dispone inoltre della funzione Anti-Roll, che impedisce il rotolamento quando viene posata su superfici piane. Il set include 6 punte di grafite 2B di ricambio con distributore Anti-Snap, che protegge dalla rottura.<\/p>\n<p><strong>Caratteristiche Importanti<\/strong><\/p>\n<p>Marcatura di Fori Profondi: La matita PRO consente una marcatura precisa in fori profondi fino a 145mm.<br \/>\nCostruzione Resistente: Realizzata in alluminio per resistere all\u2019uso intenso.<br \/>\nDesign Ergonomico: Con temperamatite integrato e funzione Anti-Roll per una maggiore facilit\u00e0 d\u2019uso.<br \/>\nPunte di Ricambio: 6 punte di grafite 2B con distributore Anti-Snap, per una maggiore resistenza.<br \/>\nManiglia della Custodia: La custodia da cantiere con maniglia offre una pratica conservazione e un facile trasporto della matita e degli accessori.<\/p>\n","protected":false},"excerpt":{"rendered":"<p>Matita di marcatura PRO per fori profondi fino a 145mm, costruzione in alluminio con temperino integrato, Anti-Roll e set di 6 mine 2B con Anti-Snap. Accompagnata da custodia da cantiere con maniglia.<\/p>\n","protected":false},"featured_media":11609,"comment_status":"closed","ping_status":"open","template":"","meta":[],"product_brand":[],"product_cat":[],"product_tag":[15],"class_list":{"0":"post-5295546","1":"product","2":"type-product","3":"status-publish","4":"has-post-thumbnail","6":"product_tag-uncategorized","8":"first","9":"onbackorder","10":"purchasable","11":"product-type-simple"},"jetpack_sharing_enabled":true,"_links":{"self":[{"href":"https:\/\/gadgettravellers.eu\/it\/wp-json\/wp\/v2\/product\/5295546","targetHints":{"allow":["GET"]}}],"collection":[{"href":"https:\/\/gadgettravellers.eu\/it\/wp-json\/wp\/v2\/product"}],"about":[{"href":"https:\/\/gadgettravellers.eu\/it\/wp-json\/wp\/v2\/types\/product"}],"replies":[{"embeddable":true,"href":"https:\/\/gadgettravellers.eu\/it\/wp-json\/wp\/v2\/comments?post=5295546"}],"wp:featuredmedia":[{"embeddable":true,"href":"https:\/\/gadgettravellers.eu\/it\/wp-json\/wp\/v2\/media\/11609"}],"wp:attachment":[{"href":"https:\/\/gadgettravellers.eu\/it\/wp-json\/wp\/v2\/media?parent=5295546"}],"wp:term":[{"taxonomy":"product_brand","embeddable":true,"href":"https:\/\/gadgettravellers.eu\/it\/wp-json\/wp\/v2\/product_brand?post=5295546"},{"taxonomy":"product_cat","embeddable":true,"href":"https:\/\/gadgettravellers.eu\/it\/wp-json\/wp\/v2\/product_cat?post=5295546"},{"taxonomy":"product_tag","embeddable":true,"href":"https:\/\/gadgettravellers.eu\/it\/wp-json\/wp\/v2\/product_tag?post=5295546"}],"curies":[{"name":"wp","href":"https:\/\/api.w.org\/{rel}","templated":true}]}}