{"id":5295725,"date":"2026-01-19T10:58:07","date_gmt":"2026-01-19T08:58:07","guid":{"rendered":"https:\/\/gadgettravellers.eu\/shop\/top-master-pantaloni-l-557202\/"},"modified":"2026-04-07T20:13:35","modified_gmt":"2026-04-07T18:13:35","slug":"top-master-pantaloni-l-557202","status":"publish","type":"product","link":"https:\/\/gadgettravellers.eu\/it\/shop\/top-master-pantaloni-l-557202\/","title":{"rendered":"TOP MASTER Pantaloni L 557202"},"content":{"rendered":"<p><strong>Caratteristiche Tecniche:<\/strong><\/p>\n<p>Taglia: Large<br \/>\nComposizione Materiale: 65% Poliestere \/ 35% Cotone<br \/>\nRinforzo alle Ginocchia: S\u00ec<br \/>\nTasca per Smartphone: S\u00ec<br \/>\nCintura Regolabile: S\u00ec<br \/>\nPorta Attrezzi: S\u00ec  <\/p>\n<p><strong>Descrizione:<\/strong><\/p>\n<p>I pantaloni Top Master L 557202 combinano comfort e funzionalit\u00e0. Sono realizzati in tessuto resistente con rinforzo alle ginocchia per una maggiore durata e protezione. Dispongono di tasche pratiche, una appositamente progettata per smartphone, mentre la possibilit\u00e0 di regolare la cintura garantisce una vestibilit\u00e0 comoda. Il porta attrezzi aggiunge funzionalit\u00e0 a questi pantaloni.<\/p>\n<p><strong>Caratteristiche Importanti:<\/strong><\/p>\n<p>Tessuto Resistente<br \/>\nRinforzo alle Ginocchia<br \/>\nTasche Pratiche per Attrezzi<br \/>\nCintura Regolabile<br \/>\nTasca per Smartphone<\/p>\n","protected":false},"excerpt":{"rendered":"<p>Pantaloni da lavoro resistenti con rinforzo sulle ginocchia, tasca per smartphone, cintura regolabile e tasca porta attrezzi, ideale per lavori impegnativi.<\/p>\n","protected":false},"featured_media":5234599,"comment_status":"closed","ping_status":"open","template":"","meta":[],"product_brand":[],"product_cat":[],"product_tag":[15],"class_list":{"0":"post-5295725","1":"product","2":"type-product","3":"status-publish","4":"has-post-thumbnail","6":"product_tag-uncategorized","8":"first","9":"onbackorder","10":"purchasable","11":"product-type-simple"},"jetpack_sharing_enabled":true,"_links":{"self":[{"href":"https:\/\/gadgettravellers.eu\/it\/wp-json\/wp\/v2\/product\/5295725","targetHints":{"allow":["GET"]}}],"collection":[{"href":"https:\/\/gadgettravellers.eu\/it\/wp-json\/wp\/v2\/product"}],"about":[{"href":"https:\/\/gadgettravellers.eu\/it\/wp-json\/wp\/v2\/types\/product"}],"replies":[{"embeddable":true,"href":"https:\/\/gadgettravellers.eu\/it\/wp-json\/wp\/v2\/comments?post=5295725"}],"wp:featuredmedia":[{"embeddable":true,"href":"https:\/\/gadgettravellers.eu\/it\/wp-json\/wp\/v2\/media\/5234599"}],"wp:attachment":[{"href":"https:\/\/gadgettravellers.eu\/it\/wp-json\/wp\/v2\/media?parent=5295725"}],"wp:term":[{"taxonomy":"product_brand","embeddable":true,"href":"https:\/\/gadgettravellers.eu\/it\/wp-json\/wp\/v2\/product_brand?post=5295725"},{"taxonomy":"product_cat","embeddable":true,"href":"https:\/\/gadgettravellers.eu\/it\/wp-json\/wp\/v2\/product_cat?post=5295725"},{"taxonomy":"product_tag","embeddable":true,"href":"https:\/\/gadgettravellers.eu\/it\/wp-json\/wp\/v2\/product_tag?post=5295725"}],"curies":[{"name":"wp","href":"https:\/\/api.w.org\/{rel}","templated":true}]}}