{"id":5295778,"date":"2026-01-19T10:58:34","date_gmt":"2026-01-19T08:58:34","guid":{"rendered":"https:\/\/gadgettravellers.eu\/shop\/raider-sistema-di-aspirazione-sds-sds-max-o70mm-con-adattatore-138002\/"},"modified":"2026-04-07T20:13:59","modified_gmt":"2026-04-07T18:13:59","slug":"raider-sistema-di-aspirazione-sds-sds-max-o70mm-con-adattatore-138002","status":"publish","type":"product","link":"https:\/\/gadgettravellers.eu\/it\/shop\/raider-sistema-di-aspirazione-sds-sds-max-o70mm-con-adattatore-138002\/","title":{"rendered":"RAIDER Sistema di aspirazione &#8220;SDS +&#8221; &#038; &#8220;SDS Max&#8221; \u00d870mm con adattatore 138002"},"content":{"rendered":"<p><strong>Caratteristiche Tecniche<\/strong><\/p>\n<p>Materiale di Costruzione: Poliammide di alta qualit\u00e0 rinforzata con fibre di vetro<br \/>\nTipi Disponibili: SDS+ &#038; SDS Max<br \/>\nAdatto per Fori con Diametro fino a: 70mm<br \/>\nSistema di Fissaggio: Due Camere di Aspirazione<br \/>\nTipo di Connessione: Adatto per SDS + e SDS Max<br \/>\nMisura Adattatore di Aspirazione: da 26 a 59 mm<\/p>\n<p><strong>Descrizione<\/strong><\/p>\n<p>Il sistema di aspirazione Raider \u201cSDS +\u201d &#038; \u201cSDS MAX\u201d \u00d870MM con adattatore 138002 \u00e8 realizzato in poliammide di alta qualit\u00e0, rinforzata con fibre di vetro. Dispone di due camere di aspirazione, la prima per la punta che fora la superficie di lavoro e la seconda che crea un vuoto per trattenere il raccoglitore di polvere.<\/p>\n<p><strong>Caratteristiche Importanti<\/strong><\/p>\n<p>Aspirazione Efficace: Adatto per fori con diametro fino a 70mm, con due camere di aspirazione per una raccolta efficiente della polvere.<br \/>\nAccesso Facile: Dotato di una parte mobile per un facile accesso a punti difficili da raggiungere.<br \/>\nAdattatore Adattabile: Adatto a tutti i tipi di aspirapolvere elettrici con una speciale guarnizione elastica.<\/p>\n","protected":false},"excerpt":{"rendered":"<p>Sistema di aspirazione per fori fino a 70mm, compatibile con SDS+ e SDS Max. Poliammide rinforzata, due camere di aspirazione e adattatore 26-59mm per una raccolta efficiente della polvere.<\/p>\n","protected":false},"featured_media":8855,"comment_status":"closed","ping_status":"open","template":"","meta":[],"product_brand":[],"product_cat":[],"product_tag":[15],"class_list":{"0":"post-5295778","1":"product","2":"type-product","3":"status-publish","4":"has-post-thumbnail","6":"product_tag-uncategorized","8":"first","9":"onbackorder","10":"purchasable","11":"product-type-simple"},"jetpack_sharing_enabled":true,"_links":{"self":[{"href":"https:\/\/gadgettravellers.eu\/it\/wp-json\/wp\/v2\/product\/5295778","targetHints":{"allow":["GET"]}}],"collection":[{"href":"https:\/\/gadgettravellers.eu\/it\/wp-json\/wp\/v2\/product"}],"about":[{"href":"https:\/\/gadgettravellers.eu\/it\/wp-json\/wp\/v2\/types\/product"}],"replies":[{"embeddable":true,"href":"https:\/\/gadgettravellers.eu\/it\/wp-json\/wp\/v2\/comments?post=5295778"}],"wp:featuredmedia":[{"embeddable":true,"href":"https:\/\/gadgettravellers.eu\/it\/wp-json\/wp\/v2\/media\/8855"}],"wp:attachment":[{"href":"https:\/\/gadgettravellers.eu\/it\/wp-json\/wp\/v2\/media?parent=5295778"}],"wp:term":[{"taxonomy":"product_brand","embeddable":true,"href":"https:\/\/gadgettravellers.eu\/it\/wp-json\/wp\/v2\/product_brand?post=5295778"},{"taxonomy":"product_cat","embeddable":true,"href":"https:\/\/gadgettravellers.eu\/it\/wp-json\/wp\/v2\/product_cat?post=5295778"},{"taxonomy":"product_tag","embeddable":true,"href":"https:\/\/gadgettravellers.eu\/it\/wp-json\/wp\/v2\/product_tag?post=5295778"}],"curies":[{"name":"wp","href":"https:\/\/api.w.org\/{rel}","templated":true}]}}