{"id":5295789,"date":"2026-01-19T10:58:39","date_gmt":"2026-01-19T08:58:39","guid":{"rendered":"https:\/\/gadgettravellers.eu\/shop\/top-master-stivaletto-di-sicurezza-n-44-s3-src-0-metallo-553444\/"},"modified":"2026-04-07T20:14:04","modified_gmt":"2026-04-07T18:14:04","slug":"top-master-stivaletto-di-sicurezza-n-44-s3-src-0-metallo-553444","status":"publish","type":"product","link":"https:\/\/gadgettravellers.eu\/it\/shop\/top-master-stivaletto-di-sicurezza-n-44-s3-src-0-metallo-553444\/","title":{"rendered":"TOP MASTER Stivaletto di sicurezza N.44 S3 SRC 0% metallo 553444"},"content":{"rendered":"<p><strong>Caratteristiche Tecniche:<\/strong><\/p>\n<p>Tipo: TOP MASTER STIVALETTO DI SICUREZZA N.44 S3 SRC 0% METAL 553440<br \/>\nCategoria di Sicurezza: S3 SRC<br \/>\nParte Anteriore Chiusa<br \/>\nAntistatico<br \/>\nRivestimenti Ammortizzanti TPR su Dita e Parte Superiore del Piede<br \/>\nResistenza allo Scivolamento su Ceramica e Acciaio<br \/>\nImpermeabile<br \/>\nMateriale: Pelle Vera <\/p>\n<p><strong>Descrizione:<\/strong><\/p>\n<p>Lo stivaletto di sicurezza TOP MASTER 553440 appartiene alla categoria S3 SRC e presenta la parte anteriore chiusa per una protezione aggiuntiva. Il materiale \u00e8 pelle vera, offrendo durabilit\u00e0 e affidabilit\u00e0. \u00c8 antistatico e dispone di suola che assorbe energia nella zona del tallone. I rivestimenti ammortizzanti TPR su dita e parte superiore del piede sono progettati per evitare urti, mentre la costruzione impermeabile protegge dall\u2019umidit\u00e0. Inoltre, offre resistenza allo scivolamento su ceramica e acciaio.<\/p>\n<p><strong>Caratteristiche Importanti:<\/strong><\/p>\n<p>Tipo: Stivaletto di Sicurezza<br \/>\nCategoria di Sicurezza: S3 SRC<br \/>\nParte Anteriore Chiusa<br \/>\nAntistatico<br \/>\nRivestimenti Ammortizzanti TPR su Dita e Parte Superiore del Piede<br \/>\nResistenza allo Scivolamento su Ceramica e Acciaio<br \/>\nImpermeabile<br \/>\nMateriale: Pelle Vera<\/p>\n","protected":false},"excerpt":{"rendered":"<p>Stivaletto di sicurezza S3 SRC senza metallo, con pelle genuina, costruzione impermeabile, propriet\u00e0 antistatiche e rinforzi in TPR per la protezione delle dita. Ideale per lavori industriali impegnativi.<\/p>\n","protected":false},"featured_media":8868,"comment_status":"closed","ping_status":"open","template":"","meta":[],"product_brand":[],"product_cat":[],"product_tag":[15],"class_list":{"0":"post-5295789","1":"product","2":"type-product","3":"status-publish","4":"has-post-thumbnail","6":"product_tag-uncategorized","8":"first","9":"onbackorder","10":"purchasable","11":"product-type-simple"},"jetpack_sharing_enabled":true,"_links":{"self":[{"href":"https:\/\/gadgettravellers.eu\/it\/wp-json\/wp\/v2\/product\/5295789","targetHints":{"allow":["GET"]}}],"collection":[{"href":"https:\/\/gadgettravellers.eu\/it\/wp-json\/wp\/v2\/product"}],"about":[{"href":"https:\/\/gadgettravellers.eu\/it\/wp-json\/wp\/v2\/types\/product"}],"replies":[{"embeddable":true,"href":"https:\/\/gadgettravellers.eu\/it\/wp-json\/wp\/v2\/comments?post=5295789"}],"wp:featuredmedia":[{"embeddable":true,"href":"https:\/\/gadgettravellers.eu\/it\/wp-json\/wp\/v2\/media\/8868"}],"wp:attachment":[{"href":"https:\/\/gadgettravellers.eu\/it\/wp-json\/wp\/v2\/media?parent=5295789"}],"wp:term":[{"taxonomy":"product_brand","embeddable":true,"href":"https:\/\/gadgettravellers.eu\/it\/wp-json\/wp\/v2\/product_brand?post=5295789"},{"taxonomy":"product_cat","embeddable":true,"href":"https:\/\/gadgettravellers.eu\/it\/wp-json\/wp\/v2\/product_cat?post=5295789"},{"taxonomy":"product_tag","embeddable":true,"href":"https:\/\/gadgettravellers.eu\/it\/wp-json\/wp\/v2\/product_tag?post=5295789"}],"curies":[{"name":"wp","href":"https:\/\/api.w.org\/{rel}","templated":true}]}}