{"id":5295812,"date":"2026-01-19T10:58:52","date_gmt":"2026-01-19T08:58:52","guid":{"rendered":"https:\/\/gadgettravellers.eu\/shop\/raider-spazzole-in-plastica-set-attacco-1-4%c2%a8-o50h26-o100h26-o90h90-170113\/"},"modified":"2026-04-11T20:09:34","modified_gmt":"2026-04-11T18:09:34","slug":"raider-spazzole-in-plastica-set-attacco-1-4%c2%a8-o50h26-o100h26-o90h90-170113","status":"publish","type":"product","link":"https:\/\/gadgettravellers.eu\/it\/shop\/raider-spazzole-in-plastica-set-attacco-1-4%c2%a8-o50h26-o100h26-o90h90-170113\/","title":{"rendered":"RAIDER Spazzole in plastica set attacco 1\/4\u00a8 (\u00d850H26 \u00d8100H26 \u00d890H90) 170113"},"content":{"rendered":"<p><strong>Caratteristiche Tecniche:<\/strong><\/p>\n<p>Materiale: Plastica<br \/>\nSet Attacco: 1\/4\u00a8<br \/>\nDimensioni: \u00d850H26, \u00d8100H26, \u00d890H90  <\/p>\n<p><strong>Descrizione:<\/strong><\/p>\n<p>Le spazzole in plastica con attacco 1\/4\u00a8 della Raider sono adatte per un&#8217;ampia applicazione nella pulizia di varie superfici. Realizzate in plastica resistente, il set include spazzole di diverse dimensioni e forme per una pulizia efficace in punti difficili da raggiungere.<\/p>\n<p><strong>Caratteristiche Importanti:<\/strong><\/p>\n<p>Adatto per Varie Superfici: Ideale per ruote, lavandini, lavabi, rubinetti, tappeti, piastrelle, tappezzerie, giunti, ecc.<br \/>\nPulizia Facile in Punti Difficili da Raggiungere: Pulisce efficacemente in punti difficili da raggiungere.<br \/>\nVariet\u00e0 di Forme e Dimensioni: Il set include spazzole di diverse dimensioni e forme per varie applicazioni.<\/p>\n","protected":false},"excerpt":{"rendered":"<p>Set di spazzole in plastica con attacco 1\/4&#8243; per adattamento a trapano, include tre diverse dimensioni (\u00d850H26, \u00d8100H26, \u00d890H90) per la pulizia di ruote, piastrelle, lavandini e punti difficili da raggiungere.<\/p>\n","protected":false},"featured_media":9073,"comment_status":"closed","ping_status":"open","template":"","meta":[],"product_brand":[],"product_cat":[],"product_tag":[15],"class_list":{"0":"post-5295812","1":"product","2":"type-product","3":"status-publish","4":"has-post-thumbnail","6":"product_tag-uncategorized","8":"first","9":"onbackorder","10":"purchasable","11":"product-type-simple"},"jetpack_sharing_enabled":true,"_links":{"self":[{"href":"https:\/\/gadgettravellers.eu\/it\/wp-json\/wp\/v2\/product\/5295812","targetHints":{"allow":["GET"]}}],"collection":[{"href":"https:\/\/gadgettravellers.eu\/it\/wp-json\/wp\/v2\/product"}],"about":[{"href":"https:\/\/gadgettravellers.eu\/it\/wp-json\/wp\/v2\/types\/product"}],"replies":[{"embeddable":true,"href":"https:\/\/gadgettravellers.eu\/it\/wp-json\/wp\/v2\/comments?post=5295812"}],"wp:featuredmedia":[{"embeddable":true,"href":"https:\/\/gadgettravellers.eu\/it\/wp-json\/wp\/v2\/media\/9073"}],"wp:attachment":[{"href":"https:\/\/gadgettravellers.eu\/it\/wp-json\/wp\/v2\/media?parent=5295812"}],"wp:term":[{"taxonomy":"product_brand","embeddable":true,"href":"https:\/\/gadgettravellers.eu\/it\/wp-json\/wp\/v2\/product_brand?post=5295812"},{"taxonomy":"product_cat","embeddable":true,"href":"https:\/\/gadgettravellers.eu\/it\/wp-json\/wp\/v2\/product_cat?post=5295812"},{"taxonomy":"product_tag","embeddable":true,"href":"https:\/\/gadgettravellers.eu\/it\/wp-json\/wp\/v2\/product_tag?post=5295812"}],"curies":[{"name":"wp","href":"https:\/\/api.w.org\/{rel}","templated":true}]}}