{"id":5295869,"date":"2026-01-19T10:59:49","date_gmt":"2026-01-19T08:59:49","guid":{"rendered":"https:\/\/gadgettravellers.eu\/shop\/raider-levigatrice-per-pareti-in-cartongesso-rd-ds08-750w-049910\/"},"modified":"2026-04-15T20:29:45","modified_gmt":"2026-04-15T18:29:45","slug":"raider-levigatrice-per-pareti-in-cartongesso-rd-ds08-750w-049910","status":"publish","type":"product","link":"https:\/\/gadgettravellers.eu\/it\/shop\/raider-levigatrice-per-pareti-in-cartongesso-rd-ds08-750w-049910\/","title":{"rendered":"RAIDER Levigatrice per pareti in cartongesso RD-DS08 750W 049910"},"content":{"rendered":"<p><strong>Caratteristiche Tecniche<\/strong><\/p>\n<p>Potenza: 750W<br \/>\nDiametro Base: 225mm<br \/>\nVelocit\u00e0 Massima a Vuoto: 800 \u2013 1750min-1<br \/>\nLunghezza Utensile: 1750mm<br \/>\nRegolazione Velocit\u00e0<br \/>\nPossibilit\u00e0 di Collegamento all\u2019Aspirapolvere<br \/>\nFrequenza: 50Hz<br \/>\nPeso: 4,12kg<br \/>\nTipo di Alimentazione: Con cavo<br \/>\nTensione: 230V<\/p>\n<p><strong>Descrizione<\/strong><\/p>\n<p>La levigatrice per pareti in cartongesso Raider RD-DS08 750W 049910 \u00e8 uno strumento potente e affidabile progettato per soddisfare le esigenze di levigatura e finitura del cartongesso sulle pareti. Ha una potenza di 750W per affrontare i lavori pi\u00f9 impegnativi. Dispone di movimento rotatorio per una levigatura e finitura uniforme, velocit\u00e0 regolabile per consentire il controllo della velocit\u00e0 di levigatura in base al lavoro e un design ergonomico che permette un facile utilizzo dello strumento.<\/p>\n<p><strong>Caratteristiche Importanti<\/strong><\/p>\n<p>Movimento Rotatorio: Levigatura e finitura uniforme delle superfici.<br \/>\nVelocit\u00e0 Regolabile: Consente il controllo della velocit\u00e0 di levigatura.<br \/>\nDesign Ergonomico: Garantisce un facile utilizzo e comfort durante il lavoro.<\/p>\n","protected":false},"excerpt":{"rendered":"<p>Levigatrice per pareti in cartongesso 750W con base da 225mm, velocit\u00e0 regolabile 800\u20131750 rpm e possibilit\u00e0 di collegamento all&#8217;aspirapolvere. Ergonomica, con cavo 230V per uso continuo.<\/p>\n","protected":false},"featured_media":9341,"comment_status":"closed","ping_status":"open","template":"","meta":[],"product_brand":[],"product_cat":[],"product_tag":[15],"class_list":{"0":"post-5295869","1":"product","2":"type-product","3":"status-publish","4":"has-post-thumbnail","6":"product_tag-uncategorized","8":"first","9":"onbackorder","10":"purchasable","11":"product-type-simple"},"jetpack_sharing_enabled":true,"_links":{"self":[{"href":"https:\/\/gadgettravellers.eu\/it\/wp-json\/wp\/v2\/product\/5295869","targetHints":{"allow":["GET"]}}],"collection":[{"href":"https:\/\/gadgettravellers.eu\/it\/wp-json\/wp\/v2\/product"}],"about":[{"href":"https:\/\/gadgettravellers.eu\/it\/wp-json\/wp\/v2\/types\/product"}],"replies":[{"embeddable":true,"href":"https:\/\/gadgettravellers.eu\/it\/wp-json\/wp\/v2\/comments?post=5295869"}],"wp:featuredmedia":[{"embeddable":true,"href":"https:\/\/gadgettravellers.eu\/it\/wp-json\/wp\/v2\/media\/9341"}],"wp:attachment":[{"href":"https:\/\/gadgettravellers.eu\/it\/wp-json\/wp\/v2\/media?parent=5295869"}],"wp:term":[{"taxonomy":"product_brand","embeddable":true,"href":"https:\/\/gadgettravellers.eu\/it\/wp-json\/wp\/v2\/product_brand?post=5295869"},{"taxonomy":"product_cat","embeddable":true,"href":"https:\/\/gadgettravellers.eu\/it\/wp-json\/wp\/v2\/product_cat?post=5295869"},{"taxonomy":"product_tag","embeddable":true,"href":"https:\/\/gadgettravellers.eu\/it\/wp-json\/wp\/v2\/product_tag?post=5295869"}],"curies":[{"name":"wp","href":"https:\/\/api.w.org\/{rel}","templated":true}]}}