{"id":5295873,"date":"2026-01-19T10:59:51","date_gmt":"2026-01-19T08:59:51","guid":{"rendered":"https:\/\/gadgettravellers.eu\/shop\/top-master-avvitatore-ad-aria-1-2400nm-344106\/"},"modified":"2026-04-11T20:09:57","modified_gmt":"2026-04-11T18:09:57","slug":"top-master-avvitatore-ad-aria-1-2400nm-344106","status":"publish","type":"product","link":"https:\/\/gadgettravellers.eu\/it\/shop\/top-master-avvitatore-ad-aria-1-2400nm-344106\/","title":{"rendered":"TOP MASTER Avvitatore ad aria 1\u201d (2400Nm) 344106"},"content":{"rendered":"<p><strong>Caratteristiche Tecniche<\/strong><\/p>\n<p>Impugnatura Strumento: 1\u2033<br \/>\nVelocit\u00e0 Massima a Vuoto: 5000min-1<br \/>\nLivelli di Coppia: 6<br \/>\nCoppia Massima: 2400Nm<br \/>\nTipo di Alimentazione: Pneumatico<br \/>\nPressione di Esercizio: 6.3bar<br \/>\nConsumo d&#8217;Aria: 340l\/min<br \/>\nFunzioni: 2<br \/>\nPeso: 11,80kg<\/p>\n<p><strong>Descrizione<\/strong><\/p>\n<p>Il Top Master avvitatore pneumatico 1\u2033 \u00e8 uno strumento professionale ad alte prestazioni e durevole. Con una potenza di 2400Nm, \u00e8 ideale per lo smontaggio e il montaggio di grandi bulloni e macchinari. Lo strumento supporta 6 modalit\u00e0 di funzionamento. Progettato per resistere e fornire potenza, il Top Master Avvitatore Pneumatico 1\u2033 (2400Nm) 344106 \u00e8 lo strumento ideale per i professionisti del settore.<\/p>\n<p><strong>Caratteristiche Importanti<\/strong><\/p>\n<p>Alta Potenza: Coppia massima di 2400Nm per lavori impegnativi.<br \/>\nFunzionalit\u00e0 Aggiuntiva: Supporta 6 modalit\u00e0 di funzionamento per flessibilit\u00e0 d&#8217;uso.<br \/>\nCostruzione Robusta: Progettato per resistenza e affidabilit\u00e0 in ogni lavoro.<\/p>\n","protected":false},"excerpt":{"rendered":"<p>Chiave ad aria professionale potente 1in con coppia massima di 2400Nm, 6 regolazioni di coppia e velocit\u00e0 massima di 5000rpm. Strumento pneumatico per lavori pesanti in officina e industria.<\/p>\n","protected":false},"featured_media":9349,"comment_status":"closed","ping_status":"open","template":"","meta":[],"product_brand":[],"product_cat":[],"product_tag":[15],"class_list":{"0":"post-5295873","1":"product","2":"type-product","3":"status-publish","4":"has-post-thumbnail","6":"product_tag-uncategorized","8":"first","9":"onbackorder","10":"purchasable","11":"product-type-simple"},"jetpack_sharing_enabled":true,"_links":{"self":[{"href":"https:\/\/gadgettravellers.eu\/it\/wp-json\/wp\/v2\/product\/5295873","targetHints":{"allow":["GET"]}}],"collection":[{"href":"https:\/\/gadgettravellers.eu\/it\/wp-json\/wp\/v2\/product"}],"about":[{"href":"https:\/\/gadgettravellers.eu\/it\/wp-json\/wp\/v2\/types\/product"}],"replies":[{"embeddable":true,"href":"https:\/\/gadgettravellers.eu\/it\/wp-json\/wp\/v2\/comments?post=5295873"}],"wp:featuredmedia":[{"embeddable":true,"href":"https:\/\/gadgettravellers.eu\/it\/wp-json\/wp\/v2\/media\/9349"}],"wp:attachment":[{"href":"https:\/\/gadgettravellers.eu\/it\/wp-json\/wp\/v2\/media?parent=5295873"}],"wp:term":[{"taxonomy":"product_brand","embeddable":true,"href":"https:\/\/gadgettravellers.eu\/it\/wp-json\/wp\/v2\/product_brand?post=5295873"},{"taxonomy":"product_cat","embeddable":true,"href":"https:\/\/gadgettravellers.eu\/it\/wp-json\/wp\/v2\/product_cat?post=5295873"},{"taxonomy":"product_tag","embeddable":true,"href":"https:\/\/gadgettravellers.eu\/it\/wp-json\/wp\/v2\/product_tag?post=5295873"}],"curies":[{"name":"wp","href":"https:\/\/api.w.org\/{rel}","templated":true}]}}