{"id":5295888,"date":"2026-01-19T10:59:59","date_gmt":"2026-01-19T08:59:59","guid":{"rendered":"https:\/\/gadgettravellers.eu\/shop\/raider-smerigliatrice-angolare-115mm-800w-rd-ag70-020155\/"},"modified":"2026-04-21T19:01:06","modified_gmt":"2026-04-21T17:01:06","slug":"raider-smerigliatrice-angolare-115mm-800w-rd-ag70-020155","status":"publish","type":"product","link":"https:\/\/gadgettravellers.eu\/it\/shop\/raider-smerigliatrice-angolare-115mm-800w-rd-ag70-020155\/","title":{"rendered":"RAIDER Smerigliatrice angolare 115mm 800W RD-AG70 020155"},"content":{"rendered":"<p><strong>Caratteristiche Tecniche:<\/strong><\/p>\n<p>Potenza: 800W<br \/>\nDiametro del Disco: 115mm<br \/>\nDiametro Interno del Disco: 22,23mm<br \/>\nVelocit\u00e0 Massima a Vuoto: 0|11000 min-1<br \/>\nDado di Bloccaggio Rapido: Con chiave<br \/>\nPeso: 1,470kg<br \/>\nTensione: 230V<br \/>\nFilettatura M14<\/p>\n<p><strong>Descrizione:<\/strong><\/p>\n<p>La smerigliatrice angolare Raider 115mm 800W RD-AG70 020155 \u00e8 dotata di un motore di qualit\u00e0 con un&#8217;eccellente resistenza al calore. Il bloccaggio dell&#8217;albero rende pi\u00f9 facile la sostituzione del disco da lavoro. L&#8217;impugnatura ergonomica e la protezione di sicurezza del disco rendono l&#8217;uso ancora pi\u00f9 semplice. Il diametro del disco \u00e8 di 115mm, quello interno di 22,23mm e la velocit\u00e0 massima a vuoto \u00e8 0|11000 min-1. Dispone di filettatura M14 e dado quick-lock che consente una rapida fissazione con chiave.<\/p>\n<p><strong>Caratteristiche Importanti:<\/strong><\/p>\n<p>Prestazioni Potenti: Ha una potenza di 800w e un motore con alta resistenza al calore.<br \/>\nBloccaggio: \u00c8 possibile bloccare l&#8217;albero per una sostituzione pi\u00f9 facile del disco da lavoro<\/p>\n","protected":false},"excerpt":{"rendered":"<p>Smerigliatrice angolare 115mm 800W con filetto M14 e dado quick-lock per una rapida sostituzione del disco. Motore potente, bloccaggio dell&#8217;albero e impugnatura ergonomica per un uso sicuro e confortevole.<\/p>\n","protected":false},"featured_media":9538,"comment_status":"closed","ping_status":"open","template":"","meta":[],"product_brand":[],"product_cat":[],"product_tag":[15],"class_list":{"0":"post-5295888","1":"product","2":"type-product","3":"status-publish","4":"has-post-thumbnail","6":"product_tag-uncategorized","8":"first","9":"onbackorder","10":"purchasable","11":"product-type-simple"},"jetpack_sharing_enabled":true,"_links":{"self":[{"href":"https:\/\/gadgettravellers.eu\/it\/wp-json\/wp\/v2\/product\/5295888","targetHints":{"allow":["GET"]}}],"collection":[{"href":"https:\/\/gadgettravellers.eu\/it\/wp-json\/wp\/v2\/product"}],"about":[{"href":"https:\/\/gadgettravellers.eu\/it\/wp-json\/wp\/v2\/types\/product"}],"replies":[{"embeddable":true,"href":"https:\/\/gadgettravellers.eu\/it\/wp-json\/wp\/v2\/comments?post=5295888"}],"wp:featuredmedia":[{"embeddable":true,"href":"https:\/\/gadgettravellers.eu\/it\/wp-json\/wp\/v2\/media\/9538"}],"wp:attachment":[{"href":"https:\/\/gadgettravellers.eu\/it\/wp-json\/wp\/v2\/media?parent=5295888"}],"wp:term":[{"taxonomy":"product_brand","embeddable":true,"href":"https:\/\/gadgettravellers.eu\/it\/wp-json\/wp\/v2\/product_brand?post=5295888"},{"taxonomy":"product_cat","embeddable":true,"href":"https:\/\/gadgettravellers.eu\/it\/wp-json\/wp\/v2\/product_cat?post=5295888"},{"taxonomy":"product_tag","embeddable":true,"href":"https:\/\/gadgettravellers.eu\/it\/wp-json\/wp\/v2\/product_tag?post=5295888"}],"curies":[{"name":"wp","href":"https:\/\/api.w.org\/{rel}","templated":true}]}}